{"id":8690,"date":"2025-10-16T04:04:28","date_gmt":"2025-10-16T04:04:28","guid":{"rendered":"https:\/\/www.sdmoland.com\/?post_type=product&#038;p=8690"},"modified":"2025-12-30T03:03:59","modified_gmt":"2025-12-30T03:03:59","slug":"mobile-fume-extractor%ef%bc%9amlwf280fa-plus","status":"publish","type":"product","link":"https:\/\/www.sdmoland.com\/fr\/product\/mobile-fume-extractor%ef%bc%9amlwf280fa-plus\/","title":{"rendered":"MLWF280FA Plus"},"content":{"rendered":"","protected":false},"excerpt":{"rendered":"<p>L'aspirateur de fum\u00e9es de soudage mobile MLWF280FA plus est un produit \u00e9conomique et efficace pour le nettoyage et le d\u00e9poussi\u00e9rage. Il est \u00e9quip\u00e9 d'un syst\u00e8me de nettoyage automatique \u00e0 jet puls\u00e9 et d'un compresseur d'air int\u00e9gr\u00e9. Le filtre \u00e0 cartouche nano a une grande surface de filtration pour obtenir un meilleur effet de purification.<\/p>","protected":false},"featured_media":9583,"template":"","meta":{"inline_featured_image":false},"products":[2],"class_list":["post-8690","product","type-product","status-publish","has-post-thumbnail","hentry","products-mobile-fume-extractor"],"yoast_head":"<!-- This site is optimized with the Yoast SEO plugin v27.5 - https:\/\/yoast.com\/product\/yoast-seo-wordpress\/ -->\n<title>Mobile Fume Extractor\uff1aMLWF280FA Plus<\/title>\n<meta name=\"description\" content=\"MLWF280FA PLUS mobile fume extractor: 2800m\u00b3\/h air volume, 0.3\u03bcm 99.9% filtration, automatic pulse cleaning.\" \/>\n<meta name=\"robots\" content=\"index, follow, max-snippet:-1, max-image-preview:large, max-video-preview:-1\" \/>\n<link rel=\"canonical\" href=\"https:\/\/www.sdmoland.com\/fr\/product\/mobile-fume-extractor\uff1amlwf280fa-plus\/\" \/>\n<meta property=\"og:locale\" content=\"fr_FR\" \/>\n<meta property=\"og:type\" content=\"article\" \/>\n<meta property=\"og:title\" content=\"Mobile Fume Extractor\uff1aMLWF280FA Plus\" \/>\n<meta property=\"og:description\" content=\"MLWF280FA PLUS mobile fume extractor: 2800m\u00b3\/h air volume, 0.3\u03bcm 99.9% filtration, automatic pulse cleaning.\" \/>\n<meta property=\"og:url\" content=\"https:\/\/www.sdmoland.com\/fr\/product\/mobile-fume-extractor\uff1amlwf280fa-plus\/\" \/>\n<meta property=\"og:site_name\" content=\"Moland\" \/>\n<meta property=\"article:modified_time\" content=\"2025-12-30T03:03:59+00:00\" \/>\n<meta property=\"og:image\" content=\"https:\/\/www.sdmoland.com\/wp-content\/uploads\/2025\/12\/3-3.jpg\" \/>\n\t<meta property=\"og:image:width\" content=\"800\" \/>\n\t<meta property=\"og:image:height\" content=\"800\" \/>\n\t<meta property=\"og:image:type\" content=\"image\/jpeg\" \/>\n<meta name=\"twitter:card\" content=\"summary_large_image\" \/>\n<meta name=\"twitter:label1\" content=\"Dur\u00e9e de lecture estim\u00e9e\" \/>\n\t<meta name=\"twitter:data1\" content=\"1 minute\" \/>\n<script type=\"application\/ld+json\" class=\"yoast-schema-graph\">{\"@context\":\"https:\\\/\\\/schema.org\",\"@graph\":[{\"@type\":\"WebPage\",\"@id\":\"https:\\\/\\\/www.sdmoland.com\\\/product\\\/mobile-fume-extractor%ef%bc%9amlwf280fa-plus\\\/\",\"url\":\"https:\\\/\\\/www.sdmoland.com\\\/product\\\/mobile-fume-extractor%ef%bc%9amlwf280fa-plus\\\/\",\"name\":\"Mobile Fume Extractor\uff1aMLWF280FA Plus\",\"isPartOf\":{\"@id\":\"https:\\\/\\\/www.sdmoland.com\\\/#website\"},\"primaryImageOfPage\":{\"@id\":\"https:\\\/\\\/www.sdmoland.com\\\/product\\\/mobile-fume-extractor%ef%bc%9amlwf280fa-plus\\\/#primaryimage\"},\"image\":{\"@id\":\"https:\\\/\\\/www.sdmoland.com\\\/product\\\/mobile-fume-extractor%ef%bc%9amlwf280fa-plus\\\/#primaryimage\"},\"thumbnailUrl\":\"https:\\\/\\\/www.sdmoland.com\\\/wp-content\\\/uploads\\\/2025\\\/12\\\/3-3.jpg\",\"datePublished\":\"2025-10-16T04:04:28+00:00\",\"dateModified\":\"2025-12-30T03:03:59+00:00\",\"description\":\"MLWF280FA PLUS mobile fume extractor: 2800m\u00b3\\\/h air volume, 0.3\u03bcm 99.9% filtration, automatic pulse cleaning.\",\"breadcrumb\":{\"@id\":\"https:\\\/\\\/www.sdmoland.com\\\/product\\\/mobile-fume-extractor%ef%bc%9amlwf280fa-plus\\\/#breadcrumb\"},\"inLanguage\":\"fr-FR\",\"potentialAction\":[{\"@type\":\"ReadAction\",\"target\":[\"https:\\\/\\\/www.sdmoland.com\\\/product\\\/mobile-fume-extractor%ef%bc%9amlwf280fa-plus\\\/\"]}]},{\"@type\":\"ImageObject\",\"inLanguage\":\"fr-FR\",\"@id\":\"https:\\\/\\\/www.sdmoland.com\\\/product\\\/mobile-fume-extractor%ef%bc%9amlwf280fa-plus\\\/#primaryimage\",\"url\":\"https:\\\/\\\/www.sdmoland.com\\\/wp-content\\\/uploads\\\/2025\\\/12\\\/3-3.jpg\",\"contentUrl\":\"https:\\\/\\\/www.sdmoland.com\\\/wp-content\\\/uploads\\\/2025\\\/12\\\/3-3.jpg\",\"width\":800,\"height\":800},{\"@type\":\"BreadcrumbList\",\"@id\":\"https:\\\/\\\/www.sdmoland.com\\\/product\\\/mobile-fume-extractor%ef%bc%9amlwf280fa-plus\\\/#breadcrumb\",\"itemListElement\":[{\"@type\":\"ListItem\",\"position\":1,\"name\":\"Home\",\"item\":\"https:\\\/\\\/www.sdmoland.com\\\/\"},{\"@type\":\"ListItem\",\"position\":2,\"name\":\"Products\",\"item\":\"https:\\\/\\\/www.sdmoland.com\\\/product\\\/\"},{\"@type\":\"ListItem\",\"position\":3,\"name\":\"Mobile Fume Extractor\",\"item\":\"https:\\\/\\\/www.sdmoland.com\\\/products\\\/mobile-fume-extractor\\\/\"},{\"@type\":\"ListItem\",\"position\":4,\"name\":\"MLWF280FA Plus\"}]},{\"@type\":\"WebSite\",\"@id\":\"https:\\\/\\\/www.sdmoland.com\\\/#website\",\"url\":\"https:\\\/\\\/www.sdmoland.com\\\/\",\"name\":\"Moland\",\"description\":\"\",\"potentialAction\":[{\"@type\":\"SearchAction\",\"target\":{\"@type\":\"EntryPoint\",\"urlTemplate\":\"https:\\\/\\\/www.sdmoland.com\\\/?s={search_term_string}\"},\"query-input\":{\"@type\":\"PropertyValueSpecification\",\"valueRequired\":true,\"valueName\":\"search_term_string\"}}],\"inLanguage\":\"fr-FR\"}]}<\/script>\n<!-- \/ Yoast SEO plugin. -->","yoast_head_json":{"title":"Mobile Fume Extractor\uff1aMLWF280FA Plus","description":"MLWF280FA PLUS mobile fume extractor: 2800m\u00b3\/h air volume, 0.3\u03bcm 99.9% filtration, automatic pulse cleaning.","robots":{"index":"index","follow":"follow","max-snippet":"max-snippet:-1","max-image-preview":"max-image-preview:large","max-video-preview":"max-video-preview:-1"},"canonical":"https:\/\/www.sdmoland.com\/fr\/product\/mobile-fume-extractor\uff1amlwf280fa-plus\/","og_locale":"fr_FR","og_type":"article","og_title":"Mobile Fume Extractor\uff1aMLWF280FA Plus","og_description":"MLWF280FA PLUS mobile fume extractor: 2800m\u00b3\/h air volume, 0.3\u03bcm 99.9% filtration, automatic pulse cleaning.","og_url":"https:\/\/www.sdmoland.com\/fr\/product\/mobile-fume-extractor\uff1amlwf280fa-plus\/","og_site_name":"Moland","article_modified_time":"2025-12-30T03:03:59+00:00","og_image":[{"width":800,"height":800,"url":"https:\/\/www.sdmoland.com\/wp-content\/uploads\/2025\/12\/3-3.jpg","type":"image\/jpeg"}],"twitter_card":"summary_large_image","twitter_misc":{"Dur\u00e9e de lecture estim\u00e9e":"1 minute"},"schema":{"@context":"https:\/\/schema.org","@graph":[{"@type":"WebPage","@id":"https:\/\/www.sdmoland.com\/product\/mobile-fume-extractor%ef%bc%9amlwf280fa-plus\/","url":"https:\/\/www.sdmoland.com\/product\/mobile-fume-extractor%ef%bc%9amlwf280fa-plus\/","name":"Mobile Fume Extractor\uff1aMLWF280FA Plus","isPartOf":{"@id":"https:\/\/www.sdmoland.com\/#website"},"primaryImageOfPage":{"@id":"https:\/\/www.sdmoland.com\/product\/mobile-fume-extractor%ef%bc%9amlwf280fa-plus\/#primaryimage"},"image":{"@id":"https:\/\/www.sdmoland.com\/product\/mobile-fume-extractor%ef%bc%9amlwf280fa-plus\/#primaryimage"},"thumbnailUrl":"https:\/\/www.sdmoland.com\/wp-content\/uploads\/2025\/12\/3-3.jpg","datePublished":"2025-10-16T04:04:28+00:00","dateModified":"2025-12-30T03:03:59+00:00","description":"MLWF280FA PLUS mobile fume extractor: 2800m\u00b3\/h air volume, 0.3\u03bcm 99.9% filtration, automatic pulse cleaning.","breadcrumb":{"@id":"https:\/\/www.sdmoland.com\/product\/mobile-fume-extractor%ef%bc%9amlwf280fa-plus\/#breadcrumb"},"inLanguage":"fr-FR","potentialAction":[{"@type":"ReadAction","target":["https:\/\/www.sdmoland.com\/product\/mobile-fume-extractor%ef%bc%9amlwf280fa-plus\/"]}]},{"@type":"ImageObject","inLanguage":"fr-FR","@id":"https:\/\/www.sdmoland.com\/product\/mobile-fume-extractor%ef%bc%9amlwf280fa-plus\/#primaryimage","url":"https:\/\/www.sdmoland.com\/wp-content\/uploads\/2025\/12\/3-3.jpg","contentUrl":"https:\/\/www.sdmoland.com\/wp-content\/uploads\/2025\/12\/3-3.jpg","width":800,"height":800},{"@type":"BreadcrumbList","@id":"https:\/\/www.sdmoland.com\/product\/mobile-fume-extractor%ef%bc%9amlwf280fa-plus\/#breadcrumb","itemListElement":[{"@type":"ListItem","position":1,"name":"Home","item":"https:\/\/www.sdmoland.com\/"},{"@type":"ListItem","position":2,"name":"Products","item":"https:\/\/www.sdmoland.com\/product\/"},{"@type":"ListItem","position":3,"name":"Mobile Fume Extractor","item":"https:\/\/www.sdmoland.com\/products\/mobile-fume-extractor\/"},{"@type":"ListItem","position":4,"name":"MLWF280FA Plus"}]},{"@type":"WebSite","@id":"https:\/\/www.sdmoland.com\/#website","url":"https:\/\/www.sdmoland.com\/","name":"Moland","description":"","potentialAction":[{"@type":"SearchAction","target":{"@type":"EntryPoint","urlTemplate":"https:\/\/www.sdmoland.com\/?s={search_term_string}"},"query-input":{"@type":"PropertyValueSpecification","valueRequired":true,"valueName":"search_term_string"}}],"inLanguage":"fr-FR"}]}},"_links":{"self":[{"href":"https:\/\/www.sdmoland.com\/fr\/wp-json\/wp\/v2\/product\/8690","targetHints":{"allow":["GET"]}}],"collection":[{"href":"https:\/\/www.sdmoland.com\/fr\/wp-json\/wp\/v2\/product"}],"about":[{"href":"https:\/\/www.sdmoland.com\/fr\/wp-json\/wp\/v2\/types\/product"}],"wp:featuredmedia":[{"embeddable":true,"href":"https:\/\/www.sdmoland.com\/fr\/wp-json\/wp\/v2\/media\/9583"}],"wp:attachment":[{"href":"https:\/\/www.sdmoland.com\/fr\/wp-json\/wp\/v2\/media?parent=8690"}],"wp:term":[{"taxonomy":"products","embeddable":true,"href":"https:\/\/www.sdmoland.com\/fr\/wp-json\/wp\/v2\/products?post=8690"}],"curies":[{"name":"wp","href":"https:\/\/api.w.org\/{rel}","templated":true}]}}