{"id":783,"date":"2020-11-18T08:56:56","date_gmt":"2020-11-18T08:56:56","guid":{"rendered":"https:\/\/www.sdmoland.com\/?post_type=product&#038;p=783"},"modified":"2025-10-31T13:04:56","modified_gmt":"2025-10-31T13:04:56","slug":"mobile-fume-extractormlwf350ha","status":"publish","type":"product","link":"https:\/\/www.sdmoland.com\/fr\/product\/mobile-fume-extractormlwf350ha\/","title":{"rendered":"MLWF350HA"},"content":{"rendered":"","protected":false},"excerpt":{"rendered":"<p>L'aspirateur de fum\u00e9es mobile est \u00e9quip\u00e9 de deux roulettes directionnelles et de deux roulettes rotatives en polyur\u00e9thane avec freins pour faciliter la mobilit\u00e9 et la stabilit\u00e9. Il est con\u00e7u pour la purification des fum\u00e9es et des poussi\u00e8res provenant du soudage, du meulage et de divers proc\u00e9d\u00e9s, ainsi que pour la collecte de particules de m\u00e9taux rares et de mat\u00e9riaux pr\u00e9cieux.<\/p>","protected":false},"featured_media":1247,"template":"","meta":{"inline_featured_image":false},"products":[2],"class_list":["post-783","product","type-product","status-publish","has-post-thumbnail","hentry","products-mobile-fume-extractor"],"yoast_head":"<!-- This site is optimized with the Yoast SEO plugin v27.5 - https:\/\/yoast.com\/product\/yoast-seo-wordpress\/ -->\n<title>Mobile Fume Extractor:MLWF350HA<\/title>\n<meta name=\"description\" content=\"MLWF350HA Mobile Fume Extractor: 3kw (frequency conversion), 3000-3500m\u00b3\/h. 0.3\u03bcm. Auto pulse cleaning. For welding, cutting etc.\" \/>\n<meta name=\"robots\" content=\"index, follow, max-snippet:-1, max-image-preview:large, max-video-preview:-1\" \/>\n<link rel=\"canonical\" href=\"https:\/\/www.sdmoland.com\/fr\/product\/mobile-fume-extractormlwf350ha\/\" \/>\n<meta property=\"og:locale\" content=\"fr_FR\" \/>\n<meta property=\"og:type\" content=\"article\" \/>\n<meta property=\"og:title\" content=\"Mobile Fume Extractor:MLWF350HA\" \/>\n<meta property=\"og:description\" content=\"MLWF350HA Mobile Fume Extractor: 3kw (frequency conversion), 3000-3500m\u00b3\/h. 0.3\u03bcm. Auto pulse cleaning. For welding, cutting etc.\" \/>\n<meta property=\"og:url\" content=\"https:\/\/www.sdmoland.com\/fr\/product\/mobile-fume-extractormlwf350ha\/\" \/>\n<meta property=\"og:site_name\" content=\"Moland\" \/>\n<meta property=\"article:modified_time\" content=\"2025-10-31T13:04:56+00:00\" \/>\n<meta property=\"og:image\" content=\"https:\/\/www.sdmoland.com\/wp-content\/uploads\/2025\/01\/\u672a\u6807\u9898-3.png\" \/>\n\t<meta property=\"og:image:width\" content=\"800\" \/>\n\t<meta property=\"og:image:height\" content=\"800\" \/>\n\t<meta property=\"og:image:type\" content=\"image\/png\" \/>\n<meta name=\"twitter:card\" content=\"summary_large_image\" \/>\n<meta name=\"twitter:label1\" content=\"Dur\u00e9e de lecture estim\u00e9e\" \/>\n\t<meta name=\"twitter:data1\" content=\"1 minute\" \/>\n<script type=\"application\/ld+json\" class=\"yoast-schema-graph\">{\"@context\":\"https:\\\/\\\/schema.org\",\"@graph\":[{\"@type\":\"WebPage\",\"@id\":\"https:\\\/\\\/www.sdmoland.com\\\/product\\\/mobile-fume-extractormlwf350ha\\\/\",\"url\":\"https:\\\/\\\/www.sdmoland.com\\\/product\\\/mobile-fume-extractormlwf350ha\\\/\",\"name\":\"Mobile Fume Extractor:MLWF350HA\",\"isPartOf\":{\"@id\":\"https:\\\/\\\/www.sdmoland.com\\\/#website\"},\"primaryImageOfPage\":{\"@id\":\"https:\\\/\\\/www.sdmoland.com\\\/product\\\/mobile-fume-extractormlwf350ha\\\/#primaryimage\"},\"image\":{\"@id\":\"https:\\\/\\\/www.sdmoland.com\\\/product\\\/mobile-fume-extractormlwf350ha\\\/#primaryimage\"},\"thumbnailUrl\":\"https:\\\/\\\/www.sdmoland.com\\\/wp-content\\\/uploads\\\/2025\\\/01\\\/\u672a\u6807\u9898-3.png\",\"datePublished\":\"2020-11-18T08:56:56+00:00\",\"dateModified\":\"2025-10-31T13:04:56+00:00\",\"description\":\"MLWF350HA Mobile Fume Extractor: 3kw (frequency conversion), 3000-3500m\u00b3\\\/h. 0.3\u03bcm. Auto pulse cleaning. For welding, cutting etc.\",\"breadcrumb\":{\"@id\":\"https:\\\/\\\/www.sdmoland.com\\\/product\\\/mobile-fume-extractormlwf350ha\\\/#breadcrumb\"},\"inLanguage\":\"fr-FR\",\"potentialAction\":[{\"@type\":\"ReadAction\",\"target\":[\"https:\\\/\\\/www.sdmoland.com\\\/product\\\/mobile-fume-extractormlwf350ha\\\/\"]}]},{\"@type\":\"ImageObject\",\"inLanguage\":\"fr-FR\",\"@id\":\"https:\\\/\\\/www.sdmoland.com\\\/product\\\/mobile-fume-extractormlwf350ha\\\/#primaryimage\",\"url\":\"https:\\\/\\\/www.sdmoland.com\\\/wp-content\\\/uploads\\\/2025\\\/01\\\/\u672a\u6807\u9898-3.png\",\"contentUrl\":\"https:\\\/\\\/www.sdmoland.com\\\/wp-content\\\/uploads\\\/2025\\\/01\\\/\u672a\u6807\u9898-3.png\",\"width\":800,\"height\":800},{\"@type\":\"BreadcrumbList\",\"@id\":\"https:\\\/\\\/www.sdmoland.com\\\/product\\\/mobile-fume-extractormlwf350ha\\\/#breadcrumb\",\"itemListElement\":[{\"@type\":\"ListItem\",\"position\":1,\"name\":\"Home\",\"item\":\"https:\\\/\\\/www.sdmoland.com\\\/\"},{\"@type\":\"ListItem\",\"position\":2,\"name\":\"Products\",\"item\":\"https:\\\/\\\/www.sdmoland.com\\\/product\\\/\"},{\"@type\":\"ListItem\",\"position\":3,\"name\":\"Mobile Fume Extractor\",\"item\":\"https:\\\/\\\/www.sdmoland.com\\\/products\\\/mobile-fume-extractor\\\/\"},{\"@type\":\"ListItem\",\"position\":4,\"name\":\"MLWF350HA\"}]},{\"@type\":\"WebSite\",\"@id\":\"https:\\\/\\\/www.sdmoland.com\\\/#website\",\"url\":\"https:\\\/\\\/www.sdmoland.com\\\/\",\"name\":\"Moland\",\"description\":\"\",\"potentialAction\":[{\"@type\":\"SearchAction\",\"target\":{\"@type\":\"EntryPoint\",\"urlTemplate\":\"https:\\\/\\\/www.sdmoland.com\\\/?s={search_term_string}\"},\"query-input\":{\"@type\":\"PropertyValueSpecification\",\"valueRequired\":true,\"valueName\":\"search_term_string\"}}],\"inLanguage\":\"fr-FR\"}]}<\/script>\n<!-- \/ Yoast SEO plugin. -->","yoast_head_json":{"title":"Mobile Fume Extractor:MLWF350HA","description":"MLWF350HA Mobile Fume Extractor: 3kw (frequency conversion), 3000-3500m\u00b3\/h. 0.3\u03bcm. Auto pulse cleaning. For welding, cutting etc.","robots":{"index":"index","follow":"follow","max-snippet":"max-snippet:-1","max-image-preview":"max-image-preview:large","max-video-preview":"max-video-preview:-1"},"canonical":"https:\/\/www.sdmoland.com\/fr\/product\/mobile-fume-extractormlwf350ha\/","og_locale":"fr_FR","og_type":"article","og_title":"Mobile Fume Extractor:MLWF350HA","og_description":"MLWF350HA Mobile Fume Extractor: 3kw (frequency conversion), 3000-3500m\u00b3\/h. 0.3\u03bcm. Auto pulse cleaning. For welding, cutting etc.","og_url":"https:\/\/www.sdmoland.com\/fr\/product\/mobile-fume-extractormlwf350ha\/","og_site_name":"Moland","article_modified_time":"2025-10-31T13:04:56+00:00","og_image":[{"width":800,"height":800,"url":"https:\/\/www.sdmoland.com\/wp-content\/uploads\/2025\/01\/\u672a\u6807\u9898-3.png","type":"image\/png"}],"twitter_card":"summary_large_image","twitter_misc":{"Dur\u00e9e de lecture estim\u00e9e":"1 minute"},"schema":{"@context":"https:\/\/schema.org","@graph":[{"@type":"WebPage","@id":"https:\/\/www.sdmoland.com\/product\/mobile-fume-extractormlwf350ha\/","url":"https:\/\/www.sdmoland.com\/product\/mobile-fume-extractormlwf350ha\/","name":"Mobile Fume Extractor:MLWF350HA","isPartOf":{"@id":"https:\/\/www.sdmoland.com\/#website"},"primaryImageOfPage":{"@id":"https:\/\/www.sdmoland.com\/product\/mobile-fume-extractormlwf350ha\/#primaryimage"},"image":{"@id":"https:\/\/www.sdmoland.com\/product\/mobile-fume-extractormlwf350ha\/#primaryimage"},"thumbnailUrl":"https:\/\/www.sdmoland.com\/wp-content\/uploads\/2025\/01\/\u672a\u6807\u9898-3.png","datePublished":"2020-11-18T08:56:56+00:00","dateModified":"2025-10-31T13:04:56+00:00","description":"MLWF350HA Mobile Fume Extractor: 3kw (frequency conversion), 3000-3500m\u00b3\/h. 0.3\u03bcm. Auto pulse cleaning. For welding, cutting etc.","breadcrumb":{"@id":"https:\/\/www.sdmoland.com\/product\/mobile-fume-extractormlwf350ha\/#breadcrumb"},"inLanguage":"fr-FR","potentialAction":[{"@type":"ReadAction","target":["https:\/\/www.sdmoland.com\/product\/mobile-fume-extractormlwf350ha\/"]}]},{"@type":"ImageObject","inLanguage":"fr-FR","@id":"https:\/\/www.sdmoland.com\/product\/mobile-fume-extractormlwf350ha\/#primaryimage","url":"https:\/\/www.sdmoland.com\/wp-content\/uploads\/2025\/01\/\u672a\u6807\u9898-3.png","contentUrl":"https:\/\/www.sdmoland.com\/wp-content\/uploads\/2025\/01\/\u672a\u6807\u9898-3.png","width":800,"height":800},{"@type":"BreadcrumbList","@id":"https:\/\/www.sdmoland.com\/product\/mobile-fume-extractormlwf350ha\/#breadcrumb","itemListElement":[{"@type":"ListItem","position":1,"name":"Home","item":"https:\/\/www.sdmoland.com\/"},{"@type":"ListItem","position":2,"name":"Products","item":"https:\/\/www.sdmoland.com\/product\/"},{"@type":"ListItem","position":3,"name":"Mobile Fume Extractor","item":"https:\/\/www.sdmoland.com\/products\/mobile-fume-extractor\/"},{"@type":"ListItem","position":4,"name":"MLWF350HA"}]},{"@type":"WebSite","@id":"https:\/\/www.sdmoland.com\/#website","url":"https:\/\/www.sdmoland.com\/","name":"Moland","description":"","potentialAction":[{"@type":"SearchAction","target":{"@type":"EntryPoint","urlTemplate":"https:\/\/www.sdmoland.com\/?s={search_term_string}"},"query-input":{"@type":"PropertyValueSpecification","valueRequired":true,"valueName":"search_term_string"}}],"inLanguage":"fr-FR"}]}},"_links":{"self":[{"href":"https:\/\/www.sdmoland.com\/fr\/wp-json\/wp\/v2\/product\/783","targetHints":{"allow":["GET"]}}],"collection":[{"href":"https:\/\/www.sdmoland.com\/fr\/wp-json\/wp\/v2\/product"}],"about":[{"href":"https:\/\/www.sdmoland.com\/fr\/wp-json\/wp\/v2\/types\/product"}],"wp:featuredmedia":[{"embeddable":true,"href":"https:\/\/www.sdmoland.com\/fr\/wp-json\/wp\/v2\/media\/1247"}],"wp:attachment":[{"href":"https:\/\/www.sdmoland.com\/fr\/wp-json\/wp\/v2\/media?parent=783"}],"wp:term":[{"taxonomy":"products","embeddable":true,"href":"https:\/\/www.sdmoland.com\/fr\/wp-json\/wp\/v2\/products?post=783"}],"curies":[{"name":"wp","href":"https:\/\/api.w.org\/{rel}","templated":true}]}}