{"id":733,"date":"2024-12-30T07:41:26","date_gmt":"2024-12-30T07:41:26","guid":{"rendered":"https:\/\/www.sdmoland.com\/?post_type=product&#038;p=733"},"modified":"2025-10-31T12:40:15","modified_gmt":"2025-10-31T12:40:15","slug":"dust-collector-mlwf2000","status":"publish","type":"product","link":"https:\/\/www.sdmoland.com\/fr\/product\/dust-collector-mlwf2000\/","title":{"rendered":"MLWF2000"},"content":{"rendered":"","protected":false},"excerpt":{"rendered":"<p>Les d\u00e9poussi\u00e9reurs \u00e0 cartouche filtrante de la s\u00e9rie MLWF sont \u00e9quip\u00e9s d'un syst\u00e8me de nettoyage de filtre \u00e0 impulsion \u00e0 jet invers\u00e9 et de filtres \u00e0 haute efficacit\u00e9, qui peuvent fournir des performances et une dur\u00e9e de vie de filtre optimales, permettant \u00e0 vos travailleurs de b\u00e9n\u00e9ficier d'un environnement de travail sain. Le syst\u00e8me de contr\u00f4le intelligent d\u00e9velopp\u00e9 ind\u00e9pendamment par Moland peut afficher l'\u00e9tat de fonctionnement de l'\u00e9quipement en temps r\u00e9el, l'avertissement de maintenance et l'alarme de d\u00e9faut, afin de prot\u00e9ger votre production en toute s\u00e9curit\u00e9.<\/p>","protected":false},"featured_media":736,"template":"","meta":{"inline_featured_image":false},"products":[3,25,4,5],"class_list":["post-733","product","type-product","status-publish","has-post-thumbnail","hentry","products-stationary-dust-collector","products-1000050000cfm","products-central-dust-collection-system","products-cnc-cutting-fume-extraction-system"],"yoast_head":"<!-- This site is optimized with the Yoast SEO plugin v27.5 - https:\/\/yoast.com\/product\/yoast-seo-wordpress\/ -->\n<title>Dust Collector :MLWF2000<\/title>\n<meta name=\"description\" content=\"MLWF2000 Dust Collector: 22kw, 20000-22000m\u00b3\/h. Flame-retardant PTFE filter, 0.3\u03bcm. Auto pulse cleaning. For welding, laser cutting etc.\" \/>\n<meta name=\"robots\" content=\"index, follow, max-snippet:-1, max-image-preview:large, max-video-preview:-1\" \/>\n<link rel=\"canonical\" href=\"https:\/\/www.sdmoland.com\/fr\/product\/dust-collector-mlwf2000\/\" \/>\n<meta property=\"og:locale\" content=\"fr_FR\" \/>\n<meta property=\"og:type\" content=\"article\" \/>\n<meta property=\"og:title\" content=\"Dust Collector :MLWF2000\" \/>\n<meta property=\"og:description\" content=\"MLWF2000 Dust Collector: 22kw, 20000-22000m\u00b3\/h. Flame-retardant PTFE filter, 0.3\u03bcm. Auto pulse cleaning. For welding, laser cutting etc.\" \/>\n<meta property=\"og:url\" content=\"https:\/\/www.sdmoland.com\/fr\/product\/dust-collector-mlwf2000\/\" \/>\n<meta property=\"og:site_name\" content=\"Moland\" \/>\n<meta property=\"article:modified_time\" content=\"2025-10-31T12:40:15+00:00\" \/>\n<meta property=\"og:image\" content=\"https:\/\/www.sdmoland.com\/wp-content\/uploads\/2024\/12\/\u672a\u6807\u9898-1-2.png\" \/>\n\t<meta property=\"og:image:width\" content=\"800\" \/>\n\t<meta property=\"og:image:height\" content=\"800\" \/>\n\t<meta property=\"og:image:type\" content=\"image\/png\" \/>\n<meta name=\"twitter:card\" content=\"summary_large_image\" \/>\n<meta name=\"twitter:label1\" content=\"Dur\u00e9e de lecture estim\u00e9e\" \/>\n\t<meta name=\"twitter:data1\" content=\"1 minute\" \/>\n<script type=\"application\/ld+json\" class=\"yoast-schema-graph\">{\"@context\":\"https:\\\/\\\/schema.org\",\"@graph\":[{\"@type\":\"WebPage\",\"@id\":\"https:\\\/\\\/www.sdmoland.com\\\/product\\\/dust-collector-mlwf2000\\\/\",\"url\":\"https:\\\/\\\/www.sdmoland.com\\\/product\\\/dust-collector-mlwf2000\\\/\",\"name\":\"Dust Collector :MLWF2000\",\"isPartOf\":{\"@id\":\"https:\\\/\\\/www.sdmoland.com\\\/#website\"},\"primaryImageOfPage\":{\"@id\":\"https:\\\/\\\/www.sdmoland.com\\\/product\\\/dust-collector-mlwf2000\\\/#primaryimage\"},\"image\":{\"@id\":\"https:\\\/\\\/www.sdmoland.com\\\/product\\\/dust-collector-mlwf2000\\\/#primaryimage\"},\"thumbnailUrl\":\"https:\\\/\\\/www.sdmoland.com\\\/wp-content\\\/uploads\\\/2024\\\/12\\\/\u672a\u6807\u9898-1-2.png\",\"datePublished\":\"2024-12-30T07:41:26+00:00\",\"dateModified\":\"2025-10-31T12:40:15+00:00\",\"description\":\"MLWF2000 Dust Collector: 22kw, 20000-22000m\u00b3\\\/h. Flame-retardant PTFE filter, 0.3\u03bcm. Auto pulse cleaning. For welding, laser cutting etc.\",\"breadcrumb\":{\"@id\":\"https:\\\/\\\/www.sdmoland.com\\\/product\\\/dust-collector-mlwf2000\\\/#breadcrumb\"},\"inLanguage\":\"fr-FR\",\"potentialAction\":[{\"@type\":\"ReadAction\",\"target\":[\"https:\\\/\\\/www.sdmoland.com\\\/product\\\/dust-collector-mlwf2000\\\/\"]}]},{\"@type\":\"ImageObject\",\"inLanguage\":\"fr-FR\",\"@id\":\"https:\\\/\\\/www.sdmoland.com\\\/product\\\/dust-collector-mlwf2000\\\/#primaryimage\",\"url\":\"https:\\\/\\\/www.sdmoland.com\\\/wp-content\\\/uploads\\\/2024\\\/12\\\/\u672a\u6807\u9898-1-2.png\",\"contentUrl\":\"https:\\\/\\\/www.sdmoland.com\\\/wp-content\\\/uploads\\\/2024\\\/12\\\/\u672a\u6807\u9898-1-2.png\",\"width\":800,\"height\":800},{\"@type\":\"BreadcrumbList\",\"@id\":\"https:\\\/\\\/www.sdmoland.com\\\/product\\\/dust-collector-mlwf2000\\\/#breadcrumb\",\"itemListElement\":[{\"@type\":\"ListItem\",\"position\":1,\"name\":\"Home\",\"item\":\"https:\\\/\\\/www.sdmoland.com\\\/\"},{\"@type\":\"ListItem\",\"position\":2,\"name\":\"Products\",\"item\":\"https:\\\/\\\/www.sdmoland.com\\\/product\\\/\"},{\"@type\":\"ListItem\",\"position\":3,\"name\":\"Stationary Dust Collector\",\"item\":\"https:\\\/\\\/www.sdmoland.com\\\/products\\\/stationary-dust-collector\\\/\"},{\"@type\":\"ListItem\",\"position\":4,\"name\":\"MLWF2000\"}]},{\"@type\":\"WebSite\",\"@id\":\"https:\\\/\\\/www.sdmoland.com\\\/#website\",\"url\":\"https:\\\/\\\/www.sdmoland.com\\\/\",\"name\":\"Moland\",\"description\":\"\",\"potentialAction\":[{\"@type\":\"SearchAction\",\"target\":{\"@type\":\"EntryPoint\",\"urlTemplate\":\"https:\\\/\\\/www.sdmoland.com\\\/?s={search_term_string}\"},\"query-input\":{\"@type\":\"PropertyValueSpecification\",\"valueRequired\":true,\"valueName\":\"search_term_string\"}}],\"inLanguage\":\"fr-FR\"}]}<\/script>\n<!-- \/ Yoast SEO plugin. -->","yoast_head_json":{"title":"Dust Collector :MLWF2000","description":"MLWF2000 Dust Collector: 22kw, 20000-22000m\u00b3\/h. Flame-retardant PTFE filter, 0.3\u03bcm. Auto pulse cleaning. For welding, laser cutting etc.","robots":{"index":"index","follow":"follow","max-snippet":"max-snippet:-1","max-image-preview":"max-image-preview:large","max-video-preview":"max-video-preview:-1"},"canonical":"https:\/\/www.sdmoland.com\/fr\/product\/dust-collector-mlwf2000\/","og_locale":"fr_FR","og_type":"article","og_title":"Dust Collector :MLWF2000","og_description":"MLWF2000 Dust Collector: 22kw, 20000-22000m\u00b3\/h. Flame-retardant PTFE filter, 0.3\u03bcm. Auto pulse cleaning. For welding, laser cutting etc.","og_url":"https:\/\/www.sdmoland.com\/fr\/product\/dust-collector-mlwf2000\/","og_site_name":"Moland","article_modified_time":"2025-10-31T12:40:15+00:00","og_image":[{"width":800,"height":800,"url":"https:\/\/www.sdmoland.com\/wp-content\/uploads\/2024\/12\/\u672a\u6807\u9898-1-2.png","type":"image\/png"}],"twitter_card":"summary_large_image","twitter_misc":{"Dur\u00e9e de lecture estim\u00e9e":"1 minute"},"schema":{"@context":"https:\/\/schema.org","@graph":[{"@type":"WebPage","@id":"https:\/\/www.sdmoland.com\/product\/dust-collector-mlwf2000\/","url":"https:\/\/www.sdmoland.com\/product\/dust-collector-mlwf2000\/","name":"Dust Collector :MLWF2000","isPartOf":{"@id":"https:\/\/www.sdmoland.com\/#website"},"primaryImageOfPage":{"@id":"https:\/\/www.sdmoland.com\/product\/dust-collector-mlwf2000\/#primaryimage"},"image":{"@id":"https:\/\/www.sdmoland.com\/product\/dust-collector-mlwf2000\/#primaryimage"},"thumbnailUrl":"https:\/\/www.sdmoland.com\/wp-content\/uploads\/2024\/12\/\u672a\u6807\u9898-1-2.png","datePublished":"2024-12-30T07:41:26+00:00","dateModified":"2025-10-31T12:40:15+00:00","description":"MLWF2000 Dust Collector: 22kw, 20000-22000m\u00b3\/h. Flame-retardant PTFE filter, 0.3\u03bcm. Auto pulse cleaning. For welding, laser cutting etc.","breadcrumb":{"@id":"https:\/\/www.sdmoland.com\/product\/dust-collector-mlwf2000\/#breadcrumb"},"inLanguage":"fr-FR","potentialAction":[{"@type":"ReadAction","target":["https:\/\/www.sdmoland.com\/product\/dust-collector-mlwf2000\/"]}]},{"@type":"ImageObject","inLanguage":"fr-FR","@id":"https:\/\/www.sdmoland.com\/product\/dust-collector-mlwf2000\/#primaryimage","url":"https:\/\/www.sdmoland.com\/wp-content\/uploads\/2024\/12\/\u672a\u6807\u9898-1-2.png","contentUrl":"https:\/\/www.sdmoland.com\/wp-content\/uploads\/2024\/12\/\u672a\u6807\u9898-1-2.png","width":800,"height":800},{"@type":"BreadcrumbList","@id":"https:\/\/www.sdmoland.com\/product\/dust-collector-mlwf2000\/#breadcrumb","itemListElement":[{"@type":"ListItem","position":1,"name":"Home","item":"https:\/\/www.sdmoland.com\/"},{"@type":"ListItem","position":2,"name":"Products","item":"https:\/\/www.sdmoland.com\/product\/"},{"@type":"ListItem","position":3,"name":"Stationary Dust Collector","item":"https:\/\/www.sdmoland.com\/products\/stationary-dust-collector\/"},{"@type":"ListItem","position":4,"name":"MLWF2000"}]},{"@type":"WebSite","@id":"https:\/\/www.sdmoland.com\/#website","url":"https:\/\/www.sdmoland.com\/","name":"Moland","description":"","potentialAction":[{"@type":"SearchAction","target":{"@type":"EntryPoint","urlTemplate":"https:\/\/www.sdmoland.com\/?s={search_term_string}"},"query-input":{"@type":"PropertyValueSpecification","valueRequired":true,"valueName":"search_term_string"}}],"inLanguage":"fr-FR"}]}},"_links":{"self":[{"href":"https:\/\/www.sdmoland.com\/fr\/wp-json\/wp\/v2\/product\/733","targetHints":{"allow":["GET"]}}],"collection":[{"href":"https:\/\/www.sdmoland.com\/fr\/wp-json\/wp\/v2\/product"}],"about":[{"href":"https:\/\/www.sdmoland.com\/fr\/wp-json\/wp\/v2\/types\/product"}],"wp:featuredmedia":[{"embeddable":true,"href":"https:\/\/www.sdmoland.com\/fr\/wp-json\/wp\/v2\/media\/736"}],"wp:attachment":[{"href":"https:\/\/www.sdmoland.com\/fr\/wp-json\/wp\/v2\/media?parent=733"}],"wp:term":[{"taxonomy":"products","embeddable":true,"href":"https:\/\/www.sdmoland.com\/fr\/wp-json\/wp\/v2\/products?post=733"}],"curies":[{"name":"wp","href":"https:\/\/api.w.org\/{rel}","templated":true}]}}