{"id":348,"date":"2024-09-29T05:14:56","date_gmt":"2024-09-29T05:14:56","guid":{"rendered":"https:\/\/www.sdmoland.com\/?post_type=product&#038;p=348"},"modified":"2025-10-31T12:52:07","modified_gmt":"2025-10-31T12:52:07","slug":"stationary-dust-collector-%ef%bc%9amlwf7500h","status":"publish","type":"product","link":"https:\/\/www.sdmoland.com\/fr\/product\/stationary-dust-collector-%ef%bc%9amlwf7500h\/","title":{"rendered":"MLWF7500H"},"content":{"rendered":"","protected":false},"excerpt":{"rendered":"<p>Sur la base des propri\u00e9t\u00e9s \u00e0 haute temp\u00e9rature du soudage de surface, les composants du syst\u00e8me comprennent un pipeline, un ventilateur puissant, un dispositif de d\u00e9poussi\u00e9rage, un dispositif d'\u00e9l\u00e9ment filtrant et un dispositif de contr\u00f4le. <\/p>","protected":false},"featured_media":349,"template":"","meta":{"inline_featured_image":false},"products":[3,4],"class_list":["post-348","product","type-product","status-publish","has-post-thumbnail","hentry","products-stationary-dust-collector","products-central-dust-collection-system"],"yoast_head":"<!-- This site is optimized with the Yoast SEO plugin v27.5 - https:\/\/yoast.com\/product\/yoast-seo-wordpress\/ -->\n<title>Stationary Dust Collector \uff1aMLWF7500H<\/title>\n<meta name=\"description\" content=\"MLWF7500H Stationary Dust Collector: 75kw, 23000m\u00b3\/h. 0.3\u03bcm. Multistage filtering. Spark Arrestor. For surfacing welding dust control\" \/>\n<meta name=\"robots\" content=\"index, follow, max-snippet:-1, max-image-preview:large, max-video-preview:-1\" \/>\n<link rel=\"canonical\" href=\"https:\/\/www.sdmoland.com\/fr\/product\/stationary-dust-collector-\uff1amlwf7500h\/\" \/>\n<meta property=\"og:locale\" content=\"fr_FR\" \/>\n<meta property=\"og:type\" content=\"article\" \/>\n<meta property=\"og:title\" content=\"Stationary Dust Collector \uff1aMLWF7500H\" \/>\n<meta property=\"og:description\" content=\"MLWF7500H Stationary Dust Collector: 75kw, 23000m\u00b3\/h. 0.3\u03bcm. Multistage filtering. Spark Arrestor. For surfacing welding dust control\" \/>\n<meta property=\"og:url\" content=\"https:\/\/www.sdmoland.com\/fr\/product\/stationary-dust-collector-\uff1amlwf7500h\/\" \/>\n<meta property=\"og:site_name\" content=\"Moland\" \/>\n<meta property=\"article:modified_time\" content=\"2025-10-31T12:52:07+00:00\" \/>\n<meta property=\"og:image\" content=\"https:\/\/www.sdmoland.com\/wp-content\/uploads\/2024\/11\/MLWF7500H.png\" \/>\n\t<meta property=\"og:image:width\" content=\"800\" \/>\n\t<meta property=\"og:image:height\" content=\"800\" \/>\n\t<meta property=\"og:image:type\" content=\"image\/png\" \/>\n<meta name=\"twitter:card\" content=\"summary_large_image\" \/>\n<meta name=\"twitter:label1\" content=\"Dur\u00e9e de lecture estim\u00e9e\" \/>\n\t<meta name=\"twitter:data1\" content=\"1 minute\" \/>\n<script type=\"application\/ld+json\" class=\"yoast-schema-graph\">{\"@context\":\"https:\\\/\\\/schema.org\",\"@graph\":[{\"@type\":\"WebPage\",\"@id\":\"https:\\\/\\\/www.sdmoland.com\\\/product\\\/stationary-dust-collector-%ef%bc%9amlwf7500h\\\/\",\"url\":\"https:\\\/\\\/www.sdmoland.com\\\/product\\\/stationary-dust-collector-%ef%bc%9amlwf7500h\\\/\",\"name\":\"Stationary Dust Collector \uff1aMLWF7500H\",\"isPartOf\":{\"@id\":\"https:\\\/\\\/www.sdmoland.com\\\/#website\"},\"primaryImageOfPage\":{\"@id\":\"https:\\\/\\\/www.sdmoland.com\\\/product\\\/stationary-dust-collector-%ef%bc%9amlwf7500h\\\/#primaryimage\"},\"image\":{\"@id\":\"https:\\\/\\\/www.sdmoland.com\\\/product\\\/stationary-dust-collector-%ef%bc%9amlwf7500h\\\/#primaryimage\"},\"thumbnailUrl\":\"https:\\\/\\\/www.sdmoland.com\\\/wp-content\\\/uploads\\\/2024\\\/11\\\/MLWF7500H.png\",\"datePublished\":\"2024-09-29T05:14:56+00:00\",\"dateModified\":\"2025-10-31T12:52:07+00:00\",\"description\":\"MLWF7500H Stationary Dust Collector: 75kw, 23000m\u00b3\\\/h. 0.3\u03bcm. Multistage filtering. Spark Arrestor. For surfacing welding dust control\",\"breadcrumb\":{\"@id\":\"https:\\\/\\\/www.sdmoland.com\\\/product\\\/stationary-dust-collector-%ef%bc%9amlwf7500h\\\/#breadcrumb\"},\"inLanguage\":\"fr-FR\",\"potentialAction\":[{\"@type\":\"ReadAction\",\"target\":[\"https:\\\/\\\/www.sdmoland.com\\\/product\\\/stationary-dust-collector-%ef%bc%9amlwf7500h\\\/\"]}]},{\"@type\":\"ImageObject\",\"inLanguage\":\"fr-FR\",\"@id\":\"https:\\\/\\\/www.sdmoland.com\\\/product\\\/stationary-dust-collector-%ef%bc%9amlwf7500h\\\/#primaryimage\",\"url\":\"https:\\\/\\\/www.sdmoland.com\\\/wp-content\\\/uploads\\\/2024\\\/11\\\/MLWF7500H.png\",\"contentUrl\":\"https:\\\/\\\/www.sdmoland.com\\\/wp-content\\\/uploads\\\/2024\\\/11\\\/MLWF7500H.png\",\"width\":800,\"height\":800},{\"@type\":\"BreadcrumbList\",\"@id\":\"https:\\\/\\\/www.sdmoland.com\\\/product\\\/stationary-dust-collector-%ef%bc%9amlwf7500h\\\/#breadcrumb\",\"itemListElement\":[{\"@type\":\"ListItem\",\"position\":1,\"name\":\"Home\",\"item\":\"https:\\\/\\\/www.sdmoland.com\\\/\"},{\"@type\":\"ListItem\",\"position\":2,\"name\":\"Products\",\"item\":\"https:\\\/\\\/www.sdmoland.com\\\/product\\\/\"},{\"@type\":\"ListItem\",\"position\":3,\"name\":\"Stationary Dust Collector\",\"item\":\"https:\\\/\\\/www.sdmoland.com\\\/products\\\/stationary-dust-collector\\\/\"},{\"@type\":\"ListItem\",\"position\":4,\"name\":\"MLWF7500H\"}]},{\"@type\":\"WebSite\",\"@id\":\"https:\\\/\\\/www.sdmoland.com\\\/#website\",\"url\":\"https:\\\/\\\/www.sdmoland.com\\\/\",\"name\":\"Moland\",\"description\":\"\",\"potentialAction\":[{\"@type\":\"SearchAction\",\"target\":{\"@type\":\"EntryPoint\",\"urlTemplate\":\"https:\\\/\\\/www.sdmoland.com\\\/?s={search_term_string}\"},\"query-input\":{\"@type\":\"PropertyValueSpecification\",\"valueRequired\":true,\"valueName\":\"search_term_string\"}}],\"inLanguage\":\"fr-FR\"}]}<\/script>\n<!-- \/ Yoast SEO plugin. -->","yoast_head_json":{"title":"Stationary Dust Collector \uff1aMLWF7500H","description":"MLWF7500H Stationary Dust Collector: 75kw, 23000m\u00b3\/h. 0.3\u03bcm. Multistage filtering. Spark Arrestor. For surfacing welding dust control","robots":{"index":"index","follow":"follow","max-snippet":"max-snippet:-1","max-image-preview":"max-image-preview:large","max-video-preview":"max-video-preview:-1"},"canonical":"https:\/\/www.sdmoland.com\/fr\/product\/stationary-dust-collector-\uff1amlwf7500h\/","og_locale":"fr_FR","og_type":"article","og_title":"Stationary Dust Collector \uff1aMLWF7500H","og_description":"MLWF7500H Stationary Dust Collector: 75kw, 23000m\u00b3\/h. 0.3\u03bcm. Multistage filtering. Spark Arrestor. For surfacing welding dust control","og_url":"https:\/\/www.sdmoland.com\/fr\/product\/stationary-dust-collector-\uff1amlwf7500h\/","og_site_name":"Moland","article_modified_time":"2025-10-31T12:52:07+00:00","og_image":[{"width":800,"height":800,"url":"https:\/\/www.sdmoland.com\/wp-content\/uploads\/2024\/11\/MLWF7500H.png","type":"image\/png"}],"twitter_card":"summary_large_image","twitter_misc":{"Dur\u00e9e de lecture estim\u00e9e":"1 minute"},"schema":{"@context":"https:\/\/schema.org","@graph":[{"@type":"WebPage","@id":"https:\/\/www.sdmoland.com\/product\/stationary-dust-collector-%ef%bc%9amlwf7500h\/","url":"https:\/\/www.sdmoland.com\/product\/stationary-dust-collector-%ef%bc%9amlwf7500h\/","name":"Stationary Dust Collector \uff1aMLWF7500H","isPartOf":{"@id":"https:\/\/www.sdmoland.com\/#website"},"primaryImageOfPage":{"@id":"https:\/\/www.sdmoland.com\/product\/stationary-dust-collector-%ef%bc%9amlwf7500h\/#primaryimage"},"image":{"@id":"https:\/\/www.sdmoland.com\/product\/stationary-dust-collector-%ef%bc%9amlwf7500h\/#primaryimage"},"thumbnailUrl":"https:\/\/www.sdmoland.com\/wp-content\/uploads\/2024\/11\/MLWF7500H.png","datePublished":"2024-09-29T05:14:56+00:00","dateModified":"2025-10-31T12:52:07+00:00","description":"MLWF7500H Stationary Dust Collector: 75kw, 23000m\u00b3\/h. 0.3\u03bcm. Multistage filtering. Spark Arrestor. For surfacing welding dust control","breadcrumb":{"@id":"https:\/\/www.sdmoland.com\/product\/stationary-dust-collector-%ef%bc%9amlwf7500h\/#breadcrumb"},"inLanguage":"fr-FR","potentialAction":[{"@type":"ReadAction","target":["https:\/\/www.sdmoland.com\/product\/stationary-dust-collector-%ef%bc%9amlwf7500h\/"]}]},{"@type":"ImageObject","inLanguage":"fr-FR","@id":"https:\/\/www.sdmoland.com\/product\/stationary-dust-collector-%ef%bc%9amlwf7500h\/#primaryimage","url":"https:\/\/www.sdmoland.com\/wp-content\/uploads\/2024\/11\/MLWF7500H.png","contentUrl":"https:\/\/www.sdmoland.com\/wp-content\/uploads\/2024\/11\/MLWF7500H.png","width":800,"height":800},{"@type":"BreadcrumbList","@id":"https:\/\/www.sdmoland.com\/product\/stationary-dust-collector-%ef%bc%9amlwf7500h\/#breadcrumb","itemListElement":[{"@type":"ListItem","position":1,"name":"Home","item":"https:\/\/www.sdmoland.com\/"},{"@type":"ListItem","position":2,"name":"Products","item":"https:\/\/www.sdmoland.com\/product\/"},{"@type":"ListItem","position":3,"name":"Stationary Dust Collector","item":"https:\/\/www.sdmoland.com\/products\/stationary-dust-collector\/"},{"@type":"ListItem","position":4,"name":"MLWF7500H"}]},{"@type":"WebSite","@id":"https:\/\/www.sdmoland.com\/#website","url":"https:\/\/www.sdmoland.com\/","name":"Moland","description":"","potentialAction":[{"@type":"SearchAction","target":{"@type":"EntryPoint","urlTemplate":"https:\/\/www.sdmoland.com\/?s={search_term_string}"},"query-input":{"@type":"PropertyValueSpecification","valueRequired":true,"valueName":"search_term_string"}}],"inLanguage":"fr-FR"}]}},"_links":{"self":[{"href":"https:\/\/www.sdmoland.com\/fr\/wp-json\/wp\/v2\/product\/348","targetHints":{"allow":["GET"]}}],"collection":[{"href":"https:\/\/www.sdmoland.com\/fr\/wp-json\/wp\/v2\/product"}],"about":[{"href":"https:\/\/www.sdmoland.com\/fr\/wp-json\/wp\/v2\/types\/product"}],"wp:featuredmedia":[{"embeddable":true,"href":"https:\/\/www.sdmoland.com\/fr\/wp-json\/wp\/v2\/media\/349"}],"wp:attachment":[{"href":"https:\/\/www.sdmoland.com\/fr\/wp-json\/wp\/v2\/media?parent=348"}],"wp:term":[{"taxonomy":"products","embeddable":true,"href":"https:\/\/www.sdmoland.com\/fr\/wp-json\/wp\/v2\/products?post=348"}],"curies":[{"name":"wp","href":"https:\/\/api.w.org\/{rel}","templated":true}]}}