{"id":252,"date":"2020-12-23T07:48:07","date_gmt":"2020-12-23T07:48:07","guid":{"rendered":"https:\/\/www.sdmoland.com\/?post_type=product&#038;p=252"},"modified":"2025-10-31T12:59:58","modified_gmt":"2025-10-31T12:59:58","slug":"mobile-fume-extractormlwf280fa","status":"publish","type":"product","link":"https:\/\/www.sdmoland.com\/fr\/product\/mobile-fume-extractormlwf280fa\/","title":{"rendered":"MLWF280FA"},"content":{"rendered":"","protected":false},"excerpt":{"rendered":"<p>L'aspirateur de fum\u00e9es de soudage mobile MLWF280FA est un produit \u00e9conomique et efficace pour le nettoyage et le d\u00e9poussi\u00e9rage. Il est \u00e9quip\u00e9 d'un syst\u00e8me de nettoyage automatique \u00e0 jet puls\u00e9 et d'un compresseur d'air int\u00e9gr\u00e9.<\/p>","protected":false},"featured_media":1193,"template":"","meta":{"inline_featured_image":false},"products":[2],"class_list":["post-252","product","type-product","status-publish","has-post-thumbnail","hentry","products-mobile-fume-extractor"],"yoast_head":"<!-- This site is optimized with the Yoast SEO plugin v27.5 - https:\/\/yoast.com\/product\/yoast-seo-wordpress\/ -->\n<title>Mobile Fume Extractor:MLWF280FA<\/title>\n<meta name=\"description\" content=\"MLWF280FA Mobile Fume Extractor: 2.2+0.8kw, 2800m\u00b3\/h. 0.3\u03bcm. \u0424160mm*3m arm. Auto pulse cleaning, built-in air compressor. Spark Arrestor\" \/>\n<meta name=\"robots\" content=\"index, follow, max-snippet:-1, max-image-preview:large, max-video-preview:-1\" \/>\n<link rel=\"canonical\" href=\"https:\/\/www.sdmoland.com\/fr\/product\/mobile-fume-extractormlwf280fa\/\" \/>\n<meta property=\"og:locale\" content=\"fr_FR\" \/>\n<meta property=\"og:type\" content=\"article\" \/>\n<meta property=\"og:title\" content=\"Mobile Fume Extractor:MLWF280FA\" \/>\n<meta property=\"og:description\" content=\"MLWF280FA Mobile Fume Extractor: 2.2+0.8kw, 2800m\u00b3\/h. 0.3\u03bcm. \u0424160mm*3m arm. Auto pulse cleaning, built-in air compressor. Spark Arrestor\" \/>\n<meta property=\"og:url\" content=\"https:\/\/www.sdmoland.com\/fr\/product\/mobile-fume-extractormlwf280fa\/\" \/>\n<meta property=\"og:site_name\" content=\"Moland\" \/>\n<meta property=\"article:modified_time\" content=\"2025-10-31T12:59:58+00:00\" \/>\n<meta property=\"og:image\" content=\"https:\/\/www.sdmoland.com\/wp-content\/uploads\/2025\/01\/111-7.png\" \/>\n\t<meta property=\"og:image:width\" content=\"800\" \/>\n\t<meta property=\"og:image:height\" content=\"800\" \/>\n\t<meta property=\"og:image:type\" content=\"image\/png\" \/>\n<meta name=\"twitter:card\" content=\"summary_large_image\" \/>\n<meta name=\"twitter:label1\" content=\"Dur\u00e9e de lecture estim\u00e9e\" \/>\n\t<meta name=\"twitter:data1\" content=\"1 minute\" \/>\n<script type=\"application\/ld+json\" class=\"yoast-schema-graph\">{\"@context\":\"https:\\\/\\\/schema.org\",\"@graph\":[{\"@type\":\"WebPage\",\"@id\":\"https:\\\/\\\/www.sdmoland.com\\\/product\\\/mobile-fume-extractormlwf280fa\\\/\",\"url\":\"https:\\\/\\\/www.sdmoland.com\\\/product\\\/mobile-fume-extractormlwf280fa\\\/\",\"name\":\"Mobile Fume Extractor:MLWF280FA\",\"isPartOf\":{\"@id\":\"https:\\\/\\\/www.sdmoland.com\\\/#website\"},\"primaryImageOfPage\":{\"@id\":\"https:\\\/\\\/www.sdmoland.com\\\/product\\\/mobile-fume-extractormlwf280fa\\\/#primaryimage\"},\"image\":{\"@id\":\"https:\\\/\\\/www.sdmoland.com\\\/product\\\/mobile-fume-extractormlwf280fa\\\/#primaryimage\"},\"thumbnailUrl\":\"https:\\\/\\\/www.sdmoland.com\\\/wp-content\\\/uploads\\\/2025\\\/01\\\/111-7.png\",\"datePublished\":\"2020-12-23T07:48:07+00:00\",\"dateModified\":\"2025-10-31T12:59:58+00:00\",\"description\":\"MLWF280FA Mobile Fume Extractor: 2.2+0.8kw, 2800m\u00b3\\\/h. 0.3\u03bcm. \u0424160mm*3m arm. Auto pulse cleaning, built-in air compressor. Spark Arrestor\",\"breadcrumb\":{\"@id\":\"https:\\\/\\\/www.sdmoland.com\\\/product\\\/mobile-fume-extractormlwf280fa\\\/#breadcrumb\"},\"inLanguage\":\"fr-FR\",\"potentialAction\":[{\"@type\":\"ReadAction\",\"target\":[\"https:\\\/\\\/www.sdmoland.com\\\/product\\\/mobile-fume-extractormlwf280fa\\\/\"]}]},{\"@type\":\"ImageObject\",\"inLanguage\":\"fr-FR\",\"@id\":\"https:\\\/\\\/www.sdmoland.com\\\/product\\\/mobile-fume-extractormlwf280fa\\\/#primaryimage\",\"url\":\"https:\\\/\\\/www.sdmoland.com\\\/wp-content\\\/uploads\\\/2025\\\/01\\\/111-7.png\",\"contentUrl\":\"https:\\\/\\\/www.sdmoland.com\\\/wp-content\\\/uploads\\\/2025\\\/01\\\/111-7.png\",\"width\":800,\"height\":800},{\"@type\":\"BreadcrumbList\",\"@id\":\"https:\\\/\\\/www.sdmoland.com\\\/product\\\/mobile-fume-extractormlwf280fa\\\/#breadcrumb\",\"itemListElement\":[{\"@type\":\"ListItem\",\"position\":1,\"name\":\"Home\",\"item\":\"https:\\\/\\\/www.sdmoland.com\\\/\"},{\"@type\":\"ListItem\",\"position\":2,\"name\":\"Products\",\"item\":\"https:\\\/\\\/www.sdmoland.com\\\/product\\\/\"},{\"@type\":\"ListItem\",\"position\":3,\"name\":\"Mobile Fume Extractor\",\"item\":\"https:\\\/\\\/www.sdmoland.com\\\/products\\\/mobile-fume-extractor\\\/\"},{\"@type\":\"ListItem\",\"position\":4,\"name\":\"MLWF280FA\"}]},{\"@type\":\"WebSite\",\"@id\":\"https:\\\/\\\/www.sdmoland.com\\\/#website\",\"url\":\"https:\\\/\\\/www.sdmoland.com\\\/\",\"name\":\"Moland\",\"description\":\"\",\"potentialAction\":[{\"@type\":\"SearchAction\",\"target\":{\"@type\":\"EntryPoint\",\"urlTemplate\":\"https:\\\/\\\/www.sdmoland.com\\\/?s={search_term_string}\"},\"query-input\":{\"@type\":\"PropertyValueSpecification\",\"valueRequired\":true,\"valueName\":\"search_term_string\"}}],\"inLanguage\":\"fr-FR\"}]}<\/script>\n<!-- \/ Yoast SEO plugin. -->","yoast_head_json":{"title":"Mobile Fume Extractor:MLWF280FA","description":"MLWF280FA Mobile Fume Extractor: 2.2+0.8kw, 2800m\u00b3\/h. 0.3\u03bcm. \u0424160mm*3m arm. Auto pulse cleaning, built-in air compressor. Spark Arrestor","robots":{"index":"index","follow":"follow","max-snippet":"max-snippet:-1","max-image-preview":"max-image-preview:large","max-video-preview":"max-video-preview:-1"},"canonical":"https:\/\/www.sdmoland.com\/fr\/product\/mobile-fume-extractormlwf280fa\/","og_locale":"fr_FR","og_type":"article","og_title":"Mobile Fume Extractor:MLWF280FA","og_description":"MLWF280FA Mobile Fume Extractor: 2.2+0.8kw, 2800m\u00b3\/h. 0.3\u03bcm. \u0424160mm*3m arm. Auto pulse cleaning, built-in air compressor. Spark Arrestor","og_url":"https:\/\/www.sdmoland.com\/fr\/product\/mobile-fume-extractormlwf280fa\/","og_site_name":"Moland","article_modified_time":"2025-10-31T12:59:58+00:00","og_image":[{"width":800,"height":800,"url":"https:\/\/www.sdmoland.com\/wp-content\/uploads\/2025\/01\/111-7.png","type":"image\/png"}],"twitter_card":"summary_large_image","twitter_misc":{"Dur\u00e9e de lecture estim\u00e9e":"1 minute"},"schema":{"@context":"https:\/\/schema.org","@graph":[{"@type":"WebPage","@id":"https:\/\/www.sdmoland.com\/product\/mobile-fume-extractormlwf280fa\/","url":"https:\/\/www.sdmoland.com\/product\/mobile-fume-extractormlwf280fa\/","name":"Mobile Fume Extractor:MLWF280FA","isPartOf":{"@id":"https:\/\/www.sdmoland.com\/#website"},"primaryImageOfPage":{"@id":"https:\/\/www.sdmoland.com\/product\/mobile-fume-extractormlwf280fa\/#primaryimage"},"image":{"@id":"https:\/\/www.sdmoland.com\/product\/mobile-fume-extractormlwf280fa\/#primaryimage"},"thumbnailUrl":"https:\/\/www.sdmoland.com\/wp-content\/uploads\/2025\/01\/111-7.png","datePublished":"2020-12-23T07:48:07+00:00","dateModified":"2025-10-31T12:59:58+00:00","description":"MLWF280FA Mobile Fume Extractor: 2.2+0.8kw, 2800m\u00b3\/h. 0.3\u03bcm. \u0424160mm*3m arm. Auto pulse cleaning, built-in air compressor. Spark Arrestor","breadcrumb":{"@id":"https:\/\/www.sdmoland.com\/product\/mobile-fume-extractormlwf280fa\/#breadcrumb"},"inLanguage":"fr-FR","potentialAction":[{"@type":"ReadAction","target":["https:\/\/www.sdmoland.com\/product\/mobile-fume-extractormlwf280fa\/"]}]},{"@type":"ImageObject","inLanguage":"fr-FR","@id":"https:\/\/www.sdmoland.com\/product\/mobile-fume-extractormlwf280fa\/#primaryimage","url":"https:\/\/www.sdmoland.com\/wp-content\/uploads\/2025\/01\/111-7.png","contentUrl":"https:\/\/www.sdmoland.com\/wp-content\/uploads\/2025\/01\/111-7.png","width":800,"height":800},{"@type":"BreadcrumbList","@id":"https:\/\/www.sdmoland.com\/product\/mobile-fume-extractormlwf280fa\/#breadcrumb","itemListElement":[{"@type":"ListItem","position":1,"name":"Home","item":"https:\/\/www.sdmoland.com\/"},{"@type":"ListItem","position":2,"name":"Products","item":"https:\/\/www.sdmoland.com\/product\/"},{"@type":"ListItem","position":3,"name":"Mobile Fume Extractor","item":"https:\/\/www.sdmoland.com\/products\/mobile-fume-extractor\/"},{"@type":"ListItem","position":4,"name":"MLWF280FA"}]},{"@type":"WebSite","@id":"https:\/\/www.sdmoland.com\/#website","url":"https:\/\/www.sdmoland.com\/","name":"Moland","description":"","potentialAction":[{"@type":"SearchAction","target":{"@type":"EntryPoint","urlTemplate":"https:\/\/www.sdmoland.com\/?s={search_term_string}"},"query-input":{"@type":"PropertyValueSpecification","valueRequired":true,"valueName":"search_term_string"}}],"inLanguage":"fr-FR"}]}},"_links":{"self":[{"href":"https:\/\/www.sdmoland.com\/fr\/wp-json\/wp\/v2\/product\/252","targetHints":{"allow":["GET"]}}],"collection":[{"href":"https:\/\/www.sdmoland.com\/fr\/wp-json\/wp\/v2\/product"}],"about":[{"href":"https:\/\/www.sdmoland.com\/fr\/wp-json\/wp\/v2\/types\/product"}],"wp:featuredmedia":[{"embeddable":true,"href":"https:\/\/www.sdmoland.com\/fr\/wp-json\/wp\/v2\/media\/1193"}],"wp:attachment":[{"href":"https:\/\/www.sdmoland.com\/fr\/wp-json\/wp\/v2\/media?parent=252"}],"wp:term":[{"taxonomy":"products","embeddable":true,"href":"https:\/\/www.sdmoland.com\/fr\/wp-json\/wp\/v2\/products?post=252"}],"curies":[{"name":"wp","href":"https:\/\/api.w.org\/{rel}","templated":true}]}}