{"id":247,"date":"2020-12-22T06:33:02","date_gmt":"2020-12-22T06:33:02","guid":{"rendered":"https:\/\/www.sdmoland.com\/?post_type=product&#038;p=247"},"modified":"2025-10-31T13:00:30","modified_gmt":"2025-10-31T13:00:30","slug":"mobile-fume-extractormlwf280","status":"publish","type":"product","link":"https:\/\/www.sdmoland.com\/fr\/product\/mobile-fume-extractormlwf280\/","title":{"rendered":"MLWF280"},"content":{"rendered":"","protected":false},"excerpt":{"rendered":"<p>Le MLWF280 est un aspirateur de fum\u00e9es de soudage mobile et robuste, con\u00e7u pour une utilisation quotidienne afin de contr\u00f4ler les fum\u00e9es de soudage. Le filtre jetable de grande capacit\u00e9 peut \u00eatre facilement remplac\u00e9 et la hotte d'aspiration rotative et pivotante permet une utilisation dans un rayon de 360 degr\u00e9s et assure un minimum d'ajustements lors du soudage.<\/p>","protected":false},"featured_media":466,"template":"","meta":{"inline_featured_image":false},"products":[2],"class_list":["post-247","product","type-product","status-publish","has-post-thumbnail","hentry","products-mobile-fume-extractor"],"yoast_head":"<!-- This site is optimized with the Yoast SEO plugin v27.5 - https:\/\/yoast.com\/product\/yoast-seo-wordpress\/ -->\n<title>Mobile Fume Extractor:MLWF280<\/title>\n<meta name=\"description\" content=\"MLWF280 Mobile Fume Extractor: 2.2kw, 2800m\u00b3\/h. 0.3\u03bcm. \u0424160mm*2m arm. Spark Arrestor. For daily welding fume control\" \/>\n<meta name=\"robots\" content=\"index, follow, max-snippet:-1, max-image-preview:large, max-video-preview:-1\" \/>\n<link rel=\"canonical\" href=\"https:\/\/www.sdmoland.com\/fr\/product\/mobile-fume-extractormlwf280\/\" \/>\n<meta property=\"og:locale\" content=\"fr_FR\" \/>\n<meta property=\"og:type\" content=\"article\" \/>\n<meta property=\"og:title\" content=\"Mobile Fume Extractor:MLWF280\" \/>\n<meta property=\"og:description\" content=\"MLWF280 Mobile Fume Extractor: 2.2kw, 2800m\u00b3\/h. 0.3\u03bcm. \u0424160mm*2m arm. Spark Arrestor. For daily welding fume control\" \/>\n<meta property=\"og:url\" content=\"https:\/\/www.sdmoland.com\/fr\/product\/mobile-fume-extractormlwf280\/\" \/>\n<meta property=\"og:site_name\" content=\"Moland\" \/>\n<meta property=\"article:modified_time\" content=\"2025-10-31T13:00:30+00:00\" \/>\n<meta property=\"og:image\" content=\"https:\/\/www.sdmoland.com\/wp-content\/uploads\/2024\/12\/33.jpg\" \/>\n\t<meta property=\"og:image:width\" content=\"800\" \/>\n\t<meta property=\"og:image:height\" content=\"800\" \/>\n\t<meta property=\"og:image:type\" content=\"image\/jpeg\" \/>\n<meta name=\"twitter:card\" content=\"summary_large_image\" \/>\n<meta name=\"twitter:label1\" content=\"Dur\u00e9e de lecture estim\u00e9e\" \/>\n\t<meta name=\"twitter:data1\" content=\"1 minute\" \/>\n<script type=\"application\/ld+json\" class=\"yoast-schema-graph\">{\"@context\":\"https:\\\/\\\/schema.org\",\"@graph\":[{\"@type\":\"WebPage\",\"@id\":\"https:\\\/\\\/www.sdmoland.com\\\/product\\\/mobile-fume-extractormlwf280\\\/\",\"url\":\"https:\\\/\\\/www.sdmoland.com\\\/product\\\/mobile-fume-extractormlwf280\\\/\",\"name\":\"Mobile Fume Extractor:MLWF280\",\"isPartOf\":{\"@id\":\"https:\\\/\\\/www.sdmoland.com\\\/#website\"},\"primaryImageOfPage\":{\"@id\":\"https:\\\/\\\/www.sdmoland.com\\\/product\\\/mobile-fume-extractormlwf280\\\/#primaryimage\"},\"image\":{\"@id\":\"https:\\\/\\\/www.sdmoland.com\\\/product\\\/mobile-fume-extractormlwf280\\\/#primaryimage\"},\"thumbnailUrl\":\"https:\\\/\\\/www.sdmoland.com\\\/wp-content\\\/uploads\\\/2024\\\/12\\\/33.jpg\",\"datePublished\":\"2020-12-22T06:33:02+00:00\",\"dateModified\":\"2025-10-31T13:00:30+00:00\",\"description\":\"MLWF280 Mobile Fume Extractor: 2.2kw, 2800m\u00b3\\\/h. 0.3\u03bcm. \u0424160mm*2m arm. Spark Arrestor. For daily welding fume control\",\"breadcrumb\":{\"@id\":\"https:\\\/\\\/www.sdmoland.com\\\/product\\\/mobile-fume-extractormlwf280\\\/#breadcrumb\"},\"inLanguage\":\"fr-FR\",\"potentialAction\":[{\"@type\":\"ReadAction\",\"target\":[\"https:\\\/\\\/www.sdmoland.com\\\/product\\\/mobile-fume-extractormlwf280\\\/\"]}]},{\"@type\":\"ImageObject\",\"inLanguage\":\"fr-FR\",\"@id\":\"https:\\\/\\\/www.sdmoland.com\\\/product\\\/mobile-fume-extractormlwf280\\\/#primaryimage\",\"url\":\"https:\\\/\\\/www.sdmoland.com\\\/wp-content\\\/uploads\\\/2024\\\/12\\\/33.jpg\",\"contentUrl\":\"https:\\\/\\\/www.sdmoland.com\\\/wp-content\\\/uploads\\\/2024\\\/12\\\/33.jpg\",\"width\":800,\"height\":800},{\"@type\":\"BreadcrumbList\",\"@id\":\"https:\\\/\\\/www.sdmoland.com\\\/product\\\/mobile-fume-extractormlwf280\\\/#breadcrumb\",\"itemListElement\":[{\"@type\":\"ListItem\",\"position\":1,\"name\":\"Home\",\"item\":\"https:\\\/\\\/www.sdmoland.com\\\/\"},{\"@type\":\"ListItem\",\"position\":2,\"name\":\"Products\",\"item\":\"https:\\\/\\\/www.sdmoland.com\\\/product\\\/\"},{\"@type\":\"ListItem\",\"position\":3,\"name\":\"Mobile Fume Extractor\",\"item\":\"https:\\\/\\\/www.sdmoland.com\\\/products\\\/mobile-fume-extractor\\\/\"},{\"@type\":\"ListItem\",\"position\":4,\"name\":\"MLWF280\"}]},{\"@type\":\"WebSite\",\"@id\":\"https:\\\/\\\/www.sdmoland.com\\\/#website\",\"url\":\"https:\\\/\\\/www.sdmoland.com\\\/\",\"name\":\"Moland\",\"description\":\"\",\"potentialAction\":[{\"@type\":\"SearchAction\",\"target\":{\"@type\":\"EntryPoint\",\"urlTemplate\":\"https:\\\/\\\/www.sdmoland.com\\\/?s={search_term_string}\"},\"query-input\":{\"@type\":\"PropertyValueSpecification\",\"valueRequired\":true,\"valueName\":\"search_term_string\"}}],\"inLanguage\":\"fr-FR\"}]}<\/script>\n<!-- \/ Yoast SEO plugin. -->","yoast_head_json":{"title":"Mobile Fume Extractor:MLWF280","description":"MLWF280 Mobile Fume Extractor: 2.2kw, 2800m\u00b3\/h. 0.3\u03bcm. \u0424160mm*2m arm. Spark Arrestor. For daily welding fume control","robots":{"index":"index","follow":"follow","max-snippet":"max-snippet:-1","max-image-preview":"max-image-preview:large","max-video-preview":"max-video-preview:-1"},"canonical":"https:\/\/www.sdmoland.com\/fr\/product\/mobile-fume-extractormlwf280\/","og_locale":"fr_FR","og_type":"article","og_title":"Mobile Fume Extractor:MLWF280","og_description":"MLWF280 Mobile Fume Extractor: 2.2kw, 2800m\u00b3\/h. 0.3\u03bcm. \u0424160mm*2m arm. Spark Arrestor. For daily welding fume control","og_url":"https:\/\/www.sdmoland.com\/fr\/product\/mobile-fume-extractormlwf280\/","og_site_name":"Moland","article_modified_time":"2025-10-31T13:00:30+00:00","og_image":[{"width":800,"height":800,"url":"https:\/\/www.sdmoland.com\/wp-content\/uploads\/2024\/12\/33.jpg","type":"image\/jpeg"}],"twitter_card":"summary_large_image","twitter_misc":{"Dur\u00e9e de lecture estim\u00e9e":"1 minute"},"schema":{"@context":"https:\/\/schema.org","@graph":[{"@type":"WebPage","@id":"https:\/\/www.sdmoland.com\/product\/mobile-fume-extractormlwf280\/","url":"https:\/\/www.sdmoland.com\/product\/mobile-fume-extractormlwf280\/","name":"Mobile Fume Extractor:MLWF280","isPartOf":{"@id":"https:\/\/www.sdmoland.com\/#website"},"primaryImageOfPage":{"@id":"https:\/\/www.sdmoland.com\/product\/mobile-fume-extractormlwf280\/#primaryimage"},"image":{"@id":"https:\/\/www.sdmoland.com\/product\/mobile-fume-extractormlwf280\/#primaryimage"},"thumbnailUrl":"https:\/\/www.sdmoland.com\/wp-content\/uploads\/2024\/12\/33.jpg","datePublished":"2020-12-22T06:33:02+00:00","dateModified":"2025-10-31T13:00:30+00:00","description":"MLWF280 Mobile Fume Extractor: 2.2kw, 2800m\u00b3\/h. 0.3\u03bcm. \u0424160mm*2m arm. Spark Arrestor. For daily welding fume control","breadcrumb":{"@id":"https:\/\/www.sdmoland.com\/product\/mobile-fume-extractormlwf280\/#breadcrumb"},"inLanguage":"fr-FR","potentialAction":[{"@type":"ReadAction","target":["https:\/\/www.sdmoland.com\/product\/mobile-fume-extractormlwf280\/"]}]},{"@type":"ImageObject","inLanguage":"fr-FR","@id":"https:\/\/www.sdmoland.com\/product\/mobile-fume-extractormlwf280\/#primaryimage","url":"https:\/\/www.sdmoland.com\/wp-content\/uploads\/2024\/12\/33.jpg","contentUrl":"https:\/\/www.sdmoland.com\/wp-content\/uploads\/2024\/12\/33.jpg","width":800,"height":800},{"@type":"BreadcrumbList","@id":"https:\/\/www.sdmoland.com\/product\/mobile-fume-extractormlwf280\/#breadcrumb","itemListElement":[{"@type":"ListItem","position":1,"name":"Home","item":"https:\/\/www.sdmoland.com\/"},{"@type":"ListItem","position":2,"name":"Products","item":"https:\/\/www.sdmoland.com\/product\/"},{"@type":"ListItem","position":3,"name":"Mobile Fume Extractor","item":"https:\/\/www.sdmoland.com\/products\/mobile-fume-extractor\/"},{"@type":"ListItem","position":4,"name":"MLWF280"}]},{"@type":"WebSite","@id":"https:\/\/www.sdmoland.com\/#website","url":"https:\/\/www.sdmoland.com\/","name":"Moland","description":"","potentialAction":[{"@type":"SearchAction","target":{"@type":"EntryPoint","urlTemplate":"https:\/\/www.sdmoland.com\/?s={search_term_string}"},"query-input":{"@type":"PropertyValueSpecification","valueRequired":true,"valueName":"search_term_string"}}],"inLanguage":"fr-FR"}]}},"_links":{"self":[{"href":"https:\/\/www.sdmoland.com\/fr\/wp-json\/wp\/v2\/product\/247","targetHints":{"allow":["GET"]}}],"collection":[{"href":"https:\/\/www.sdmoland.com\/fr\/wp-json\/wp\/v2\/product"}],"about":[{"href":"https:\/\/www.sdmoland.com\/fr\/wp-json\/wp\/v2\/types\/product"}],"wp:featuredmedia":[{"embeddable":true,"href":"https:\/\/www.sdmoland.com\/fr\/wp-json\/wp\/v2\/media\/466"}],"wp:attachment":[{"href":"https:\/\/www.sdmoland.com\/fr\/wp-json\/wp\/v2\/media?parent=247"}],"wp:term":[{"taxonomy":"products","embeddable":true,"href":"https:\/\/www.sdmoland.com\/fr\/wp-json\/wp\/v2\/products?post=247"}],"curies":[{"name":"wp","href":"https:\/\/api.w.org\/{rel}","templated":true}]}}