{"id":221,"date":"2021-01-05T01:48:45","date_gmt":"2021-01-05T01:48:45","guid":{"rendered":"https:\/\/www.sdmoland.com\/?post_type=product&#038;p=221"},"modified":"2025-10-31T12:54:41","modified_gmt":"2025-10-31T12:54:41","slug":"mobile-fume-extractor%ef%bc%9amlwf100-360","status":"publish","type":"product","link":"https:\/\/www.sdmoland.com\/fr\/product\/mobile-fume-extractor%ef%bc%9amlwf100-360\/","title":{"rendered":"MLWF100\/360"},"content":{"rendered":"","protected":false},"excerpt":{"rendered":"<p>Ce purificateur de poussi\u00e8res et de fum\u00e9es convient \u00e0 la collecte et \u00e0 la purification des fum\u00e9es odorantes, telles que la d\u00e9coupe de l'acrylique et du caoutchouc, le marquage au laser, la gravure au laser et le soudage au laser, etc.<\/p>","protected":false},"featured_media":1174,"template":"","meta":{"inline_featured_image":false},"products":[2],"class_list":["post-221","product","type-product","status-publish","has-post-thumbnail","hentry","products-mobile-fume-extractor"],"yoast_head":"<!-- This site is optimized with the Yoast SEO plugin v27.5 - https:\/\/yoast.com\/product\/yoast-seo-wordpress\/ -->\n<title>Mobile Fume Extractor\uff1aMLWF100\/360<\/title>\n<meta name=\"description\" content=\"MLWF100\/360 Mobile Fume Extractor: 1.1\/2.2kw, 0~2600m\u00b3\/h. 0.3\u03bcm. Multi-stage filters. For laser cutting, engraving etc.\" \/>\n<meta name=\"robots\" content=\"index, follow, max-snippet:-1, max-image-preview:large, max-video-preview:-1\" \/>\n<link rel=\"canonical\" href=\"https:\/\/www.sdmoland.com\/fr\/product\/mobile-fume-extractor\uff1amlwf100-360\/\" \/>\n<meta property=\"og:locale\" content=\"fr_FR\" \/>\n<meta property=\"og:type\" content=\"article\" \/>\n<meta property=\"og:title\" content=\"Mobile Fume Extractor\uff1aMLWF100\/360\" \/>\n<meta property=\"og:description\" content=\"MLWF100\/360 Mobile Fume Extractor: 1.1\/2.2kw, 0~2600m\u00b3\/h. 0.3\u03bcm. Multi-stage filters. For laser cutting, engraving etc.\" \/>\n<meta property=\"og:url\" content=\"https:\/\/www.sdmoland.com\/fr\/product\/mobile-fume-extractor\uff1amlwf100-360\/\" \/>\n<meta property=\"og:site_name\" content=\"Moland\" \/>\n<meta property=\"article:modified_time\" content=\"2025-10-31T12:54:41+00:00\" \/>\n<meta property=\"og:image\" content=\"https:\/\/www.sdmoland.com\/wp-content\/uploads\/2025\/01\/\u672a\u6807\u9898-4-2.png\" \/>\n\t<meta property=\"og:image:width\" content=\"800\" \/>\n\t<meta property=\"og:image:height\" content=\"800\" \/>\n\t<meta property=\"og:image:type\" content=\"image\/png\" \/>\n<meta name=\"twitter:card\" content=\"summary_large_image\" \/>\n<meta name=\"twitter:label1\" content=\"Dur\u00e9e de lecture estim\u00e9e\" \/>\n\t<meta name=\"twitter:data1\" content=\"1 minute\" \/>\n<script type=\"application\/ld+json\" class=\"yoast-schema-graph\">{\"@context\":\"https:\\\/\\\/schema.org\",\"@graph\":[{\"@type\":\"WebPage\",\"@id\":\"https:\\\/\\\/www.sdmoland.com\\\/product\\\/mobile-fume-extractor%ef%bc%9amlwf100-360\\\/\",\"url\":\"https:\\\/\\\/www.sdmoland.com\\\/product\\\/mobile-fume-extractor%ef%bc%9amlwf100-360\\\/\",\"name\":\"Mobile Fume Extractor\uff1aMLWF100\\\/360\",\"isPartOf\":{\"@id\":\"https:\\\/\\\/www.sdmoland.com\\\/#website\"},\"primaryImageOfPage\":{\"@id\":\"https:\\\/\\\/www.sdmoland.com\\\/product\\\/mobile-fume-extractor%ef%bc%9amlwf100-360\\\/#primaryimage\"},\"image\":{\"@id\":\"https:\\\/\\\/www.sdmoland.com\\\/product\\\/mobile-fume-extractor%ef%bc%9amlwf100-360\\\/#primaryimage\"},\"thumbnailUrl\":\"https:\\\/\\\/www.sdmoland.com\\\/wp-content\\\/uploads\\\/2025\\\/01\\\/\u672a\u6807\u9898-4-2.png\",\"datePublished\":\"2021-01-05T01:48:45+00:00\",\"dateModified\":\"2025-10-31T12:54:41+00:00\",\"description\":\"MLWF100\\\/360 Mobile Fume Extractor: 1.1\\\/2.2kw, 0~2600m\u00b3\\\/h. 0.3\u03bcm. Multi-stage filters. For laser cutting, engraving etc.\",\"breadcrumb\":{\"@id\":\"https:\\\/\\\/www.sdmoland.com\\\/product\\\/mobile-fume-extractor%ef%bc%9amlwf100-360\\\/#breadcrumb\"},\"inLanguage\":\"fr-FR\",\"potentialAction\":[{\"@type\":\"ReadAction\",\"target\":[\"https:\\\/\\\/www.sdmoland.com\\\/product\\\/mobile-fume-extractor%ef%bc%9amlwf100-360\\\/\"]}]},{\"@type\":\"ImageObject\",\"inLanguage\":\"fr-FR\",\"@id\":\"https:\\\/\\\/www.sdmoland.com\\\/product\\\/mobile-fume-extractor%ef%bc%9amlwf100-360\\\/#primaryimage\",\"url\":\"https:\\\/\\\/www.sdmoland.com\\\/wp-content\\\/uploads\\\/2025\\\/01\\\/\u672a\u6807\u9898-4-2.png\",\"contentUrl\":\"https:\\\/\\\/www.sdmoland.com\\\/wp-content\\\/uploads\\\/2025\\\/01\\\/\u672a\u6807\u9898-4-2.png\",\"width\":800,\"height\":800},{\"@type\":\"BreadcrumbList\",\"@id\":\"https:\\\/\\\/www.sdmoland.com\\\/product\\\/mobile-fume-extractor%ef%bc%9amlwf100-360\\\/#breadcrumb\",\"itemListElement\":[{\"@type\":\"ListItem\",\"position\":1,\"name\":\"Home\",\"item\":\"https:\\\/\\\/www.sdmoland.com\\\/\"},{\"@type\":\"ListItem\",\"position\":2,\"name\":\"Products\",\"item\":\"https:\\\/\\\/www.sdmoland.com\\\/product\\\/\"},{\"@type\":\"ListItem\",\"position\":3,\"name\":\"Mobile Fume Extractor\",\"item\":\"https:\\\/\\\/www.sdmoland.com\\\/products\\\/mobile-fume-extractor\\\/\"},{\"@type\":\"ListItem\",\"position\":4,\"name\":\"MLWF100\\\/360\"}]},{\"@type\":\"WebSite\",\"@id\":\"https:\\\/\\\/www.sdmoland.com\\\/#website\",\"url\":\"https:\\\/\\\/www.sdmoland.com\\\/\",\"name\":\"Moland\",\"description\":\"\",\"potentialAction\":[{\"@type\":\"SearchAction\",\"target\":{\"@type\":\"EntryPoint\",\"urlTemplate\":\"https:\\\/\\\/www.sdmoland.com\\\/?s={search_term_string}\"},\"query-input\":{\"@type\":\"PropertyValueSpecification\",\"valueRequired\":true,\"valueName\":\"search_term_string\"}}],\"inLanguage\":\"fr-FR\"}]}<\/script>\n<!-- \/ Yoast SEO plugin. -->","yoast_head_json":{"title":"Mobile Fume Extractor\uff1aMLWF100\/360","description":"MLWF100\/360 Mobile Fume Extractor: 1.1\/2.2kw, 0~2600m\u00b3\/h. 0.3\u03bcm. Multi-stage filters. For laser cutting, engraving etc.","robots":{"index":"index","follow":"follow","max-snippet":"max-snippet:-1","max-image-preview":"max-image-preview:large","max-video-preview":"max-video-preview:-1"},"canonical":"https:\/\/www.sdmoland.com\/fr\/product\/mobile-fume-extractor\uff1amlwf100-360\/","og_locale":"fr_FR","og_type":"article","og_title":"Mobile Fume Extractor\uff1aMLWF100\/360","og_description":"MLWF100\/360 Mobile Fume Extractor: 1.1\/2.2kw, 0~2600m\u00b3\/h. 0.3\u03bcm. Multi-stage filters. For laser cutting, engraving etc.","og_url":"https:\/\/www.sdmoland.com\/fr\/product\/mobile-fume-extractor\uff1amlwf100-360\/","og_site_name":"Moland","article_modified_time":"2025-10-31T12:54:41+00:00","og_image":[{"width":800,"height":800,"url":"https:\/\/www.sdmoland.com\/wp-content\/uploads\/2025\/01\/\u672a\u6807\u9898-4-2.png","type":"image\/png"}],"twitter_card":"summary_large_image","twitter_misc":{"Dur\u00e9e de lecture estim\u00e9e":"1 minute"},"schema":{"@context":"https:\/\/schema.org","@graph":[{"@type":"WebPage","@id":"https:\/\/www.sdmoland.com\/product\/mobile-fume-extractor%ef%bc%9amlwf100-360\/","url":"https:\/\/www.sdmoland.com\/product\/mobile-fume-extractor%ef%bc%9amlwf100-360\/","name":"Mobile Fume Extractor\uff1aMLWF100\/360","isPartOf":{"@id":"https:\/\/www.sdmoland.com\/#website"},"primaryImageOfPage":{"@id":"https:\/\/www.sdmoland.com\/product\/mobile-fume-extractor%ef%bc%9amlwf100-360\/#primaryimage"},"image":{"@id":"https:\/\/www.sdmoland.com\/product\/mobile-fume-extractor%ef%bc%9amlwf100-360\/#primaryimage"},"thumbnailUrl":"https:\/\/www.sdmoland.com\/wp-content\/uploads\/2025\/01\/\u672a\u6807\u9898-4-2.png","datePublished":"2021-01-05T01:48:45+00:00","dateModified":"2025-10-31T12:54:41+00:00","description":"MLWF100\/360 Mobile Fume Extractor: 1.1\/2.2kw, 0~2600m\u00b3\/h. 0.3\u03bcm. Multi-stage filters. For laser cutting, engraving etc.","breadcrumb":{"@id":"https:\/\/www.sdmoland.com\/product\/mobile-fume-extractor%ef%bc%9amlwf100-360\/#breadcrumb"},"inLanguage":"fr-FR","potentialAction":[{"@type":"ReadAction","target":["https:\/\/www.sdmoland.com\/product\/mobile-fume-extractor%ef%bc%9amlwf100-360\/"]}]},{"@type":"ImageObject","inLanguage":"fr-FR","@id":"https:\/\/www.sdmoland.com\/product\/mobile-fume-extractor%ef%bc%9amlwf100-360\/#primaryimage","url":"https:\/\/www.sdmoland.com\/wp-content\/uploads\/2025\/01\/\u672a\u6807\u9898-4-2.png","contentUrl":"https:\/\/www.sdmoland.com\/wp-content\/uploads\/2025\/01\/\u672a\u6807\u9898-4-2.png","width":800,"height":800},{"@type":"BreadcrumbList","@id":"https:\/\/www.sdmoland.com\/product\/mobile-fume-extractor%ef%bc%9amlwf100-360\/#breadcrumb","itemListElement":[{"@type":"ListItem","position":1,"name":"Home","item":"https:\/\/www.sdmoland.com\/"},{"@type":"ListItem","position":2,"name":"Products","item":"https:\/\/www.sdmoland.com\/product\/"},{"@type":"ListItem","position":3,"name":"Mobile Fume Extractor","item":"https:\/\/www.sdmoland.com\/products\/mobile-fume-extractor\/"},{"@type":"ListItem","position":4,"name":"MLWF100\/360"}]},{"@type":"WebSite","@id":"https:\/\/www.sdmoland.com\/#website","url":"https:\/\/www.sdmoland.com\/","name":"Moland","description":"","potentialAction":[{"@type":"SearchAction","target":{"@type":"EntryPoint","urlTemplate":"https:\/\/www.sdmoland.com\/?s={search_term_string}"},"query-input":{"@type":"PropertyValueSpecification","valueRequired":true,"valueName":"search_term_string"}}],"inLanguage":"fr-FR"}]}},"_links":{"self":[{"href":"https:\/\/www.sdmoland.com\/fr\/wp-json\/wp\/v2\/product\/221","targetHints":{"allow":["GET"]}}],"collection":[{"href":"https:\/\/www.sdmoland.com\/fr\/wp-json\/wp\/v2\/product"}],"about":[{"href":"https:\/\/www.sdmoland.com\/fr\/wp-json\/wp\/v2\/types\/product"}],"wp:featuredmedia":[{"embeddable":true,"href":"https:\/\/www.sdmoland.com\/fr\/wp-json\/wp\/v2\/media\/1174"}],"wp:attachment":[{"href":"https:\/\/www.sdmoland.com\/fr\/wp-json\/wp\/v2\/media?parent=221"}],"wp:term":[{"taxonomy":"products","embeddable":true,"href":"https:\/\/www.sdmoland.com\/fr\/wp-json\/wp\/v2\/products?post=221"}],"curies":[{"name":"wp","href":"https:\/\/api.w.org\/{rel}","templated":true}]}}