{"id":8692,"date":"2025-10-16T04:08:20","date_gmt":"2025-10-16T04:08:20","guid":{"rendered":"https:\/\/www.sdmoland.com\/?post_type=product&#038;p=8692"},"modified":"2025-12-30T08:33:26","modified_gmt":"2025-12-30T08:33:26","slug":"cyclone-dust-collector-carbon-steel-cyclone-dust-collector","status":"publish","type":"product","link":"https:\/\/www.sdmoland.com\/es\/product\/cyclone-dust-collector-carbon-steel-cyclone-dust-collector\/","title":{"rendered":"Colector de polvo cicl\u00f3nico de acero al carbono"},"content":{"rendered":"","protected":false},"excerpt":{"rendered":"<p>El colector de polvo cicl\u00f3nico est\u00e1 dise\u00f1ado espec\u00edficamente para aplicaciones de alta carga de polvo, alta temperatura y recuperaci\u00f3n de productos. Dispone de un separador mec\u00e1nico que utiliza la fuerza centr\u00edfuga para eliminar las part\u00edculas de polvo del aire en aplicaciones industriales. El aire polvoriento entra en el cicl\u00f3n y las part\u00edculas de polvo se desplazan por la pared interior del cicl\u00f3n. A medida que las part\u00edculas pierden velocidad, descienden en el cicl\u00f3n hasta caer en el recept\u00e1culo situado debajo.<\/p>","protected":false},"featured_media":8801,"template":"","meta":{"inline_featured_image":false},"products":[28],"class_list":["post-8692","product","type-product","status-publish","has-post-thumbnail","hentry","products-cyclone-dust-collector"],"yoast_head":"<!-- This site is optimized with the Yoast SEO plugin v27.6 - https:\/\/yoast.com\/product\/yoast-seo-wordpress\/ -->\n<title>Cyclone Dust Collector: Carbon Steel Cyclone Dust Collector<\/title>\n<meta name=\"description\" content=\"Cyclone dust collector (carbon\/stainless steel): centrifugal dust separation for high load\/temp, customizable, efficient.\" \/>\n<meta name=\"robots\" content=\"index, follow, max-snippet:-1, max-image-preview:large, max-video-preview:-1\" \/>\n<link rel=\"canonical\" href=\"https:\/\/www.sdmoland.com\/es\/product\/cyclone-dust-collector-carbon-steel-cyclone-dust-collector\/\" \/>\n<meta property=\"og:locale\" content=\"es_ES\" \/>\n<meta property=\"og:type\" content=\"article\" \/>\n<meta property=\"og:title\" content=\"Cyclone Dust Collector: Carbon Steel Cyclone Dust Collector\" \/>\n<meta property=\"og:description\" content=\"Cyclone dust collector (carbon\/stainless steel): centrifugal dust separation for high load\/temp, customizable, efficient.\" \/>\n<meta property=\"og:url\" content=\"https:\/\/www.sdmoland.com\/es\/product\/cyclone-dust-collector-carbon-steel-cyclone-dust-collector\/\" \/>\n<meta property=\"og:site_name\" content=\"Moland\" \/>\n<meta property=\"article:modified_time\" content=\"2025-12-30T08:33:26+00:00\" \/>\n<meta property=\"og:image\" content=\"https:\/\/www.sdmoland.com\/wp-content\/uploads\/2025\/10\/6.jpg\" \/>\n\t<meta property=\"og:image:width\" content=\"800\" \/>\n\t<meta property=\"og:image:height\" content=\"800\" \/>\n\t<meta property=\"og:image:type\" content=\"image\/jpeg\" \/>\n<meta name=\"twitter:card\" content=\"summary_large_image\" \/>\n<meta name=\"twitter:label1\" content=\"Tiempo de lectura\" \/>\n\t<meta name=\"twitter:data1\" content=\"1 minuto\" \/>\n<script type=\"application\/ld+json\" class=\"yoast-schema-graph\">{\"@context\":\"https:\\\/\\\/schema.org\",\"@graph\":[{\"@type\":\"WebPage\",\"@id\":\"https:\\\/\\\/www.sdmoland.com\\\/product\\\/cyclone-dust-collector-carbon-steel-cyclone-dust-collector\\\/\",\"url\":\"https:\\\/\\\/www.sdmoland.com\\\/product\\\/cyclone-dust-collector-carbon-steel-cyclone-dust-collector\\\/\",\"name\":\"Cyclone Dust Collector: Carbon Steel Cyclone Dust Collector\",\"isPartOf\":{\"@id\":\"https:\\\/\\\/www.sdmoland.com\\\/#website\"},\"primaryImageOfPage\":{\"@id\":\"https:\\\/\\\/www.sdmoland.com\\\/product\\\/cyclone-dust-collector-carbon-steel-cyclone-dust-collector\\\/#primaryimage\"},\"image\":{\"@id\":\"https:\\\/\\\/www.sdmoland.com\\\/product\\\/cyclone-dust-collector-carbon-steel-cyclone-dust-collector\\\/#primaryimage\"},\"thumbnailUrl\":\"https:\\\/\\\/www.sdmoland.com\\\/wp-content\\\/uploads\\\/2025\\\/10\\\/6.jpg\",\"datePublished\":\"2025-10-16T04:08:20+00:00\",\"dateModified\":\"2025-12-30T08:33:26+00:00\",\"description\":\"Cyclone dust collector (carbon\\\/stainless steel): centrifugal dust separation for high load\\\/temp, customizable, efficient.\",\"breadcrumb\":{\"@id\":\"https:\\\/\\\/www.sdmoland.com\\\/product\\\/cyclone-dust-collector-carbon-steel-cyclone-dust-collector\\\/#breadcrumb\"},\"inLanguage\":\"es\",\"potentialAction\":[{\"@type\":\"ReadAction\",\"target\":[\"https:\\\/\\\/www.sdmoland.com\\\/product\\\/cyclone-dust-collector-carbon-steel-cyclone-dust-collector\\\/\"]}]},{\"@type\":\"ImageObject\",\"inLanguage\":\"es\",\"@id\":\"https:\\\/\\\/www.sdmoland.com\\\/product\\\/cyclone-dust-collector-carbon-steel-cyclone-dust-collector\\\/#primaryimage\",\"url\":\"https:\\\/\\\/www.sdmoland.com\\\/wp-content\\\/uploads\\\/2025\\\/10\\\/6.jpg\",\"contentUrl\":\"https:\\\/\\\/www.sdmoland.com\\\/wp-content\\\/uploads\\\/2025\\\/10\\\/6.jpg\",\"width\":800,\"height\":800},{\"@type\":\"BreadcrumbList\",\"@id\":\"https:\\\/\\\/www.sdmoland.com\\\/product\\\/cyclone-dust-collector-carbon-steel-cyclone-dust-collector\\\/#breadcrumb\",\"itemListElement\":[{\"@type\":\"ListItem\",\"position\":1,\"name\":\"Home\",\"item\":\"https:\\\/\\\/www.sdmoland.com\\\/\"},{\"@type\":\"ListItem\",\"position\":2,\"name\":\"Products\",\"item\":\"https:\\\/\\\/www.sdmoland.com\\\/product\\\/\"},{\"@type\":\"ListItem\",\"position\":3,\"name\":\"Cyclone Dust Collector\",\"item\":\"https:\\\/\\\/www.sdmoland.com\\\/products\\\/cyclone-dust-collector\\\/\"},{\"@type\":\"ListItem\",\"position\":4,\"name\":\"Carbon Steel Cyclone Dust Collector\"}]},{\"@type\":\"WebSite\",\"@id\":\"https:\\\/\\\/www.sdmoland.com\\\/#website\",\"url\":\"https:\\\/\\\/www.sdmoland.com\\\/\",\"name\":\"Moland\",\"description\":\"\",\"potentialAction\":[{\"@type\":\"SearchAction\",\"target\":{\"@type\":\"EntryPoint\",\"urlTemplate\":\"https:\\\/\\\/www.sdmoland.com\\\/?s={search_term_string}\"},\"query-input\":{\"@type\":\"PropertyValueSpecification\",\"valueRequired\":true,\"valueName\":\"search_term_string\"}}],\"inLanguage\":\"es\"}]}<\/script>\n<!-- \/ Yoast SEO plugin. -->","yoast_head_json":{"title":"Cyclone Dust Collector: Carbon Steel Cyclone Dust Collector","description":"Cyclone dust collector (carbon\/stainless steel): centrifugal dust separation for high load\/temp, customizable, efficient.","robots":{"index":"index","follow":"follow","max-snippet":"max-snippet:-1","max-image-preview":"max-image-preview:large","max-video-preview":"max-video-preview:-1"},"canonical":"https:\/\/www.sdmoland.com\/es\/product\/cyclone-dust-collector-carbon-steel-cyclone-dust-collector\/","og_locale":"es_ES","og_type":"article","og_title":"Cyclone Dust Collector: Carbon Steel Cyclone Dust Collector","og_description":"Cyclone dust collector (carbon\/stainless steel): centrifugal dust separation for high load\/temp, customizable, efficient.","og_url":"https:\/\/www.sdmoland.com\/es\/product\/cyclone-dust-collector-carbon-steel-cyclone-dust-collector\/","og_site_name":"Moland","article_modified_time":"2025-12-30T08:33:26+00:00","og_image":[{"width":800,"height":800,"url":"https:\/\/www.sdmoland.com\/wp-content\/uploads\/2025\/10\/6.jpg","type":"image\/jpeg"}],"twitter_card":"summary_large_image","twitter_misc":{"Tiempo de lectura":"1 minuto"},"schema":{"@context":"https:\/\/schema.org","@graph":[{"@type":"WebPage","@id":"https:\/\/www.sdmoland.com\/product\/cyclone-dust-collector-carbon-steel-cyclone-dust-collector\/","url":"https:\/\/www.sdmoland.com\/product\/cyclone-dust-collector-carbon-steel-cyclone-dust-collector\/","name":"Cyclone Dust Collector: Carbon Steel Cyclone Dust Collector","isPartOf":{"@id":"https:\/\/www.sdmoland.com\/#website"},"primaryImageOfPage":{"@id":"https:\/\/www.sdmoland.com\/product\/cyclone-dust-collector-carbon-steel-cyclone-dust-collector\/#primaryimage"},"image":{"@id":"https:\/\/www.sdmoland.com\/product\/cyclone-dust-collector-carbon-steel-cyclone-dust-collector\/#primaryimage"},"thumbnailUrl":"https:\/\/www.sdmoland.com\/wp-content\/uploads\/2025\/10\/6.jpg","datePublished":"2025-10-16T04:08:20+00:00","dateModified":"2025-12-30T08:33:26+00:00","description":"Cyclone dust collector (carbon\/stainless steel): centrifugal dust separation for high load\/temp, customizable, efficient.","breadcrumb":{"@id":"https:\/\/www.sdmoland.com\/product\/cyclone-dust-collector-carbon-steel-cyclone-dust-collector\/#breadcrumb"},"inLanguage":"es","potentialAction":[{"@type":"ReadAction","target":["https:\/\/www.sdmoland.com\/product\/cyclone-dust-collector-carbon-steel-cyclone-dust-collector\/"]}]},{"@type":"ImageObject","inLanguage":"es","@id":"https:\/\/www.sdmoland.com\/product\/cyclone-dust-collector-carbon-steel-cyclone-dust-collector\/#primaryimage","url":"https:\/\/www.sdmoland.com\/wp-content\/uploads\/2025\/10\/6.jpg","contentUrl":"https:\/\/www.sdmoland.com\/wp-content\/uploads\/2025\/10\/6.jpg","width":800,"height":800},{"@type":"BreadcrumbList","@id":"https:\/\/www.sdmoland.com\/product\/cyclone-dust-collector-carbon-steel-cyclone-dust-collector\/#breadcrumb","itemListElement":[{"@type":"ListItem","position":1,"name":"Home","item":"https:\/\/www.sdmoland.com\/"},{"@type":"ListItem","position":2,"name":"Products","item":"https:\/\/www.sdmoland.com\/product\/"},{"@type":"ListItem","position":3,"name":"Cyclone Dust Collector","item":"https:\/\/www.sdmoland.com\/products\/cyclone-dust-collector\/"},{"@type":"ListItem","position":4,"name":"Carbon Steel Cyclone Dust Collector"}]},{"@type":"WebSite","@id":"https:\/\/www.sdmoland.com\/#website","url":"https:\/\/www.sdmoland.com\/","name":"Moland","description":"","potentialAction":[{"@type":"SearchAction","target":{"@type":"EntryPoint","urlTemplate":"https:\/\/www.sdmoland.com\/?s={search_term_string}"},"query-input":{"@type":"PropertyValueSpecification","valueRequired":true,"valueName":"search_term_string"}}],"inLanguage":"es"}]}},"_links":{"self":[{"href":"https:\/\/www.sdmoland.com\/es\/wp-json\/wp\/v2\/product\/8692","targetHints":{"allow":["GET"]}}],"collection":[{"href":"https:\/\/www.sdmoland.com\/es\/wp-json\/wp\/v2\/product"}],"about":[{"href":"https:\/\/www.sdmoland.com\/es\/wp-json\/wp\/v2\/types\/product"}],"wp:featuredmedia":[{"embeddable":true,"href":"https:\/\/www.sdmoland.com\/es\/wp-json\/wp\/v2\/media\/8801"}],"wp:attachment":[{"href":"https:\/\/www.sdmoland.com\/es\/wp-json\/wp\/v2\/media?parent=8692"}],"wp:term":[{"taxonomy":"products","embeddable":true,"href":"https:\/\/www.sdmoland.com\/es\/wp-json\/wp\/v2\/products?post=8692"}],"curies":[{"name":"wp","href":"https:\/\/api.w.org\/{rel}","templated":true}]}}