{"id":2,"date":"2024-10-11T06:54:34","date_gmt":"2024-10-11T06:54:34","guid":{"rendered":"https:\/\/www.sdmoland.com\/?page_id=2"},"modified":"2025-11-01T16:40:44","modified_gmt":"2025-11-01T16:40:44","slug":"sample-page-moland-dust-collector","status":"publish","type":"page","link":"https:\/\/www.sdmoland.com\/es\/sample-page-moland-dust-collector\/","title":{"rendered":"Sample Page"},"content":{"rendered":"<p>This is an example page. It&#8217;s different from a blog post because it will stay in one place and will show up in your site navigation (in most themes). Most people start with an About page that introduces them to potential site visitors. It might say something like this:<\/p>\n\n\n\n<blockquote class=\"wp-block-quote is-layout-flow wp-block-quote-is-layout-flow\"><p>Hi there! I&#8217;m a bike messenger by day, aspiring actor by night, and this is my website. I live in Los Angeles, have a great dog named Jack, and I like pi&#241;a coladas. (And gettin&#8217; caught in the rain.)<\/p><\/blockquote>\n\n\n\n<p>&#8230;or something like this:<\/p>\n\n\n\n<blockquote class=\"wp-block-quote is-layout-flow wp-block-quote-is-layout-flow\"><p>XYZ Doohickey Company se fund\u00f3 en 1971 y, desde entonces, ofrece al p\u00fablico doohickeys de calidad. Situada en Gotham City, XYZ emplea a m\u00e1s de 2.000 personas y hace todo tipo de cosas incre\u00edbles para la comunidad de Gotham.<\/p><\/blockquote>\n\n\n\n<p>Como nuevo usuario de WordPress, debe ir a <a href=\"https:\/\/www.sdmoland.com\/wp-admin\/\">tu panel de control<\/a> para eliminar esta p\u00e1gina y crear nuevas p\u00e1ginas para su contenido. \u00a1Divi\u00e9rtete!<\/p>","protected":false},"excerpt":{"rendered":"<p>This is an example page. It&#8217;s different from a blog post because it will stay in one place and will show up in your site navigation (in most themes). Most people start with an About page that introduces them to potential site visitors. It might say something like this: Hi there! I&#8217;m a bike messenger [&hellip;]<\/p>\n","protected":false},"author":1,"featured_media":0,"parent":0,"menu_order":0,"comment_status":"closed","ping_status":"open","template":"","meta":{"inline_featured_image":false,"footnotes":""},"class_list":["post-2","page","type-page","status-publish","hentry"],"yoast_head":"<!-- This site is optimized with the Yoast SEO plugin v27.3 - https:\/\/yoast.com\/product\/yoast-seo-wordpress\/ -->\n<title>sample-page-Moland dust collector<\/title>\n<meta name=\"description\" content=\"dust collector sample details here: analyze equipment examples, understand performance traits, aid wise purchases.\" \/>\n<meta name=\"robots\" content=\"index, follow, max-snippet:-1, max-image-preview:large, max-video-preview:-1\" \/>\n<link rel=\"canonical\" href=\"https:\/\/www.sdmoland.com\/es\/sample-page-moland-dust-collector\/\" \/>\n<meta property=\"og:locale\" content=\"es_ES\" \/>\n<meta property=\"og:type\" content=\"article\" \/>\n<meta property=\"og:title\" content=\"sample-page-Moland dust collector\" \/>\n<meta property=\"og:description\" content=\"dust collector sample details here: analyze equipment examples, understand performance traits, aid wise purchases.\" \/>\n<meta property=\"og:url\" content=\"https:\/\/www.sdmoland.com\/es\/sample-page-moland-dust-collector\/\" \/>\n<meta property=\"og:site_name\" content=\"Moland\" \/>\n<meta property=\"article:modified_time\" content=\"2025-11-01T16:40:44+00:00\" \/>\n<meta name=\"twitter:card\" content=\"summary_large_image\" \/>\n<meta name=\"twitter:label1\" content=\"Tiempo de lectura\" \/>\n\t<meta name=\"twitter:data1\" content=\"1 minuto\" \/>\n<script type=\"application\/ld+json\" class=\"yoast-schema-graph\">{\"@context\":\"https:\\\/\\\/schema.org\",\"@graph\":[{\"@type\":\"WebPage\",\"@id\":\"https:\\\/\\\/www.sdmoland.com\\\/sample-page-moland-dust-collector\\\/\",\"url\":\"https:\\\/\\\/www.sdmoland.com\\\/sample-page-moland-dust-collector\\\/\",\"name\":\"sample-page-Moland dust collector\",\"isPartOf\":{\"@id\":\"https:\\\/\\\/www.sdmoland.com\\\/#website\"},\"datePublished\":\"2024-10-11T06:54:34+00:00\",\"dateModified\":\"2025-11-01T16:40:44+00:00\",\"description\":\"dust collector sample details here: analyze equipment examples, understand performance traits, aid wise purchases.\",\"breadcrumb\":{\"@id\":\"https:\\\/\\\/www.sdmoland.com\\\/sample-page-moland-dust-collector\\\/#breadcrumb\"},\"inLanguage\":\"es\",\"potentialAction\":[{\"@type\":\"ReadAction\",\"target\":[\"https:\\\/\\\/www.sdmoland.com\\\/sample-page-moland-dust-collector\\\/\"]}]},{\"@type\":\"BreadcrumbList\",\"@id\":\"https:\\\/\\\/www.sdmoland.com\\\/sample-page-moland-dust-collector\\\/#breadcrumb\",\"itemListElement\":[{\"@type\":\"ListItem\",\"position\":1,\"name\":\"Home\",\"item\":\"https:\\\/\\\/www.sdmoland.com\\\/\"},{\"@type\":\"ListItem\",\"position\":2,\"name\":\"Sample Page\"}]},{\"@type\":\"WebSite\",\"@id\":\"https:\\\/\\\/www.sdmoland.com\\\/#website\",\"url\":\"https:\\\/\\\/www.sdmoland.com\\\/\",\"name\":\"Moland\",\"description\":\"\",\"potentialAction\":[{\"@type\":\"SearchAction\",\"target\":{\"@type\":\"EntryPoint\",\"urlTemplate\":\"https:\\\/\\\/www.sdmoland.com\\\/?s={search_term_string}\"},\"query-input\":{\"@type\":\"PropertyValueSpecification\",\"valueRequired\":true,\"valueName\":\"search_term_string\"}}],\"inLanguage\":\"es\"}]}<\/script>\n<!-- \/ Yoast SEO plugin. -->","yoast_head_json":{"title":"sample-page-Moland dust collector","description":"dust collector sample details here: analyze equipment examples, understand performance traits, aid wise purchases.","robots":{"index":"index","follow":"follow","max-snippet":"max-snippet:-1","max-image-preview":"max-image-preview:large","max-video-preview":"max-video-preview:-1"},"canonical":"https:\/\/www.sdmoland.com\/es\/sample-page-moland-dust-collector\/","og_locale":"es_ES","og_type":"article","og_title":"sample-page-Moland dust collector","og_description":"dust collector sample details here: analyze equipment examples, understand performance traits, aid wise purchases.","og_url":"https:\/\/www.sdmoland.com\/es\/sample-page-moland-dust-collector\/","og_site_name":"Moland","article_modified_time":"2025-11-01T16:40:44+00:00","twitter_card":"summary_large_image","twitter_misc":{"Tiempo de lectura":"1 minuto"},"schema":{"@context":"https:\/\/schema.org","@graph":[{"@type":"WebPage","@id":"https:\/\/www.sdmoland.com\/sample-page-moland-dust-collector\/","url":"https:\/\/www.sdmoland.com\/sample-page-moland-dust-collector\/","name":"sample-page-Moland dust collector","isPartOf":{"@id":"https:\/\/www.sdmoland.com\/#website"},"datePublished":"2024-10-11T06:54:34+00:00","dateModified":"2025-11-01T16:40:44+00:00","description":"dust collector sample details here: analyze equipment examples, understand performance traits, aid wise purchases.","breadcrumb":{"@id":"https:\/\/www.sdmoland.com\/sample-page-moland-dust-collector\/#breadcrumb"},"inLanguage":"es","potentialAction":[{"@type":"ReadAction","target":["https:\/\/www.sdmoland.com\/sample-page-moland-dust-collector\/"]}]},{"@type":"BreadcrumbList","@id":"https:\/\/www.sdmoland.com\/sample-page-moland-dust-collector\/#breadcrumb","itemListElement":[{"@type":"ListItem","position":1,"name":"Home","item":"https:\/\/www.sdmoland.com\/"},{"@type":"ListItem","position":2,"name":"Sample Page"}]},{"@type":"WebSite","@id":"https:\/\/www.sdmoland.com\/#website","url":"https:\/\/www.sdmoland.com\/","name":"Moland","description":"","potentialAction":[{"@type":"SearchAction","target":{"@type":"EntryPoint","urlTemplate":"https:\/\/www.sdmoland.com\/?s={search_term_string}"},"query-input":{"@type":"PropertyValueSpecification","valueRequired":true,"valueName":"search_term_string"}}],"inLanguage":"es"}]}},"_links":{"self":[{"href":"https:\/\/www.sdmoland.com\/es\/wp-json\/wp\/v2\/pages\/2","targetHints":{"allow":["GET"]}}],"collection":[{"href":"https:\/\/www.sdmoland.com\/es\/wp-json\/wp\/v2\/pages"}],"about":[{"href":"https:\/\/www.sdmoland.com\/es\/wp-json\/wp\/v2\/types\/page"}],"author":[{"embeddable":true,"href":"https:\/\/www.sdmoland.com\/es\/wp-json\/wp\/v2\/users\/1"}],"replies":[{"embeddable":true,"href":"https:\/\/www.sdmoland.com\/es\/wp-json\/wp\/v2\/comments?post=2"}],"version-history":[{"count":1,"href":"https:\/\/www.sdmoland.com\/es\/wp-json\/wp\/v2\/pages\/2\/revisions"}],"predecessor-version":[{"id":9028,"href":"https:\/\/www.sdmoland.com\/es\/wp-json\/wp\/v2\/pages\/2\/revisions\/9028"}],"wp:attachment":[{"href":"https:\/\/www.sdmoland.com\/es\/wp-json\/wp\/v2\/media?parent=2"}],"curies":[{"name":"wp","href":"https:\/\/api.w.org\/{rel}","templated":true}]}}