{"id":8683,"date":"2025-10-16T03:42:36","date_gmt":"2025-10-16T03:42:36","guid":{"rendered":"https:\/\/www.sdmoland.com\/?post_type=product&#038;p=8683"},"modified":"2025-10-31T16:28:29","modified_gmt":"2025-10-31T16:28:29","slug":"mobile-fume-extractormlwf200hd","status":"publish","type":"product","link":"https:\/\/www.sdmoland.com\/de\/product\/mobile-fume-extractormlwf200hd\/","title":{"rendered":"MLWF200HD"},"content":{"rendered":"","protected":false},"excerpt":{"rendered":"<p>Der mobile Dunstabzug verf\u00fcgt \u00fcber zwei Richtungs- und zwei Drehrollen aus Polyurethan mit Bremsen f\u00fcr einfache Mobilit\u00e4t und Stabilit\u00e4t. Er ist f\u00fcr die Reinigung von Rauch und Staub beim Schwei\u00dfen, Schleifen und bei verschiedenen Prozessen sowie f\u00fcr das Auffangen von seltenen Metallpartikeln und wertvollen Materialien konzipiert.<\/p>","protected":false},"featured_media":8695,"template":"","meta":{"inline_featured_image":false},"products":[2],"class_list":["post-8683","product","type-product","status-publish","has-post-thumbnail","hentry","products-mobile-fume-extractor"],"yoast_head":"<!-- This site is optimized with the Yoast SEO plugin v27.4 - https:\/\/yoast.com\/product\/yoast-seo-wordpress\/ -->\n<title>Mobile Fume Extractor:MLWF200HD<\/title>\n<meta name=\"description\" content=\"MLWF200HD mobile fume extractor: 2000m\u00b3\/h air volume, 0.3\u03bcm 99.9% filtration, automatic pulse cleaning, ideal for welding\/cutting\/grinding\" \/>\n<meta name=\"robots\" content=\"index, follow, max-snippet:-1, max-image-preview:large, max-video-preview:-1\" \/>\n<link rel=\"canonical\" href=\"https:\/\/www.sdmoland.com\/de\/product\/mobile-fume-extractormlwf200hd\/\" \/>\n<meta property=\"og:locale\" content=\"de_DE\" \/>\n<meta property=\"og:type\" content=\"article\" \/>\n<meta property=\"og:title\" content=\"Mobile Fume Extractor:MLWF200HD\" \/>\n<meta property=\"og:description\" content=\"MLWF200HD mobile fume extractor: 2000m\u00b3\/h air volume, 0.3\u03bcm 99.9% filtration, automatic pulse cleaning, ideal for welding\/cutting\/grinding\" \/>\n<meta property=\"og:url\" content=\"https:\/\/www.sdmoland.com\/de\/product\/mobile-fume-extractormlwf200hd\/\" \/>\n<meta property=\"og:site_name\" content=\"Moland\" \/>\n<meta property=\"article:modified_time\" content=\"2025-10-31T16:28:29+00:00\" \/>\n<meta property=\"og:image\" content=\"https:\/\/www.sdmoland.com\/wp-content\/uploads\/2025\/10\/movable-fume-extractor.jpg\" \/>\n\t<meta property=\"og:image:width\" content=\"800\" \/>\n\t<meta property=\"og:image:height\" content=\"800\" \/>\n\t<meta property=\"og:image:type\" content=\"image\/jpeg\" \/>\n<meta name=\"twitter:card\" content=\"summary_large_image\" \/>\n<meta name=\"twitter:label1\" content=\"Gesch\u00e4tzte Lesezeit\" \/>\n\t<meta name=\"twitter:data1\" content=\"1\u00a0Minute\" \/>\n<script type=\"application\/ld+json\" class=\"yoast-schema-graph\">{\"@context\":\"https:\\\/\\\/schema.org\",\"@graph\":[{\"@type\":\"WebPage\",\"@id\":\"https:\\\/\\\/www.sdmoland.com\\\/product\\\/mobile-fume-extractormlwf200hd\\\/\",\"url\":\"https:\\\/\\\/www.sdmoland.com\\\/product\\\/mobile-fume-extractormlwf200hd\\\/\",\"name\":\"Mobile Fume Extractor:MLWF200HD\",\"isPartOf\":{\"@id\":\"https:\\\/\\\/www.sdmoland.com\\\/#website\"},\"primaryImageOfPage\":{\"@id\":\"https:\\\/\\\/www.sdmoland.com\\\/product\\\/mobile-fume-extractormlwf200hd\\\/#primaryimage\"},\"image\":{\"@id\":\"https:\\\/\\\/www.sdmoland.com\\\/product\\\/mobile-fume-extractormlwf200hd\\\/#primaryimage\"},\"thumbnailUrl\":\"https:\\\/\\\/www.sdmoland.com\\\/wp-content\\\/uploads\\\/2025\\\/10\\\/movable-fume-extractor.jpg\",\"datePublished\":\"2025-10-16T03:42:36+00:00\",\"dateModified\":\"2025-10-31T16:28:29+00:00\",\"description\":\"MLWF200HD mobile fume extractor: 2000m\u00b3\\\/h air volume, 0.3\u03bcm 99.9% filtration, automatic pulse cleaning, ideal for welding\\\/cutting\\\/grinding\",\"breadcrumb\":{\"@id\":\"https:\\\/\\\/www.sdmoland.com\\\/product\\\/mobile-fume-extractormlwf200hd\\\/#breadcrumb\"},\"inLanguage\":\"de\",\"potentialAction\":[{\"@type\":\"ReadAction\",\"target\":[\"https:\\\/\\\/www.sdmoland.com\\\/product\\\/mobile-fume-extractormlwf200hd\\\/\"]}]},{\"@type\":\"ImageObject\",\"inLanguage\":\"de\",\"@id\":\"https:\\\/\\\/www.sdmoland.com\\\/product\\\/mobile-fume-extractormlwf200hd\\\/#primaryimage\",\"url\":\"https:\\\/\\\/www.sdmoland.com\\\/wp-content\\\/uploads\\\/2025\\\/10\\\/movable-fume-extractor.jpg\",\"contentUrl\":\"https:\\\/\\\/www.sdmoland.com\\\/wp-content\\\/uploads\\\/2025\\\/10\\\/movable-fume-extractor.jpg\",\"width\":800,\"height\":800},{\"@type\":\"BreadcrumbList\",\"@id\":\"https:\\\/\\\/www.sdmoland.com\\\/product\\\/mobile-fume-extractormlwf200hd\\\/#breadcrumb\",\"itemListElement\":[{\"@type\":\"ListItem\",\"position\":1,\"name\":\"Home\",\"item\":\"https:\\\/\\\/www.sdmoland.com\\\/\"},{\"@type\":\"ListItem\",\"position\":2,\"name\":\"Products\",\"item\":\"https:\\\/\\\/www.sdmoland.com\\\/product\\\/\"},{\"@type\":\"ListItem\",\"position\":3,\"name\":\"Mobile Fume Extractor\",\"item\":\"https:\\\/\\\/www.sdmoland.com\\\/products\\\/mobile-fume-extractor\\\/\"},{\"@type\":\"ListItem\",\"position\":4,\"name\":\"MLWF200HD\"}]},{\"@type\":\"WebSite\",\"@id\":\"https:\\\/\\\/www.sdmoland.com\\\/#website\",\"url\":\"https:\\\/\\\/www.sdmoland.com\\\/\",\"name\":\"Moland\",\"description\":\"\",\"potentialAction\":[{\"@type\":\"SearchAction\",\"target\":{\"@type\":\"EntryPoint\",\"urlTemplate\":\"https:\\\/\\\/www.sdmoland.com\\\/?s={search_term_string}\"},\"query-input\":{\"@type\":\"PropertyValueSpecification\",\"valueRequired\":true,\"valueName\":\"search_term_string\"}}],\"inLanguage\":\"de\"}]}<\/script>\n<!-- \/ Yoast SEO plugin. -->","yoast_head_json":{"title":"Mobile Fume Extractor:MLWF200HD","description":"MLWF200HD mobile fume extractor: 2000m\u00b3\/h air volume, 0.3\u03bcm 99.9% filtration, automatic pulse cleaning, ideal for welding\/cutting\/grinding","robots":{"index":"index","follow":"follow","max-snippet":"max-snippet:-1","max-image-preview":"max-image-preview:large","max-video-preview":"max-video-preview:-1"},"canonical":"https:\/\/www.sdmoland.com\/de\/product\/mobile-fume-extractormlwf200hd\/","og_locale":"de_DE","og_type":"article","og_title":"Mobile Fume Extractor:MLWF200HD","og_description":"MLWF200HD mobile fume extractor: 2000m\u00b3\/h air volume, 0.3\u03bcm 99.9% filtration, automatic pulse cleaning, ideal for welding\/cutting\/grinding","og_url":"https:\/\/www.sdmoland.com\/de\/product\/mobile-fume-extractormlwf200hd\/","og_site_name":"Moland","article_modified_time":"2025-10-31T16:28:29+00:00","og_image":[{"width":800,"height":800,"url":"https:\/\/www.sdmoland.com\/wp-content\/uploads\/2025\/10\/movable-fume-extractor.jpg","type":"image\/jpeg"}],"twitter_card":"summary_large_image","twitter_misc":{"Gesch\u00e4tzte Lesezeit":"1\u00a0Minute"},"schema":{"@context":"https:\/\/schema.org","@graph":[{"@type":"WebPage","@id":"https:\/\/www.sdmoland.com\/product\/mobile-fume-extractormlwf200hd\/","url":"https:\/\/www.sdmoland.com\/product\/mobile-fume-extractormlwf200hd\/","name":"Mobile Fume Extractor:MLWF200HD","isPartOf":{"@id":"https:\/\/www.sdmoland.com\/#website"},"primaryImageOfPage":{"@id":"https:\/\/www.sdmoland.com\/product\/mobile-fume-extractormlwf200hd\/#primaryimage"},"image":{"@id":"https:\/\/www.sdmoland.com\/product\/mobile-fume-extractormlwf200hd\/#primaryimage"},"thumbnailUrl":"https:\/\/www.sdmoland.com\/wp-content\/uploads\/2025\/10\/movable-fume-extractor.jpg","datePublished":"2025-10-16T03:42:36+00:00","dateModified":"2025-10-31T16:28:29+00:00","description":"MLWF200HD mobile fume extractor: 2000m\u00b3\/h air volume, 0.3\u03bcm 99.9% filtration, automatic pulse cleaning, ideal for welding\/cutting\/grinding","breadcrumb":{"@id":"https:\/\/www.sdmoland.com\/product\/mobile-fume-extractormlwf200hd\/#breadcrumb"},"inLanguage":"de","potentialAction":[{"@type":"ReadAction","target":["https:\/\/www.sdmoland.com\/product\/mobile-fume-extractormlwf200hd\/"]}]},{"@type":"ImageObject","inLanguage":"de","@id":"https:\/\/www.sdmoland.com\/product\/mobile-fume-extractormlwf200hd\/#primaryimage","url":"https:\/\/www.sdmoland.com\/wp-content\/uploads\/2025\/10\/movable-fume-extractor.jpg","contentUrl":"https:\/\/www.sdmoland.com\/wp-content\/uploads\/2025\/10\/movable-fume-extractor.jpg","width":800,"height":800},{"@type":"BreadcrumbList","@id":"https:\/\/www.sdmoland.com\/product\/mobile-fume-extractormlwf200hd\/#breadcrumb","itemListElement":[{"@type":"ListItem","position":1,"name":"Home","item":"https:\/\/www.sdmoland.com\/"},{"@type":"ListItem","position":2,"name":"Products","item":"https:\/\/www.sdmoland.com\/product\/"},{"@type":"ListItem","position":3,"name":"Mobile Fume Extractor","item":"https:\/\/www.sdmoland.com\/products\/mobile-fume-extractor\/"},{"@type":"ListItem","position":4,"name":"MLWF200HD"}]},{"@type":"WebSite","@id":"https:\/\/www.sdmoland.com\/#website","url":"https:\/\/www.sdmoland.com\/","name":"Moland","description":"","potentialAction":[{"@type":"SearchAction","target":{"@type":"EntryPoint","urlTemplate":"https:\/\/www.sdmoland.com\/?s={search_term_string}"},"query-input":{"@type":"PropertyValueSpecification","valueRequired":true,"valueName":"search_term_string"}}],"inLanguage":"de"}]}},"_links":{"self":[{"href":"https:\/\/www.sdmoland.com\/de\/wp-json\/wp\/v2\/product\/8683","targetHints":{"allow":["GET"]}}],"collection":[{"href":"https:\/\/www.sdmoland.com\/de\/wp-json\/wp\/v2\/product"}],"about":[{"href":"https:\/\/www.sdmoland.com\/de\/wp-json\/wp\/v2\/types\/product"}],"wp:featuredmedia":[{"embeddable":true,"href":"https:\/\/www.sdmoland.com\/de\/wp-json\/wp\/v2\/media\/8695"}],"wp:attachment":[{"href":"https:\/\/www.sdmoland.com\/de\/wp-json\/wp\/v2\/media?parent=8683"}],"wp:term":[{"taxonomy":"products","embeddable":true,"href":"https:\/\/www.sdmoland.com\/de\/wp-json\/wp\/v2\/products?post=8683"}],"curies":[{"name":"wp","href":"https:\/\/api.w.org\/{rel}","templated":true}]}}