{"id":600,"date":"2024-12-20T09:41:41","date_gmt":"2024-12-20T09:41:41","guid":{"rendered":"https:\/\/www.sdmoland.com\/?post_type=product&#038;p=600"},"modified":"2025-10-31T12:42:41","modified_gmt":"2025-10-31T12:42:41","slug":"dust-collector-mlwf350-dm","status":"publish","type":"product","link":"https:\/\/www.sdmoland.com\/de\/product\/dust-collector-mlwf350-dm\/","title":{"rendered":"MLWF350-DM"},"content":{"rendered":"","protected":false},"excerpt":{"rendered":"<p>Downdraft-Tische sind Arbeitstische und Absauganlagen f\u00fcr zwei Zwecke. Sie sind mit Absaugl\u00f6chern f\u00fcr Downdraft und Backdraft ausgestattet und eignen sich f\u00fcr die Erfassung und Reinigung von Rauch und Staub an der Quelle.  Downdraft-Tische sind eine hervorragende L\u00f6sung f\u00fcr das Schwei\u00dfen, Schleifen, Plasmaschneiden usw. f\u00fcr kleine bis mittelgro\u00dfe Teile.<\/p>","protected":false},"featured_media":601,"template":"","meta":{"inline_featured_image":false},"products":[18,21],"class_list":["post-600","product","type-product","status-publish","has-post-thumbnail","hentry","products-grinding-dust-collector","products-downdraft-table"],"yoast_head":"<!-- This site is optimized with the Yoast SEO plugin v27.4 - https:\/\/yoast.com\/product\/yoast-seo-wordpress\/ -->\n<title>Dust Collector :MLWF350-DM<\/title>\n<meta name=\"description\" content=\"MLWF350-DM Dust Collector: 3kw, 3000~3500m\u00b3\/h. PTFE filter, 0.3\u03bcm. Auto pulse cleaning. Downdraft\/backdraft. For grinding, welding etc.\" \/>\n<meta name=\"robots\" content=\"index, follow, max-snippet:-1, max-image-preview:large, max-video-preview:-1\" \/>\n<link rel=\"canonical\" href=\"https:\/\/www.sdmoland.com\/de\/product\/dust-collector-mlwf350-dm\/\" \/>\n<meta property=\"og:locale\" content=\"de_DE\" \/>\n<meta property=\"og:type\" content=\"article\" \/>\n<meta property=\"og:title\" content=\"Dust Collector :MLWF350-DM\" \/>\n<meta property=\"og:description\" content=\"MLWF350-DM Dust Collector: 3kw, 3000~3500m\u00b3\/h. PTFE filter, 0.3\u03bcm. Auto pulse cleaning. Downdraft\/backdraft. For grinding, welding etc.\" \/>\n<meta property=\"og:url\" content=\"https:\/\/www.sdmoland.com\/de\/product\/dust-collector-mlwf350-dm\/\" \/>\n<meta property=\"og:site_name\" content=\"Moland\" \/>\n<meta property=\"article:modified_time\" content=\"2025-10-31T12:42:41+00:00\" \/>\n<meta property=\"og:image\" content=\"https:\/\/www.sdmoland.com\/wp-content\/uploads\/2024\/12\/1-3.png\" \/>\n\t<meta property=\"og:image:width\" content=\"800\" \/>\n\t<meta property=\"og:image:height\" content=\"800\" \/>\n\t<meta property=\"og:image:type\" content=\"image\/png\" \/>\n<meta name=\"twitter:card\" content=\"summary_large_image\" \/>\n<meta name=\"twitter:label1\" content=\"Gesch\u00e4tzte Lesezeit\" \/>\n\t<meta name=\"twitter:data1\" content=\"1\u00a0Minute\" \/>\n<script type=\"application\/ld+json\" class=\"yoast-schema-graph\">{\"@context\":\"https:\\\/\\\/schema.org\",\"@graph\":[{\"@type\":\"WebPage\",\"@id\":\"https:\\\/\\\/www.sdmoland.com\\\/product\\\/dust-collector-mlwf350-dm\\\/\",\"url\":\"https:\\\/\\\/www.sdmoland.com\\\/product\\\/dust-collector-mlwf350-dm\\\/\",\"name\":\"Dust Collector :MLWF350-DM\",\"isPartOf\":{\"@id\":\"https:\\\/\\\/www.sdmoland.com\\\/#website\"},\"primaryImageOfPage\":{\"@id\":\"https:\\\/\\\/www.sdmoland.com\\\/product\\\/dust-collector-mlwf350-dm\\\/#primaryimage\"},\"image\":{\"@id\":\"https:\\\/\\\/www.sdmoland.com\\\/product\\\/dust-collector-mlwf350-dm\\\/#primaryimage\"},\"thumbnailUrl\":\"https:\\\/\\\/www.sdmoland.com\\\/wp-content\\\/uploads\\\/2024\\\/12\\\/1-3.png\",\"datePublished\":\"2024-12-20T09:41:41+00:00\",\"dateModified\":\"2025-10-31T12:42:41+00:00\",\"description\":\"MLWF350-DM Dust Collector: 3kw, 3000~3500m\u00b3\\\/h. PTFE filter, 0.3\u03bcm. Auto pulse cleaning. Downdraft\\\/backdraft. For grinding, welding etc.\",\"breadcrumb\":{\"@id\":\"https:\\\/\\\/www.sdmoland.com\\\/product\\\/dust-collector-mlwf350-dm\\\/#breadcrumb\"},\"inLanguage\":\"de\",\"potentialAction\":[{\"@type\":\"ReadAction\",\"target\":[\"https:\\\/\\\/www.sdmoland.com\\\/product\\\/dust-collector-mlwf350-dm\\\/\"]}]},{\"@type\":\"ImageObject\",\"inLanguage\":\"de\",\"@id\":\"https:\\\/\\\/www.sdmoland.com\\\/product\\\/dust-collector-mlwf350-dm\\\/#primaryimage\",\"url\":\"https:\\\/\\\/www.sdmoland.com\\\/wp-content\\\/uploads\\\/2024\\\/12\\\/1-3.png\",\"contentUrl\":\"https:\\\/\\\/www.sdmoland.com\\\/wp-content\\\/uploads\\\/2024\\\/12\\\/1-3.png\",\"width\":800,\"height\":800},{\"@type\":\"BreadcrumbList\",\"@id\":\"https:\\\/\\\/www.sdmoland.com\\\/product\\\/dust-collector-mlwf350-dm\\\/#breadcrumb\",\"itemListElement\":[{\"@type\":\"ListItem\",\"position\":1,\"name\":\"Home\",\"item\":\"https:\\\/\\\/www.sdmoland.com\\\/\"},{\"@type\":\"ListItem\",\"position\":2,\"name\":\"Products\",\"item\":\"https:\\\/\\\/www.sdmoland.com\\\/product\\\/\"},{\"@type\":\"ListItem\",\"position\":3,\"name\":\"Grinding Dust Collector\",\"item\":\"https:\\\/\\\/www.sdmoland.com\\\/products\\\/grinding-dust-collector\\\/\"},{\"@type\":\"ListItem\",\"position\":4,\"name\":\"Downdraft Table\",\"item\":\"https:\\\/\\\/www.sdmoland.com\\\/products\\\/downdraft-table\\\/\"},{\"@type\":\"ListItem\",\"position\":5,\"name\":\"MLWF350-DM\"}]},{\"@type\":\"WebSite\",\"@id\":\"https:\\\/\\\/www.sdmoland.com\\\/#website\",\"url\":\"https:\\\/\\\/www.sdmoland.com\\\/\",\"name\":\"Moland\",\"description\":\"\",\"potentialAction\":[{\"@type\":\"SearchAction\",\"target\":{\"@type\":\"EntryPoint\",\"urlTemplate\":\"https:\\\/\\\/www.sdmoland.com\\\/?s={search_term_string}\"},\"query-input\":{\"@type\":\"PropertyValueSpecification\",\"valueRequired\":true,\"valueName\":\"search_term_string\"}}],\"inLanguage\":\"de\"}]}<\/script>\n<!-- \/ Yoast SEO plugin. -->","yoast_head_json":{"title":"Dust Collector :MLWF350-DM","description":"MLWF350-DM Dust Collector: 3kw, 3000~3500m\u00b3\/h. PTFE filter, 0.3\u03bcm. Auto pulse cleaning. Downdraft\/backdraft. For grinding, welding etc.","robots":{"index":"index","follow":"follow","max-snippet":"max-snippet:-1","max-image-preview":"max-image-preview:large","max-video-preview":"max-video-preview:-1"},"canonical":"https:\/\/www.sdmoland.com\/de\/product\/dust-collector-mlwf350-dm\/","og_locale":"de_DE","og_type":"article","og_title":"Dust Collector :MLWF350-DM","og_description":"MLWF350-DM Dust Collector: 3kw, 3000~3500m\u00b3\/h. PTFE filter, 0.3\u03bcm. Auto pulse cleaning. Downdraft\/backdraft. For grinding, welding etc.","og_url":"https:\/\/www.sdmoland.com\/de\/product\/dust-collector-mlwf350-dm\/","og_site_name":"Moland","article_modified_time":"2025-10-31T12:42:41+00:00","og_image":[{"width":800,"height":800,"url":"https:\/\/www.sdmoland.com\/wp-content\/uploads\/2024\/12\/1-3.png","type":"image\/png"}],"twitter_card":"summary_large_image","twitter_misc":{"Gesch\u00e4tzte Lesezeit":"1\u00a0Minute"},"schema":{"@context":"https:\/\/schema.org","@graph":[{"@type":"WebPage","@id":"https:\/\/www.sdmoland.com\/product\/dust-collector-mlwf350-dm\/","url":"https:\/\/www.sdmoland.com\/product\/dust-collector-mlwf350-dm\/","name":"Dust Collector :MLWF350-DM","isPartOf":{"@id":"https:\/\/www.sdmoland.com\/#website"},"primaryImageOfPage":{"@id":"https:\/\/www.sdmoland.com\/product\/dust-collector-mlwf350-dm\/#primaryimage"},"image":{"@id":"https:\/\/www.sdmoland.com\/product\/dust-collector-mlwf350-dm\/#primaryimage"},"thumbnailUrl":"https:\/\/www.sdmoland.com\/wp-content\/uploads\/2024\/12\/1-3.png","datePublished":"2024-12-20T09:41:41+00:00","dateModified":"2025-10-31T12:42:41+00:00","description":"MLWF350-DM Dust Collector: 3kw, 3000~3500m\u00b3\/h. PTFE filter, 0.3\u03bcm. Auto pulse cleaning. Downdraft\/backdraft. For grinding, welding etc.","breadcrumb":{"@id":"https:\/\/www.sdmoland.com\/product\/dust-collector-mlwf350-dm\/#breadcrumb"},"inLanguage":"de","potentialAction":[{"@type":"ReadAction","target":["https:\/\/www.sdmoland.com\/product\/dust-collector-mlwf350-dm\/"]}]},{"@type":"ImageObject","inLanguage":"de","@id":"https:\/\/www.sdmoland.com\/product\/dust-collector-mlwf350-dm\/#primaryimage","url":"https:\/\/www.sdmoland.com\/wp-content\/uploads\/2024\/12\/1-3.png","contentUrl":"https:\/\/www.sdmoland.com\/wp-content\/uploads\/2024\/12\/1-3.png","width":800,"height":800},{"@type":"BreadcrumbList","@id":"https:\/\/www.sdmoland.com\/product\/dust-collector-mlwf350-dm\/#breadcrumb","itemListElement":[{"@type":"ListItem","position":1,"name":"Home","item":"https:\/\/www.sdmoland.com\/"},{"@type":"ListItem","position":2,"name":"Products","item":"https:\/\/www.sdmoland.com\/product\/"},{"@type":"ListItem","position":3,"name":"Grinding Dust Collector","item":"https:\/\/www.sdmoland.com\/products\/grinding-dust-collector\/"},{"@type":"ListItem","position":4,"name":"Downdraft Table","item":"https:\/\/www.sdmoland.com\/products\/downdraft-table\/"},{"@type":"ListItem","position":5,"name":"MLWF350-DM"}]},{"@type":"WebSite","@id":"https:\/\/www.sdmoland.com\/#website","url":"https:\/\/www.sdmoland.com\/","name":"Moland","description":"","potentialAction":[{"@type":"SearchAction","target":{"@type":"EntryPoint","urlTemplate":"https:\/\/www.sdmoland.com\/?s={search_term_string}"},"query-input":{"@type":"PropertyValueSpecification","valueRequired":true,"valueName":"search_term_string"}}],"inLanguage":"de"}]}},"_links":{"self":[{"href":"https:\/\/www.sdmoland.com\/de\/wp-json\/wp\/v2\/product\/600","targetHints":{"allow":["GET"]}}],"collection":[{"href":"https:\/\/www.sdmoland.com\/de\/wp-json\/wp\/v2\/product"}],"about":[{"href":"https:\/\/www.sdmoland.com\/de\/wp-json\/wp\/v2\/types\/product"}],"wp:featuredmedia":[{"embeddable":true,"href":"https:\/\/www.sdmoland.com\/de\/wp-json\/wp\/v2\/media\/601"}],"wp:attachment":[{"href":"https:\/\/www.sdmoland.com\/de\/wp-json\/wp\/v2\/media?parent=600"}],"wp:term":[{"taxonomy":"products","embeddable":true,"href":"https:\/\/www.sdmoland.com\/de\/wp-json\/wp\/v2\/products?post=600"}],"curies":[{"name":"wp","href":"https:\/\/api.w.org\/{rel}","templated":true}]}}