{"id":536,"date":"2024-12-25T08:09:02","date_gmt":"2024-12-25T08:09:02","guid":{"rendered":"https:\/\/www.sdmoland.com\/?post_type=product&#038;p=536"},"modified":"2025-10-31T12:42:05","modified_gmt":"2025-10-31T12:42:05","slug":"dust-collector-mlwf320-dm","status":"publish","type":"product","link":"https:\/\/www.sdmoland.com\/de\/product\/dust-collector-mlwf320-dm\/","title":{"rendered":"MLWF320-DM"},"content":{"rendered":"","protected":false},"excerpt":{"rendered":"<p>Downdraft-Tische sind Arbeitsplatz- und Absaugger\u00e4te mit doppeltem Verwendungszweck, die f\u00fcr die Erfassung und Reinigung von Rauch und Staub an der Quelle konzipiert sind. Der leistungsstarke Absaugmotor bietet ein Luftvolumen von 2100 CFM f\u00fcr die Absaugung von 20% mit R\u00fccksog und 80% mit Absaugung. Der Absaugtisch ist eine hervorragende L\u00f6sung zum Schwei\u00dfen, Schleifen, Plasmaschneiden usw. f\u00fcr kleine bis mittelgro\u00dfe Teile.<\/p>","protected":false},"featured_media":362,"template":"","meta":{"inline_featured_image":false},"products":[18,21],"class_list":["post-536","product","type-product","status-publish","has-post-thumbnail","hentry","products-grinding-dust-collector","products-downdraft-table"],"yoast_head":"<!-- This site is optimized with the Yoast SEO plugin v27.4 - https:\/\/yoast.com\/product\/yoast-seo-wordpress\/ -->\n<title>Dust Collector :MLWF320-DM<\/title>\n<meta name=\"description\" content=\"MLWF320-DM Dust Collector: 3kw, 3200~3600m\u00b3\/h. PTFE filter, 0.3\u03bcm. Auto pulse cleaning. Downdraft\/backdraft. For grinding, welding etc.\" \/>\n<meta name=\"robots\" content=\"index, follow, max-snippet:-1, max-image-preview:large, max-video-preview:-1\" \/>\n<link rel=\"canonical\" href=\"https:\/\/www.sdmoland.com\/de\/product\/dust-collector-mlwf320-dm\/\" \/>\n<meta property=\"og:locale\" content=\"de_DE\" \/>\n<meta property=\"og:type\" content=\"article\" \/>\n<meta property=\"og:title\" content=\"Dust Collector :MLWF320-DM\" \/>\n<meta property=\"og:description\" content=\"MLWF320-DM Dust Collector: 3kw, 3200~3600m\u00b3\/h. PTFE filter, 0.3\u03bcm. Auto pulse cleaning. Downdraft\/backdraft. For grinding, welding etc.\" \/>\n<meta property=\"og:url\" content=\"https:\/\/www.sdmoland.com\/de\/product\/dust-collector-mlwf320-dm\/\" \/>\n<meta property=\"og:site_name\" content=\"Moland\" \/>\n<meta property=\"article:modified_time\" content=\"2025-10-31T12:42:05+00:00\" \/>\n<meta property=\"og:image\" content=\"https:\/\/www.sdmoland.com\/wp-content\/uploads\/2024\/11\/320.png\" \/>\n\t<meta property=\"og:image:width\" content=\"800\" \/>\n\t<meta property=\"og:image:height\" content=\"800\" \/>\n\t<meta property=\"og:image:type\" content=\"image\/png\" \/>\n<meta name=\"twitter:card\" content=\"summary_large_image\" \/>\n<meta name=\"twitter:label1\" content=\"Gesch\u00e4tzte Lesezeit\" \/>\n\t<meta name=\"twitter:data1\" content=\"1\u00a0Minute\" \/>\n<script type=\"application\/ld+json\" class=\"yoast-schema-graph\">{\"@context\":\"https:\\\/\\\/schema.org\",\"@graph\":[{\"@type\":\"WebPage\",\"@id\":\"https:\\\/\\\/www.sdmoland.com\\\/product\\\/dust-collector-mlwf320-dm\\\/\",\"url\":\"https:\\\/\\\/www.sdmoland.com\\\/product\\\/dust-collector-mlwf320-dm\\\/\",\"name\":\"Dust Collector :MLWF320-DM\",\"isPartOf\":{\"@id\":\"https:\\\/\\\/www.sdmoland.com\\\/#website\"},\"primaryImageOfPage\":{\"@id\":\"https:\\\/\\\/www.sdmoland.com\\\/product\\\/dust-collector-mlwf320-dm\\\/#primaryimage\"},\"image\":{\"@id\":\"https:\\\/\\\/www.sdmoland.com\\\/product\\\/dust-collector-mlwf320-dm\\\/#primaryimage\"},\"thumbnailUrl\":\"https:\\\/\\\/www.sdmoland.com\\\/wp-content\\\/uploads\\\/2024\\\/11\\\/320.png\",\"datePublished\":\"2024-12-25T08:09:02+00:00\",\"dateModified\":\"2025-10-31T12:42:05+00:00\",\"description\":\"MLWF320-DM Dust Collector: 3kw, 3200~3600m\u00b3\\\/h. PTFE filter, 0.3\u03bcm. Auto pulse cleaning. Downdraft\\\/backdraft. For grinding, welding etc.\",\"breadcrumb\":{\"@id\":\"https:\\\/\\\/www.sdmoland.com\\\/product\\\/dust-collector-mlwf320-dm\\\/#breadcrumb\"},\"inLanguage\":\"de\",\"potentialAction\":[{\"@type\":\"ReadAction\",\"target\":[\"https:\\\/\\\/www.sdmoland.com\\\/product\\\/dust-collector-mlwf320-dm\\\/\"]}]},{\"@type\":\"ImageObject\",\"inLanguage\":\"de\",\"@id\":\"https:\\\/\\\/www.sdmoland.com\\\/product\\\/dust-collector-mlwf320-dm\\\/#primaryimage\",\"url\":\"https:\\\/\\\/www.sdmoland.com\\\/wp-content\\\/uploads\\\/2024\\\/11\\\/320.png\",\"contentUrl\":\"https:\\\/\\\/www.sdmoland.com\\\/wp-content\\\/uploads\\\/2024\\\/11\\\/320.png\",\"width\":800,\"height\":800},{\"@type\":\"BreadcrumbList\",\"@id\":\"https:\\\/\\\/www.sdmoland.com\\\/product\\\/dust-collector-mlwf320-dm\\\/#breadcrumb\",\"itemListElement\":[{\"@type\":\"ListItem\",\"position\":1,\"name\":\"Home\",\"item\":\"https:\\\/\\\/www.sdmoland.com\\\/\"},{\"@type\":\"ListItem\",\"position\":2,\"name\":\"Products\",\"item\":\"https:\\\/\\\/www.sdmoland.com\\\/product\\\/\"},{\"@type\":\"ListItem\",\"position\":3,\"name\":\"Grinding Dust Collector\",\"item\":\"https:\\\/\\\/www.sdmoland.com\\\/products\\\/grinding-dust-collector\\\/\"},{\"@type\":\"ListItem\",\"position\":4,\"name\":\"MLWF320-DM\"}]},{\"@type\":\"WebSite\",\"@id\":\"https:\\\/\\\/www.sdmoland.com\\\/#website\",\"url\":\"https:\\\/\\\/www.sdmoland.com\\\/\",\"name\":\"Moland\",\"description\":\"\",\"potentialAction\":[{\"@type\":\"SearchAction\",\"target\":{\"@type\":\"EntryPoint\",\"urlTemplate\":\"https:\\\/\\\/www.sdmoland.com\\\/?s={search_term_string}\"},\"query-input\":{\"@type\":\"PropertyValueSpecification\",\"valueRequired\":true,\"valueName\":\"search_term_string\"}}],\"inLanguage\":\"de\"}]}<\/script>\n<!-- \/ Yoast SEO plugin. -->","yoast_head_json":{"title":"Dust Collector :MLWF320-DM","description":"MLWF320-DM Dust Collector: 3kw, 3200~3600m\u00b3\/h. PTFE filter, 0.3\u03bcm. Auto pulse cleaning. Downdraft\/backdraft. For grinding, welding etc.","robots":{"index":"index","follow":"follow","max-snippet":"max-snippet:-1","max-image-preview":"max-image-preview:large","max-video-preview":"max-video-preview:-1"},"canonical":"https:\/\/www.sdmoland.com\/de\/product\/dust-collector-mlwf320-dm\/","og_locale":"de_DE","og_type":"article","og_title":"Dust Collector :MLWF320-DM","og_description":"MLWF320-DM Dust Collector: 3kw, 3200~3600m\u00b3\/h. PTFE filter, 0.3\u03bcm. Auto pulse cleaning. Downdraft\/backdraft. For grinding, welding etc.","og_url":"https:\/\/www.sdmoland.com\/de\/product\/dust-collector-mlwf320-dm\/","og_site_name":"Moland","article_modified_time":"2025-10-31T12:42:05+00:00","og_image":[{"width":800,"height":800,"url":"https:\/\/www.sdmoland.com\/wp-content\/uploads\/2024\/11\/320.png","type":"image\/png"}],"twitter_card":"summary_large_image","twitter_misc":{"Gesch\u00e4tzte Lesezeit":"1\u00a0Minute"},"schema":{"@context":"https:\/\/schema.org","@graph":[{"@type":"WebPage","@id":"https:\/\/www.sdmoland.com\/product\/dust-collector-mlwf320-dm\/","url":"https:\/\/www.sdmoland.com\/product\/dust-collector-mlwf320-dm\/","name":"Dust Collector :MLWF320-DM","isPartOf":{"@id":"https:\/\/www.sdmoland.com\/#website"},"primaryImageOfPage":{"@id":"https:\/\/www.sdmoland.com\/product\/dust-collector-mlwf320-dm\/#primaryimage"},"image":{"@id":"https:\/\/www.sdmoland.com\/product\/dust-collector-mlwf320-dm\/#primaryimage"},"thumbnailUrl":"https:\/\/www.sdmoland.com\/wp-content\/uploads\/2024\/11\/320.png","datePublished":"2024-12-25T08:09:02+00:00","dateModified":"2025-10-31T12:42:05+00:00","description":"MLWF320-DM Dust Collector: 3kw, 3200~3600m\u00b3\/h. PTFE filter, 0.3\u03bcm. Auto pulse cleaning. Downdraft\/backdraft. For grinding, welding etc.","breadcrumb":{"@id":"https:\/\/www.sdmoland.com\/product\/dust-collector-mlwf320-dm\/#breadcrumb"},"inLanguage":"de","potentialAction":[{"@type":"ReadAction","target":["https:\/\/www.sdmoland.com\/product\/dust-collector-mlwf320-dm\/"]}]},{"@type":"ImageObject","inLanguage":"de","@id":"https:\/\/www.sdmoland.com\/product\/dust-collector-mlwf320-dm\/#primaryimage","url":"https:\/\/www.sdmoland.com\/wp-content\/uploads\/2024\/11\/320.png","contentUrl":"https:\/\/www.sdmoland.com\/wp-content\/uploads\/2024\/11\/320.png","width":800,"height":800},{"@type":"BreadcrumbList","@id":"https:\/\/www.sdmoland.com\/product\/dust-collector-mlwf320-dm\/#breadcrumb","itemListElement":[{"@type":"ListItem","position":1,"name":"Home","item":"https:\/\/www.sdmoland.com\/"},{"@type":"ListItem","position":2,"name":"Products","item":"https:\/\/www.sdmoland.com\/product\/"},{"@type":"ListItem","position":3,"name":"Grinding Dust Collector","item":"https:\/\/www.sdmoland.com\/products\/grinding-dust-collector\/"},{"@type":"ListItem","position":4,"name":"MLWF320-DM"}]},{"@type":"WebSite","@id":"https:\/\/www.sdmoland.com\/#website","url":"https:\/\/www.sdmoland.com\/","name":"Moland","description":"","potentialAction":[{"@type":"SearchAction","target":{"@type":"EntryPoint","urlTemplate":"https:\/\/www.sdmoland.com\/?s={search_term_string}"},"query-input":{"@type":"PropertyValueSpecification","valueRequired":true,"valueName":"search_term_string"}}],"inLanguage":"de"}]}},"_links":{"self":[{"href":"https:\/\/www.sdmoland.com\/de\/wp-json\/wp\/v2\/product\/536","targetHints":{"allow":["GET"]}}],"collection":[{"href":"https:\/\/www.sdmoland.com\/de\/wp-json\/wp\/v2\/product"}],"about":[{"href":"https:\/\/www.sdmoland.com\/de\/wp-json\/wp\/v2\/types\/product"}],"wp:featuredmedia":[{"embeddable":true,"href":"https:\/\/www.sdmoland.com\/de\/wp-json\/wp\/v2\/media\/362"}],"wp:attachment":[{"href":"https:\/\/www.sdmoland.com\/de\/wp-json\/wp\/v2\/media?parent=536"}],"wp:term":[{"taxonomy":"products","embeddable":true,"href":"https:\/\/www.sdmoland.com\/de\/wp-json\/wp\/v2\/products?post=536"}],"curies":[{"name":"wp","href":"https:\/\/api.w.org\/{rel}","templated":true}]}}