{"id":45,"date":"2020-12-30T03:22:52","date_gmt":"2020-12-30T03:22:52","guid":{"rendered":"https:\/\/www.sdmoland.com\/?post_type=product&#038;p=45"},"modified":"2025-10-21T07:19:35","modified_gmt":"2025-10-21T07:19:35","slug":"mlwf120-200","status":"publish","type":"product","link":"https:\/\/www.sdmoland.com\/de\/product\/mlwf120-200\/","title":{"rendered":"MLWF120\/200"},"content":{"rendered":"","protected":false},"excerpt":{"rendered":"<p>Der mobile Dunstabzug verf\u00fcgt \u00fcber zwei Richtungs- und zwei Drehrollen aus Polyurethan mit Bremsen f\u00fcr einfache Mobilit\u00e4t und Stabilit\u00e4t. Er ist f\u00fcr die Reinigung von Rauch und Staub beim Schwei\u00dfen, Schleifen und bei verschiedenen Prozessen sowie f\u00fcr das Auffangen von seltenen Metallpartikeln und wertvollen Materialien konzipiert.<\/p>","protected":false},"featured_media":180,"template":"","meta":{"inline_featured_image":false},"products":[2],"class_list":["post-45","product","type-product","status-publish","has-post-thumbnail","hentry","products-mobile-fume-extractor"],"yoast_head":"<!-- This site is optimized with the Yoast SEO plugin v27.4 - https:\/\/yoast.com\/product\/yoast-seo-wordpress\/ -->\n<title>MLWF120\/200 - Moland<\/title>\n<meta name=\"robots\" content=\"index, follow, max-snippet:-1, max-image-preview:large, max-video-preview:-1\" \/>\n<link rel=\"canonical\" href=\"https:\/\/www.sdmoland.com\/de\/product\/mlwf120-200\/\" \/>\n<meta property=\"og:locale\" content=\"de_DE\" \/>\n<meta property=\"og:type\" content=\"article\" \/>\n<meta property=\"og:title\" content=\"MLWF120\/200 - Moland\" \/>\n<meta property=\"og:description\" content=\"The Mobile Fume Extractor features two directional and two rotary polyurethane casters with brakes for easy mobility and stability. It&#039;s designed for fume and dust purification from welding, grinding, and various processes, as well as for collecting rare metal particles and valuable materials.\" \/>\n<meta property=\"og:url\" content=\"https:\/\/www.sdmoland.com\/de\/product\/mlwf120-200\/\" \/>\n<meta property=\"og:site_name\" content=\"Moland\" \/>\n<meta property=\"article:modified_time\" content=\"2025-10-21T07:19:35+00:00\" \/>\n<meta property=\"og:image\" content=\"https:\/\/www.sdmoland.com\/wp-content\/uploads\/2024\/11\/1.png\" \/>\n\t<meta property=\"og:image:width\" content=\"800\" \/>\n\t<meta property=\"og:image:height\" content=\"800\" \/>\n\t<meta property=\"og:image:type\" content=\"image\/png\" \/>\n<meta name=\"twitter:card\" content=\"summary_large_image\" \/>\n<meta name=\"twitter:label1\" content=\"Gesch\u00e4tzte Lesezeit\" \/>\n\t<meta name=\"twitter:data1\" content=\"1\u00a0Minute\" \/>\n<script type=\"application\/ld+json\" class=\"yoast-schema-graph\">{\"@context\":\"https:\\\/\\\/schema.org\",\"@graph\":[{\"@type\":\"WebPage\",\"@id\":\"https:\\\/\\\/www.sdmoland.com\\\/product\\\/mlwf120-200\\\/\",\"url\":\"https:\\\/\\\/www.sdmoland.com\\\/product\\\/mlwf120-200\\\/\",\"name\":\"MLWF120\\\/200 - Moland\",\"isPartOf\":{\"@id\":\"https:\\\/\\\/www.sdmoland.com\\\/#website\"},\"primaryImageOfPage\":{\"@id\":\"https:\\\/\\\/www.sdmoland.com\\\/product\\\/mlwf120-200\\\/#primaryimage\"},\"image\":{\"@id\":\"https:\\\/\\\/www.sdmoland.com\\\/product\\\/mlwf120-200\\\/#primaryimage\"},\"thumbnailUrl\":\"https:\\\/\\\/www.sdmoland.com\\\/wp-content\\\/uploads\\\/2024\\\/11\\\/1.png\",\"datePublished\":\"2020-12-30T03:22:52+00:00\",\"dateModified\":\"2025-10-21T07:19:35+00:00\",\"breadcrumb\":{\"@id\":\"https:\\\/\\\/www.sdmoland.com\\\/product\\\/mlwf120-200\\\/#breadcrumb\"},\"inLanguage\":\"de\",\"potentialAction\":[{\"@type\":\"ReadAction\",\"target\":[\"https:\\\/\\\/www.sdmoland.com\\\/product\\\/mlwf120-200\\\/\"]}]},{\"@type\":\"ImageObject\",\"inLanguage\":\"de\",\"@id\":\"https:\\\/\\\/www.sdmoland.com\\\/product\\\/mlwf120-200\\\/#primaryimage\",\"url\":\"https:\\\/\\\/www.sdmoland.com\\\/wp-content\\\/uploads\\\/2024\\\/11\\\/1.png\",\"contentUrl\":\"https:\\\/\\\/www.sdmoland.com\\\/wp-content\\\/uploads\\\/2024\\\/11\\\/1.png\",\"width\":800,\"height\":800},{\"@type\":\"BreadcrumbList\",\"@id\":\"https:\\\/\\\/www.sdmoland.com\\\/product\\\/mlwf120-200\\\/#breadcrumb\",\"itemListElement\":[{\"@type\":\"ListItem\",\"position\":1,\"name\":\"Home\",\"item\":\"https:\\\/\\\/www.sdmoland.com\\\/\"},{\"@type\":\"ListItem\",\"position\":2,\"name\":\"Products\",\"item\":\"https:\\\/\\\/www.sdmoland.com\\\/product\\\/\"},{\"@type\":\"ListItem\",\"position\":3,\"name\":\"Mobile Fume Extractor\",\"item\":\"https:\\\/\\\/www.sdmoland.com\\\/products\\\/mobile-fume-extractor\\\/\"},{\"@type\":\"ListItem\",\"position\":4,\"name\":\"MLWF120\\\/200\"}]},{\"@type\":\"WebSite\",\"@id\":\"https:\\\/\\\/www.sdmoland.com\\\/#website\",\"url\":\"https:\\\/\\\/www.sdmoland.com\\\/\",\"name\":\"Moland\",\"description\":\"\",\"potentialAction\":[{\"@type\":\"SearchAction\",\"target\":{\"@type\":\"EntryPoint\",\"urlTemplate\":\"https:\\\/\\\/www.sdmoland.com\\\/?s={search_term_string}\"},\"query-input\":{\"@type\":\"PropertyValueSpecification\",\"valueRequired\":true,\"valueName\":\"search_term_string\"}}],\"inLanguage\":\"de\"}]}<\/script>\n<!-- \/ Yoast SEO plugin. -->","yoast_head_json":{"title":"MLWF120\/200 - Moland","robots":{"index":"index","follow":"follow","max-snippet":"max-snippet:-1","max-image-preview":"max-image-preview:large","max-video-preview":"max-video-preview:-1"},"canonical":"https:\/\/www.sdmoland.com\/de\/product\/mlwf120-200\/","og_locale":"de_DE","og_type":"article","og_title":"MLWF120\/200 - Moland","og_description":"The Mobile Fume Extractor features two directional and two rotary polyurethane casters with brakes for easy mobility and stability. It's designed for fume and dust purification from welding, grinding, and various processes, as well as for collecting rare metal particles and valuable materials.","og_url":"https:\/\/www.sdmoland.com\/de\/product\/mlwf120-200\/","og_site_name":"Moland","article_modified_time":"2025-10-21T07:19:35+00:00","og_image":[{"width":800,"height":800,"url":"https:\/\/www.sdmoland.com\/wp-content\/uploads\/2024\/11\/1.png","type":"image\/png"}],"twitter_card":"summary_large_image","twitter_misc":{"Gesch\u00e4tzte Lesezeit":"1\u00a0Minute"},"schema":{"@context":"https:\/\/schema.org","@graph":[{"@type":"WebPage","@id":"https:\/\/www.sdmoland.com\/product\/mlwf120-200\/","url":"https:\/\/www.sdmoland.com\/product\/mlwf120-200\/","name":"MLWF120\/200 - Moland","isPartOf":{"@id":"https:\/\/www.sdmoland.com\/#website"},"primaryImageOfPage":{"@id":"https:\/\/www.sdmoland.com\/product\/mlwf120-200\/#primaryimage"},"image":{"@id":"https:\/\/www.sdmoland.com\/product\/mlwf120-200\/#primaryimage"},"thumbnailUrl":"https:\/\/www.sdmoland.com\/wp-content\/uploads\/2024\/11\/1.png","datePublished":"2020-12-30T03:22:52+00:00","dateModified":"2025-10-21T07:19:35+00:00","breadcrumb":{"@id":"https:\/\/www.sdmoland.com\/product\/mlwf120-200\/#breadcrumb"},"inLanguage":"de","potentialAction":[{"@type":"ReadAction","target":["https:\/\/www.sdmoland.com\/product\/mlwf120-200\/"]}]},{"@type":"ImageObject","inLanguage":"de","@id":"https:\/\/www.sdmoland.com\/product\/mlwf120-200\/#primaryimage","url":"https:\/\/www.sdmoland.com\/wp-content\/uploads\/2024\/11\/1.png","contentUrl":"https:\/\/www.sdmoland.com\/wp-content\/uploads\/2024\/11\/1.png","width":800,"height":800},{"@type":"BreadcrumbList","@id":"https:\/\/www.sdmoland.com\/product\/mlwf120-200\/#breadcrumb","itemListElement":[{"@type":"ListItem","position":1,"name":"Home","item":"https:\/\/www.sdmoland.com\/"},{"@type":"ListItem","position":2,"name":"Products","item":"https:\/\/www.sdmoland.com\/product\/"},{"@type":"ListItem","position":3,"name":"Mobile Fume Extractor","item":"https:\/\/www.sdmoland.com\/products\/mobile-fume-extractor\/"},{"@type":"ListItem","position":4,"name":"MLWF120\/200"}]},{"@type":"WebSite","@id":"https:\/\/www.sdmoland.com\/#website","url":"https:\/\/www.sdmoland.com\/","name":"Moland","description":"","potentialAction":[{"@type":"SearchAction","target":{"@type":"EntryPoint","urlTemplate":"https:\/\/www.sdmoland.com\/?s={search_term_string}"},"query-input":{"@type":"PropertyValueSpecification","valueRequired":true,"valueName":"search_term_string"}}],"inLanguage":"de"}]}},"_links":{"self":[{"href":"https:\/\/www.sdmoland.com\/de\/wp-json\/wp\/v2\/product\/45","targetHints":{"allow":["GET"]}}],"collection":[{"href":"https:\/\/www.sdmoland.com\/de\/wp-json\/wp\/v2\/product"}],"about":[{"href":"https:\/\/www.sdmoland.com\/de\/wp-json\/wp\/v2\/types\/product"}],"wp:featuredmedia":[{"embeddable":true,"href":"https:\/\/www.sdmoland.com\/de\/wp-json\/wp\/v2\/media\/180"}],"wp:attachment":[{"href":"https:\/\/www.sdmoland.com\/de\/wp-json\/wp\/v2\/media?parent=45"}],"wp:term":[{"taxonomy":"products","embeddable":true,"href":"https:\/\/www.sdmoland.com\/de\/wp-json\/wp\/v2\/products?post=45"}],"curies":[{"name":"wp","href":"https:\/\/api.w.org\/{rel}","templated":true}]}}