{"id":368,"date":"2024-10-29T06:21:35","date_gmt":"2024-10-29T06:21:35","guid":{"rendered":"https:\/\/www.sdmoland.com\/?post_type=product&#038;p=368"},"modified":"2025-10-31T12:50:58","modified_gmt":"2025-10-31T12:50:58","slug":"grinding-dust-collector-%ef%bc%9amlwf4400","status":"publish","type":"product","link":"https:\/\/www.sdmoland.com\/de\/product\/grinding-dust-collector-%ef%bc%9amlwf4400\/","title":{"rendered":"MLWF4400"},"content":{"rendered":"","protected":false},"excerpt":{"rendered":"<p>Downdraft-Tische sind Arbeitsplatz- und Absaugger\u00e4te mit doppeltem Verwendungszweck, die f\u00fcr die Erfassung und Reinigung von Rauch und Staub an der Quelle konzipiert sind. Der leistungsstarke Absaugmotor bietet ein Luftvolumen von 3300CFM f\u00fcr die Absaugung von 20% und 80% mit R\u00fcckzug. Der Absaugtisch ist eine hervorragende L\u00f6sung zum Schwei\u00dfen, Schleifen, Plasmaschneiden usw. f\u00fcr kleine bis mittelgro\u00dfe Teile.<\/p>","protected":false},"featured_media":505,"template":"","meta":{"inline_featured_image":false},"products":[18,21],"class_list":["post-368","product","type-product","status-publish","has-post-thumbnail","hentry","products-grinding-dust-collector","products-downdraft-table"],"yoast_head":"<!-- This site is optimized with the Yoast SEO plugin v27.4 - https:\/\/yoast.com\/product\/yoast-seo-wordpress\/ -->\n<title>Grinding Dust Collector \uff1aMLWF4400<\/title>\n<meta name=\"description\" content=\"MLWF4400 Grinding Dust Collector: 2.2kw*2, 5600m\u00b3\/h. PTFE filter, 0.3\u03bcm. Auto pulse cleaning. Downdraft\/backdraft. For welding, etc.\" \/>\n<meta name=\"robots\" content=\"index, follow, max-snippet:-1, max-image-preview:large, max-video-preview:-1\" \/>\n<link rel=\"canonical\" href=\"https:\/\/www.sdmoland.com\/de\/product\/grinding-dust-collector-\uff1amlwf4400\/\" \/>\n<meta property=\"og:locale\" content=\"de_DE\" \/>\n<meta property=\"og:type\" content=\"article\" \/>\n<meta property=\"og:title\" content=\"Grinding Dust Collector \uff1aMLWF4400\" \/>\n<meta property=\"og:description\" content=\"MLWF4400 Grinding Dust Collector: 2.2kw*2, 5600m\u00b3\/h. PTFE filter, 0.3\u03bcm. Auto pulse cleaning. Downdraft\/backdraft. For welding, etc.\" \/>\n<meta property=\"og:url\" content=\"https:\/\/www.sdmoland.com\/de\/product\/grinding-dust-collector-\uff1amlwf4400\/\" \/>\n<meta property=\"og:site_name\" content=\"Moland\" \/>\n<meta property=\"article:modified_time\" content=\"2025-10-31T12:50:58+00:00\" \/>\n<meta property=\"og:image\" content=\"https:\/\/www.sdmoland.com\/wp-content\/uploads\/2024\/12\/1.png\" \/>\n\t<meta property=\"og:image:width\" content=\"800\" \/>\n\t<meta property=\"og:image:height\" content=\"800\" \/>\n\t<meta property=\"og:image:type\" content=\"image\/png\" \/>\n<meta name=\"twitter:card\" content=\"summary_large_image\" \/>\n<meta name=\"twitter:label1\" content=\"Gesch\u00e4tzte Lesezeit\" \/>\n\t<meta name=\"twitter:data1\" content=\"1\u00a0Minute\" \/>\n<script type=\"application\/ld+json\" class=\"yoast-schema-graph\">{\"@context\":\"https:\\\/\\\/schema.org\",\"@graph\":[{\"@type\":\"WebPage\",\"@id\":\"https:\\\/\\\/www.sdmoland.com\\\/product\\\/grinding-dust-collector-%ef%bc%9amlwf4400\\\/\",\"url\":\"https:\\\/\\\/www.sdmoland.com\\\/product\\\/grinding-dust-collector-%ef%bc%9amlwf4400\\\/\",\"name\":\"Grinding Dust Collector \uff1aMLWF4400\",\"isPartOf\":{\"@id\":\"https:\\\/\\\/www.sdmoland.com\\\/#website\"},\"primaryImageOfPage\":{\"@id\":\"https:\\\/\\\/www.sdmoland.com\\\/product\\\/grinding-dust-collector-%ef%bc%9amlwf4400\\\/#primaryimage\"},\"image\":{\"@id\":\"https:\\\/\\\/www.sdmoland.com\\\/product\\\/grinding-dust-collector-%ef%bc%9amlwf4400\\\/#primaryimage\"},\"thumbnailUrl\":\"https:\\\/\\\/www.sdmoland.com\\\/wp-content\\\/uploads\\\/2024\\\/12\\\/1.png\",\"datePublished\":\"2024-10-29T06:21:35+00:00\",\"dateModified\":\"2025-10-31T12:50:58+00:00\",\"description\":\"MLWF4400 Grinding Dust Collector: 2.2kw*2, 5600m\u00b3\\\/h. PTFE filter, 0.3\u03bcm. Auto pulse cleaning. Downdraft\\\/backdraft. For welding, etc.\",\"breadcrumb\":{\"@id\":\"https:\\\/\\\/www.sdmoland.com\\\/product\\\/grinding-dust-collector-%ef%bc%9amlwf4400\\\/#breadcrumb\"},\"inLanguage\":\"de\",\"potentialAction\":[{\"@type\":\"ReadAction\",\"target\":[\"https:\\\/\\\/www.sdmoland.com\\\/product\\\/grinding-dust-collector-%ef%bc%9amlwf4400\\\/\"]}]},{\"@type\":\"ImageObject\",\"inLanguage\":\"de\",\"@id\":\"https:\\\/\\\/www.sdmoland.com\\\/product\\\/grinding-dust-collector-%ef%bc%9amlwf4400\\\/#primaryimage\",\"url\":\"https:\\\/\\\/www.sdmoland.com\\\/wp-content\\\/uploads\\\/2024\\\/12\\\/1.png\",\"contentUrl\":\"https:\\\/\\\/www.sdmoland.com\\\/wp-content\\\/uploads\\\/2024\\\/12\\\/1.png\",\"width\":800,\"height\":800},{\"@type\":\"BreadcrumbList\",\"@id\":\"https:\\\/\\\/www.sdmoland.com\\\/product\\\/grinding-dust-collector-%ef%bc%9amlwf4400\\\/#breadcrumb\",\"itemListElement\":[{\"@type\":\"ListItem\",\"position\":1,\"name\":\"Home\",\"item\":\"https:\\\/\\\/www.sdmoland.com\\\/\"},{\"@type\":\"ListItem\",\"position\":2,\"name\":\"Products\",\"item\":\"https:\\\/\\\/www.sdmoland.com\\\/product\\\/\"},{\"@type\":\"ListItem\",\"position\":3,\"name\":\"Grinding Dust Collector\",\"item\":\"https:\\\/\\\/www.sdmoland.com\\\/products\\\/grinding-dust-collector\\\/\"},{\"@type\":\"ListItem\",\"position\":4,\"name\":\"Downdraft Table\",\"item\":\"https:\\\/\\\/www.sdmoland.com\\\/products\\\/downdraft-table\\\/\"},{\"@type\":\"ListItem\",\"position\":5,\"name\":\"MLWF4400\"}]},{\"@type\":\"WebSite\",\"@id\":\"https:\\\/\\\/www.sdmoland.com\\\/#website\",\"url\":\"https:\\\/\\\/www.sdmoland.com\\\/\",\"name\":\"Moland\",\"description\":\"\",\"potentialAction\":[{\"@type\":\"SearchAction\",\"target\":{\"@type\":\"EntryPoint\",\"urlTemplate\":\"https:\\\/\\\/www.sdmoland.com\\\/?s={search_term_string}\"},\"query-input\":{\"@type\":\"PropertyValueSpecification\",\"valueRequired\":true,\"valueName\":\"search_term_string\"}}],\"inLanguage\":\"de\"}]}<\/script>\n<!-- \/ Yoast SEO plugin. -->","yoast_head_json":{"title":"Grinding Dust Collector \uff1aMLWF4400","description":"MLWF4400 Grinding Dust Collector: 2.2kw*2, 5600m\u00b3\/h. PTFE filter, 0.3\u03bcm. Auto pulse cleaning. Downdraft\/backdraft. For welding, etc.","robots":{"index":"index","follow":"follow","max-snippet":"max-snippet:-1","max-image-preview":"max-image-preview:large","max-video-preview":"max-video-preview:-1"},"canonical":"https:\/\/www.sdmoland.com\/de\/product\/grinding-dust-collector-\uff1amlwf4400\/","og_locale":"de_DE","og_type":"article","og_title":"Grinding Dust Collector \uff1aMLWF4400","og_description":"MLWF4400 Grinding Dust Collector: 2.2kw*2, 5600m\u00b3\/h. PTFE filter, 0.3\u03bcm. Auto pulse cleaning. Downdraft\/backdraft. For welding, etc.","og_url":"https:\/\/www.sdmoland.com\/de\/product\/grinding-dust-collector-\uff1amlwf4400\/","og_site_name":"Moland","article_modified_time":"2025-10-31T12:50:58+00:00","og_image":[{"width":800,"height":800,"url":"https:\/\/www.sdmoland.com\/wp-content\/uploads\/2024\/12\/1.png","type":"image\/png"}],"twitter_card":"summary_large_image","twitter_misc":{"Gesch\u00e4tzte Lesezeit":"1\u00a0Minute"},"schema":{"@context":"https:\/\/schema.org","@graph":[{"@type":"WebPage","@id":"https:\/\/www.sdmoland.com\/product\/grinding-dust-collector-%ef%bc%9amlwf4400\/","url":"https:\/\/www.sdmoland.com\/product\/grinding-dust-collector-%ef%bc%9amlwf4400\/","name":"Grinding Dust Collector \uff1aMLWF4400","isPartOf":{"@id":"https:\/\/www.sdmoland.com\/#website"},"primaryImageOfPage":{"@id":"https:\/\/www.sdmoland.com\/product\/grinding-dust-collector-%ef%bc%9amlwf4400\/#primaryimage"},"image":{"@id":"https:\/\/www.sdmoland.com\/product\/grinding-dust-collector-%ef%bc%9amlwf4400\/#primaryimage"},"thumbnailUrl":"https:\/\/www.sdmoland.com\/wp-content\/uploads\/2024\/12\/1.png","datePublished":"2024-10-29T06:21:35+00:00","dateModified":"2025-10-31T12:50:58+00:00","description":"MLWF4400 Grinding Dust Collector: 2.2kw*2, 5600m\u00b3\/h. PTFE filter, 0.3\u03bcm. Auto pulse cleaning. Downdraft\/backdraft. For welding, etc.","breadcrumb":{"@id":"https:\/\/www.sdmoland.com\/product\/grinding-dust-collector-%ef%bc%9amlwf4400\/#breadcrumb"},"inLanguage":"de","potentialAction":[{"@type":"ReadAction","target":["https:\/\/www.sdmoland.com\/product\/grinding-dust-collector-%ef%bc%9amlwf4400\/"]}]},{"@type":"ImageObject","inLanguage":"de","@id":"https:\/\/www.sdmoland.com\/product\/grinding-dust-collector-%ef%bc%9amlwf4400\/#primaryimage","url":"https:\/\/www.sdmoland.com\/wp-content\/uploads\/2024\/12\/1.png","contentUrl":"https:\/\/www.sdmoland.com\/wp-content\/uploads\/2024\/12\/1.png","width":800,"height":800},{"@type":"BreadcrumbList","@id":"https:\/\/www.sdmoland.com\/product\/grinding-dust-collector-%ef%bc%9amlwf4400\/#breadcrumb","itemListElement":[{"@type":"ListItem","position":1,"name":"Home","item":"https:\/\/www.sdmoland.com\/"},{"@type":"ListItem","position":2,"name":"Products","item":"https:\/\/www.sdmoland.com\/product\/"},{"@type":"ListItem","position":3,"name":"Grinding Dust Collector","item":"https:\/\/www.sdmoland.com\/products\/grinding-dust-collector\/"},{"@type":"ListItem","position":4,"name":"Downdraft Table","item":"https:\/\/www.sdmoland.com\/products\/downdraft-table\/"},{"@type":"ListItem","position":5,"name":"MLWF4400"}]},{"@type":"WebSite","@id":"https:\/\/www.sdmoland.com\/#website","url":"https:\/\/www.sdmoland.com\/","name":"Moland","description":"","potentialAction":[{"@type":"SearchAction","target":{"@type":"EntryPoint","urlTemplate":"https:\/\/www.sdmoland.com\/?s={search_term_string}"},"query-input":{"@type":"PropertyValueSpecification","valueRequired":true,"valueName":"search_term_string"}}],"inLanguage":"de"}]}},"_links":{"self":[{"href":"https:\/\/www.sdmoland.com\/de\/wp-json\/wp\/v2\/product\/368","targetHints":{"allow":["GET"]}}],"collection":[{"href":"https:\/\/www.sdmoland.com\/de\/wp-json\/wp\/v2\/product"}],"about":[{"href":"https:\/\/www.sdmoland.com\/de\/wp-json\/wp\/v2\/types\/product"}],"wp:featuredmedia":[{"embeddable":true,"href":"https:\/\/www.sdmoland.com\/de\/wp-json\/wp\/v2\/media\/505"}],"wp:attachment":[{"href":"https:\/\/www.sdmoland.com\/de\/wp-json\/wp\/v2\/media?parent=368"}],"wp:term":[{"taxonomy":"products","embeddable":true,"href":"https:\/\/www.sdmoland.com\/de\/wp-json\/wp\/v2\/products?post=368"}],"curies":[{"name":"wp","href":"https:\/\/api.w.org\/{rel}","templated":true}]}}