{"id":363,"date":"2024-12-29T05:52:00","date_gmt":"2024-12-29T05:52:00","guid":{"rendered":"https:\/\/www.sdmoland.com\/?post_type=product&#038;p=363"},"modified":"2025-10-31T12:41:28","modified_gmt":"2025-10-31T12:41:28","slug":"dust-collector-mlwf180-380-480","status":"publish","type":"product","link":"https:\/\/www.sdmoland.com\/de\/product\/dust-collector-mlwf180-380-480\/","title":{"rendered":"MLWF180\/380\/480"},"content":{"rendered":"","protected":false},"excerpt":{"rendered":"<p>Die industriellen Downdraft- und Backdraft-Tische l\u00f6sen die Probleme der Luftverschmutzung am Arbeitsplatz und tragen dazu bei, die OSHA-Norm zu erf\u00fcllen oder zu \u00fcbertreffen, indem sie das Risiko der Exposition gegen\u00fcber sch\u00e4dlichen Stoffen verringern und die verschmutzte Luft aus den Atembereichen abziehen. <\/p>","protected":false},"featured_media":365,"template":"","meta":{"inline_featured_image":false},"products":[18,21],"class_list":["post-363","product","type-product","status-publish","has-post-thumbnail","hentry","products-grinding-dust-collector","products-downdraft-table"],"yoast_head":"<!-- This site is optimized with the Yoast SEO plugin v27.4 - https:\/\/yoast.com\/product\/yoast-seo-wordpress\/ -->\n<title>Dust Collector :MLWF180\/380\/480<\/title>\n<meta name=\"description\" content=\"MLWF180\/380\/480 Dust Collector: 1.5\/3\/4.4kw, 1800\/3600\/5000m\u00b3\/h. 0.3\u03bcm filtration. Auto cleaning. Strong extraction. For workplace dust\" \/>\n<meta name=\"robots\" content=\"index, follow, max-snippet:-1, max-image-preview:large, max-video-preview:-1\" \/>\n<link rel=\"canonical\" href=\"https:\/\/www.sdmoland.com\/de\/product\/dust-collector-mlwf180-380-480\/\" \/>\n<meta property=\"og:locale\" content=\"de_DE\" \/>\n<meta property=\"og:type\" content=\"article\" \/>\n<meta property=\"og:title\" content=\"Dust Collector :MLWF180\/380\/480\" \/>\n<meta property=\"og:description\" content=\"MLWF180\/380\/480 Dust Collector: 1.5\/3\/4.4kw, 1800\/3600\/5000m\u00b3\/h. 0.3\u03bcm filtration. Auto cleaning. Strong extraction. For workplace dust\" \/>\n<meta property=\"og:url\" content=\"https:\/\/www.sdmoland.com\/de\/product\/dust-collector-mlwf180-380-480\/\" \/>\n<meta property=\"og:site_name\" content=\"Moland\" \/>\n<meta property=\"article:modified_time\" content=\"2025-10-31T12:41:28+00:00\" \/>\n<meta property=\"og:image\" content=\"https:\/\/www.sdmoland.com\/wp-content\/uploads\/2024\/11\/380-1.png\" \/>\n\t<meta property=\"og:image:width\" content=\"800\" \/>\n\t<meta property=\"og:image:height\" content=\"800\" \/>\n\t<meta property=\"og:image:type\" content=\"image\/png\" \/>\n<meta name=\"twitter:card\" content=\"summary_large_image\" \/>\n<meta name=\"twitter:label1\" content=\"Gesch\u00e4tzte Lesezeit\" \/>\n\t<meta name=\"twitter:data1\" content=\"1\u00a0Minute\" \/>\n<script type=\"application\/ld+json\" class=\"yoast-schema-graph\">{\"@context\":\"https:\\\/\\\/schema.org\",\"@graph\":[{\"@type\":\"WebPage\",\"@id\":\"https:\\\/\\\/www.sdmoland.com\\\/product\\\/dust-collector-mlwf180-380-480\\\/\",\"url\":\"https:\\\/\\\/www.sdmoland.com\\\/product\\\/dust-collector-mlwf180-380-480\\\/\",\"name\":\"Dust Collector :MLWF180\\\/380\\\/480\",\"isPartOf\":{\"@id\":\"https:\\\/\\\/www.sdmoland.com\\\/#website\"},\"primaryImageOfPage\":{\"@id\":\"https:\\\/\\\/www.sdmoland.com\\\/product\\\/dust-collector-mlwf180-380-480\\\/#primaryimage\"},\"image\":{\"@id\":\"https:\\\/\\\/www.sdmoland.com\\\/product\\\/dust-collector-mlwf180-380-480\\\/#primaryimage\"},\"thumbnailUrl\":\"https:\\\/\\\/www.sdmoland.com\\\/wp-content\\\/uploads\\\/2024\\\/11\\\/380-1.png\",\"datePublished\":\"2024-12-29T05:52:00+00:00\",\"dateModified\":\"2025-10-31T12:41:28+00:00\",\"description\":\"MLWF180\\\/380\\\/480 Dust Collector: 1.5\\\/3\\\/4.4kw, 1800\\\/3600\\\/5000m\u00b3\\\/h. 0.3\u03bcm filtration. Auto cleaning. Strong extraction. For workplace dust\",\"breadcrumb\":{\"@id\":\"https:\\\/\\\/www.sdmoland.com\\\/product\\\/dust-collector-mlwf180-380-480\\\/#breadcrumb\"},\"inLanguage\":\"de\",\"potentialAction\":[{\"@type\":\"ReadAction\",\"target\":[\"https:\\\/\\\/www.sdmoland.com\\\/product\\\/dust-collector-mlwf180-380-480\\\/\"]}]},{\"@type\":\"ImageObject\",\"inLanguage\":\"de\",\"@id\":\"https:\\\/\\\/www.sdmoland.com\\\/product\\\/dust-collector-mlwf180-380-480\\\/#primaryimage\",\"url\":\"https:\\\/\\\/www.sdmoland.com\\\/wp-content\\\/uploads\\\/2024\\\/11\\\/380-1.png\",\"contentUrl\":\"https:\\\/\\\/www.sdmoland.com\\\/wp-content\\\/uploads\\\/2024\\\/11\\\/380-1.png\",\"width\":800,\"height\":800},{\"@type\":\"BreadcrumbList\",\"@id\":\"https:\\\/\\\/www.sdmoland.com\\\/product\\\/dust-collector-mlwf180-380-480\\\/#breadcrumb\",\"itemListElement\":[{\"@type\":\"ListItem\",\"position\":1,\"name\":\"Home\",\"item\":\"https:\\\/\\\/www.sdmoland.com\\\/\"},{\"@type\":\"ListItem\",\"position\":2,\"name\":\"Products\",\"item\":\"https:\\\/\\\/www.sdmoland.com\\\/product\\\/\"},{\"@type\":\"ListItem\",\"position\":3,\"name\":\"Grinding Dust Collector\",\"item\":\"https:\\\/\\\/www.sdmoland.com\\\/products\\\/grinding-dust-collector\\\/\"},{\"@type\":\"ListItem\",\"position\":4,\"name\":\"Downdraft Table\",\"item\":\"https:\\\/\\\/www.sdmoland.com\\\/products\\\/downdraft-table\\\/\"},{\"@type\":\"ListItem\",\"position\":5,\"name\":\"MLWF180\\\/380\\\/480\"}]},{\"@type\":\"WebSite\",\"@id\":\"https:\\\/\\\/www.sdmoland.com\\\/#website\",\"url\":\"https:\\\/\\\/www.sdmoland.com\\\/\",\"name\":\"Moland\",\"description\":\"\",\"potentialAction\":[{\"@type\":\"SearchAction\",\"target\":{\"@type\":\"EntryPoint\",\"urlTemplate\":\"https:\\\/\\\/www.sdmoland.com\\\/?s={search_term_string}\"},\"query-input\":{\"@type\":\"PropertyValueSpecification\",\"valueRequired\":true,\"valueName\":\"search_term_string\"}}],\"inLanguage\":\"de\"}]}<\/script>\n<!-- \/ Yoast SEO plugin. -->","yoast_head_json":{"title":"Dust Collector :MLWF180\/380\/480","description":"MLWF180\/380\/480 Dust Collector: 1.5\/3\/4.4kw, 1800\/3600\/5000m\u00b3\/h. 0.3\u03bcm filtration. Auto cleaning. Strong extraction. For workplace dust","robots":{"index":"index","follow":"follow","max-snippet":"max-snippet:-1","max-image-preview":"max-image-preview:large","max-video-preview":"max-video-preview:-1"},"canonical":"https:\/\/www.sdmoland.com\/de\/product\/dust-collector-mlwf180-380-480\/","og_locale":"de_DE","og_type":"article","og_title":"Dust Collector :MLWF180\/380\/480","og_description":"MLWF180\/380\/480 Dust Collector: 1.5\/3\/4.4kw, 1800\/3600\/5000m\u00b3\/h. 0.3\u03bcm filtration. Auto cleaning. Strong extraction. For workplace dust","og_url":"https:\/\/www.sdmoland.com\/de\/product\/dust-collector-mlwf180-380-480\/","og_site_name":"Moland","article_modified_time":"2025-10-31T12:41:28+00:00","og_image":[{"url":"https:\/\/www.sdmoland.com\/wp-content\/uploads\/2024\/11\/380-1.png","width":800,"height":800,"type":"image\/png"}],"twitter_card":"summary_large_image","twitter_misc":{"Gesch\u00e4tzte Lesezeit":"1\u00a0Minute"},"schema":{"@context":"https:\/\/schema.org","@graph":[{"@type":"WebPage","@id":"https:\/\/www.sdmoland.com\/product\/dust-collector-mlwf180-380-480\/","url":"https:\/\/www.sdmoland.com\/product\/dust-collector-mlwf180-380-480\/","name":"Dust Collector :MLWF180\/380\/480","isPartOf":{"@id":"https:\/\/www.sdmoland.com\/#website"},"primaryImageOfPage":{"@id":"https:\/\/www.sdmoland.com\/product\/dust-collector-mlwf180-380-480\/#primaryimage"},"image":{"@id":"https:\/\/www.sdmoland.com\/product\/dust-collector-mlwf180-380-480\/#primaryimage"},"thumbnailUrl":"https:\/\/www.sdmoland.com\/wp-content\/uploads\/2024\/11\/380-1.png","datePublished":"2024-12-29T05:52:00+00:00","dateModified":"2025-10-31T12:41:28+00:00","description":"MLWF180\/380\/480 Dust Collector: 1.5\/3\/4.4kw, 1800\/3600\/5000m\u00b3\/h. 0.3\u03bcm filtration. Auto cleaning. Strong extraction. For workplace dust","breadcrumb":{"@id":"https:\/\/www.sdmoland.com\/product\/dust-collector-mlwf180-380-480\/#breadcrumb"},"inLanguage":"de","potentialAction":[{"@type":"ReadAction","target":["https:\/\/www.sdmoland.com\/product\/dust-collector-mlwf180-380-480\/"]}]},{"@type":"ImageObject","inLanguage":"de","@id":"https:\/\/www.sdmoland.com\/product\/dust-collector-mlwf180-380-480\/#primaryimage","url":"https:\/\/www.sdmoland.com\/wp-content\/uploads\/2024\/11\/380-1.png","contentUrl":"https:\/\/www.sdmoland.com\/wp-content\/uploads\/2024\/11\/380-1.png","width":800,"height":800},{"@type":"BreadcrumbList","@id":"https:\/\/www.sdmoland.com\/product\/dust-collector-mlwf180-380-480\/#breadcrumb","itemListElement":[{"@type":"ListItem","position":1,"name":"Home","item":"https:\/\/www.sdmoland.com\/"},{"@type":"ListItem","position":2,"name":"Products","item":"https:\/\/www.sdmoland.com\/product\/"},{"@type":"ListItem","position":3,"name":"Grinding Dust Collector","item":"https:\/\/www.sdmoland.com\/products\/grinding-dust-collector\/"},{"@type":"ListItem","position":4,"name":"Downdraft Table","item":"https:\/\/www.sdmoland.com\/products\/downdraft-table\/"},{"@type":"ListItem","position":5,"name":"MLWF180\/380\/480"}]},{"@type":"WebSite","@id":"https:\/\/www.sdmoland.com\/#website","url":"https:\/\/www.sdmoland.com\/","name":"Moland","description":"","potentialAction":[{"@type":"SearchAction","target":{"@type":"EntryPoint","urlTemplate":"https:\/\/www.sdmoland.com\/?s={search_term_string}"},"query-input":{"@type":"PropertyValueSpecification","valueRequired":true,"valueName":"search_term_string"}}],"inLanguage":"de"}]}},"_links":{"self":[{"href":"https:\/\/www.sdmoland.com\/de\/wp-json\/wp\/v2\/product\/363","targetHints":{"allow":["GET"]}}],"collection":[{"href":"https:\/\/www.sdmoland.com\/de\/wp-json\/wp\/v2\/product"}],"about":[{"href":"https:\/\/www.sdmoland.com\/de\/wp-json\/wp\/v2\/types\/product"}],"wp:featuredmedia":[{"embeddable":true,"href":"https:\/\/www.sdmoland.com\/de\/wp-json\/wp\/v2\/media\/365"}],"wp:attachment":[{"href":"https:\/\/www.sdmoland.com\/de\/wp-json\/wp\/v2\/media?parent=363"}],"wp:term":[{"taxonomy":"products","embeddable":true,"href":"https:\/\/www.sdmoland.com\/de\/wp-json\/wp\/v2\/products?post=363"}],"curies":[{"name":"wp","href":"https:\/\/api.w.org\/{rel}","templated":true}]}}