{"id":256,"date":"2020-12-12T07:09:40","date_gmt":"2020-12-12T07:09:40","guid":{"rendered":"https:\/\/www.sdmoland.com\/?post_type=product&#038;p=256"},"modified":"2025-10-31T13:03:16","modified_gmt":"2025-10-31T13:03:16","slug":"mobile-fume-extractormlwf300-350d","status":"publish","type":"product","link":"https:\/\/www.sdmoland.com\/de\/product\/mobile-fume-extractormlwf300-350d\/","title":{"rendered":"MLWF300\/350D"},"content":{"rendered":"","protected":false},"excerpt":{"rendered":"<p>Der mobile Dunstabzug verf\u00fcgt \u00fcber zwei Richtungs- und zwei Drehrollen aus Polyurethan mit Bremsen f\u00fcr einfache Mobilit\u00e4t und Stabilit\u00e4t. Er ist f\u00fcr die Reinigung von Rauch und Staub beim Schwei\u00dfen, Schleifen und bei verschiedenen Prozessen sowie f\u00fcr das Auffangen von seltenen Metallpartikeln und wertvollen Materialien konzipiert.<\/p>","protected":false},"featured_media":257,"template":"","meta":{"inline_featured_image":false},"products":[2],"class_list":["post-256","product","type-product","status-publish","has-post-thumbnail","hentry","products-mobile-fume-extractor"],"yoast_head":"<!-- This site is optimized with the Yoast SEO plugin v27.4 - https:\/\/yoast.com\/product\/yoast-seo-wordpress\/ -->\n<title>Mobile Fume Extractor:MLWF300\/350D<\/title>\n<meta name=\"description\" content=\"MLWF300\/350D Mobile Fume Extractor: 1.1KW\u00d72\/1.5KW*2, 1500-4000m\u00b3\/h. 0.3\u03bcm. \u0424160mm arm. Spark Arrestor. For welding, grinding etc.\" \/>\n<meta name=\"robots\" content=\"index, follow, max-snippet:-1, max-image-preview:large, max-video-preview:-1\" \/>\n<link rel=\"canonical\" href=\"https:\/\/www.sdmoland.com\/de\/product\/mobile-fume-extractormlwf300-350d\/\" \/>\n<meta property=\"og:locale\" content=\"de_DE\" \/>\n<meta property=\"og:type\" content=\"article\" \/>\n<meta property=\"og:title\" content=\"Mobile Fume Extractor:MLWF300\/350D\" \/>\n<meta property=\"og:description\" content=\"MLWF300\/350D Mobile Fume Extractor: 1.1KW\u00d72\/1.5KW*2, 1500-4000m\u00b3\/h. 0.3\u03bcm. \u0424160mm arm. Spark Arrestor. For welding, grinding etc.\" \/>\n<meta property=\"og:url\" content=\"https:\/\/www.sdmoland.com\/de\/product\/mobile-fume-extractormlwf300-350d\/\" \/>\n<meta property=\"og:site_name\" content=\"Moland\" \/>\n<meta property=\"article:modified_time\" content=\"2025-10-31T13:03:16+00:00\" \/>\n<meta property=\"og:image\" content=\"https:\/\/www.sdmoland.com\/wp-content\/uploads\/2024\/11\/300.png\" \/>\n\t<meta property=\"og:image:width\" content=\"800\" \/>\n\t<meta property=\"og:image:height\" content=\"800\" \/>\n\t<meta property=\"og:image:type\" content=\"image\/png\" \/>\n<meta name=\"twitter:card\" content=\"summary_large_image\" \/>\n<meta name=\"twitter:label1\" content=\"Gesch\u00e4tzte Lesezeit\" \/>\n\t<meta name=\"twitter:data1\" content=\"1\u00a0Minute\" \/>\n<script type=\"application\/ld+json\" class=\"yoast-schema-graph\">{\"@context\":\"https:\\\/\\\/schema.org\",\"@graph\":[{\"@type\":\"WebPage\",\"@id\":\"https:\\\/\\\/www.sdmoland.com\\\/product\\\/mobile-fume-extractormlwf300-350d\\\/\",\"url\":\"https:\\\/\\\/www.sdmoland.com\\\/product\\\/mobile-fume-extractormlwf300-350d\\\/\",\"name\":\"Mobile Fume Extractor:MLWF300\\\/350D\",\"isPartOf\":{\"@id\":\"https:\\\/\\\/www.sdmoland.com\\\/#website\"},\"primaryImageOfPage\":{\"@id\":\"https:\\\/\\\/www.sdmoland.com\\\/product\\\/mobile-fume-extractormlwf300-350d\\\/#primaryimage\"},\"image\":{\"@id\":\"https:\\\/\\\/www.sdmoland.com\\\/product\\\/mobile-fume-extractormlwf300-350d\\\/#primaryimage\"},\"thumbnailUrl\":\"https:\\\/\\\/www.sdmoland.com\\\/wp-content\\\/uploads\\\/2024\\\/11\\\/300.png\",\"datePublished\":\"2020-12-12T07:09:40+00:00\",\"dateModified\":\"2025-10-31T13:03:16+00:00\",\"description\":\"MLWF300\\\/350D Mobile Fume Extractor: 1.1KW\u00d72\\\/1.5KW*2, 1500-4000m\u00b3\\\/h. 0.3\u03bcm. \u0424160mm arm. Spark Arrestor. For welding, grinding etc.\",\"breadcrumb\":{\"@id\":\"https:\\\/\\\/www.sdmoland.com\\\/product\\\/mobile-fume-extractormlwf300-350d\\\/#breadcrumb\"},\"inLanguage\":\"de\",\"potentialAction\":[{\"@type\":\"ReadAction\",\"target\":[\"https:\\\/\\\/www.sdmoland.com\\\/product\\\/mobile-fume-extractormlwf300-350d\\\/\"]}]},{\"@type\":\"ImageObject\",\"inLanguage\":\"de\",\"@id\":\"https:\\\/\\\/www.sdmoland.com\\\/product\\\/mobile-fume-extractormlwf300-350d\\\/#primaryimage\",\"url\":\"https:\\\/\\\/www.sdmoland.com\\\/wp-content\\\/uploads\\\/2024\\\/11\\\/300.png\",\"contentUrl\":\"https:\\\/\\\/www.sdmoland.com\\\/wp-content\\\/uploads\\\/2024\\\/11\\\/300.png\",\"width\":800,\"height\":800},{\"@type\":\"BreadcrumbList\",\"@id\":\"https:\\\/\\\/www.sdmoland.com\\\/product\\\/mobile-fume-extractormlwf300-350d\\\/#breadcrumb\",\"itemListElement\":[{\"@type\":\"ListItem\",\"position\":1,\"name\":\"Home\",\"item\":\"https:\\\/\\\/www.sdmoland.com\\\/\"},{\"@type\":\"ListItem\",\"position\":2,\"name\":\"Products\",\"item\":\"https:\\\/\\\/www.sdmoland.com\\\/product\\\/\"},{\"@type\":\"ListItem\",\"position\":3,\"name\":\"Mobile Fume Extractor\",\"item\":\"https:\\\/\\\/www.sdmoland.com\\\/products\\\/mobile-fume-extractor\\\/\"},{\"@type\":\"ListItem\",\"position\":4,\"name\":\"MLWF300\\\/350D\"}]},{\"@type\":\"WebSite\",\"@id\":\"https:\\\/\\\/www.sdmoland.com\\\/#website\",\"url\":\"https:\\\/\\\/www.sdmoland.com\\\/\",\"name\":\"Moland\",\"description\":\"\",\"potentialAction\":[{\"@type\":\"SearchAction\",\"target\":{\"@type\":\"EntryPoint\",\"urlTemplate\":\"https:\\\/\\\/www.sdmoland.com\\\/?s={search_term_string}\"},\"query-input\":{\"@type\":\"PropertyValueSpecification\",\"valueRequired\":true,\"valueName\":\"search_term_string\"}}],\"inLanguage\":\"de\"}]}<\/script>\n<!-- \/ Yoast SEO plugin. -->","yoast_head_json":{"title":"Mobile Fume Extractor:MLWF300\/350D","description":"MLWF300\/350D Mobiler Dunstabzug: 1,1KW\u00d72\/1,5KW*2, 1500-4000m\u00b3\/h. 0,3\u03bcm. \u0424160mm Arm. Funkenf\u00e4nger. F\u00fcr Schwei\u00dfen, Schleifen usw.","robots":{"index":"index","follow":"follow","max-snippet":"max-snippet:-1","max-image-preview":"max-image-preview:large","max-video-preview":"max-video-preview:-1"},"canonical":"https:\/\/www.sdmoland.com\/de\/product\/mobile-fume-extractormlwf300-350d\/","og_locale":"de_DE","og_type":"article","og_title":"Mobile Fume Extractor:MLWF300\/350D","og_description":"MLWF300\/350D Mobile Fume Extractor: 1.1KW\u00d72\/1.5KW*2, 1500-4000m\u00b3\/h. 0.3\u03bcm. \u0424160mm arm. Spark Arrestor. For welding, grinding etc.","og_url":"https:\/\/www.sdmoland.com\/de\/product\/mobile-fume-extractormlwf300-350d\/","og_site_name":"Moland","article_modified_time":"2025-10-31T13:03:16+00:00","og_image":[{"width":800,"height":800,"url":"https:\/\/www.sdmoland.com\/wp-content\/uploads\/2024\/11\/300.png","type":"image\/png"}],"twitter_card":"summary_large_image","twitter_misc":{"Gesch\u00e4tzte Lesezeit":"1\u00a0Minute"},"schema":{"@context":"https:\/\/schema.org","@graph":[{"@type":"WebPage","@id":"https:\/\/www.sdmoland.com\/product\/mobile-fume-extractormlwf300-350d\/","url":"https:\/\/www.sdmoland.com\/product\/mobile-fume-extractormlwf300-350d\/","name":"Mobile Fume Extractor:MLWF300\/350D","isPartOf":{"@id":"https:\/\/www.sdmoland.com\/#website"},"primaryImageOfPage":{"@id":"https:\/\/www.sdmoland.com\/product\/mobile-fume-extractormlwf300-350d\/#primaryimage"},"image":{"@id":"https:\/\/www.sdmoland.com\/product\/mobile-fume-extractormlwf300-350d\/#primaryimage"},"thumbnailUrl":"https:\/\/www.sdmoland.com\/wp-content\/uploads\/2024\/11\/300.png","datePublished":"2020-12-12T07:09:40+00:00","dateModified":"2025-10-31T13:03:16+00:00","description":"MLWF300\/350D Mobiler Dunstabzug: 1,1KW\u00d72\/1,5KW*2, 1500-4000m\u00b3\/h. 0,3\u03bcm. \u0424160mm Arm. Funkenf\u00e4nger. F\u00fcr Schwei\u00dfen, Schleifen usw.","breadcrumb":{"@id":"https:\/\/www.sdmoland.com\/product\/mobile-fume-extractormlwf300-350d\/#breadcrumb"},"inLanguage":"de","potentialAction":[{"@type":"ReadAction","target":["https:\/\/www.sdmoland.com\/product\/mobile-fume-extractormlwf300-350d\/"]}]},{"@type":"ImageObject","inLanguage":"de","@id":"https:\/\/www.sdmoland.com\/product\/mobile-fume-extractormlwf300-350d\/#primaryimage","url":"https:\/\/www.sdmoland.com\/wp-content\/uploads\/2024\/11\/300.png","contentUrl":"https:\/\/www.sdmoland.com\/wp-content\/uploads\/2024\/11\/300.png","width":800,"height":800},{"@type":"BreadcrumbList","@id":"https:\/\/www.sdmoland.com\/product\/mobile-fume-extractormlwf300-350d\/#breadcrumb","itemListElement":[{"@type":"ListItem","position":1,"name":"Home","item":"https:\/\/www.sdmoland.com\/"},{"@type":"ListItem","position":2,"name":"Products","item":"https:\/\/www.sdmoland.com\/product\/"},{"@type":"ListItem","position":3,"name":"Mobile Fume Extractor","item":"https:\/\/www.sdmoland.com\/products\/mobile-fume-extractor\/"},{"@type":"ListItem","position":4,"name":"MLWF300\/350D"}]},{"@type":"WebSite","@id":"https:\/\/www.sdmoland.com\/#website","url":"https:\/\/www.sdmoland.com\/","name":"Moland","description":"","potentialAction":[{"@type":"SearchAction","target":{"@type":"EntryPoint","urlTemplate":"https:\/\/www.sdmoland.com\/?s={search_term_string}"},"query-input":{"@type":"PropertyValueSpecification","valueRequired":true,"valueName":"search_term_string"}}],"inLanguage":"de"}]}},"_links":{"self":[{"href":"https:\/\/www.sdmoland.com\/de\/wp-json\/wp\/v2\/product\/256","targetHints":{"allow":["GET"]}}],"collection":[{"href":"https:\/\/www.sdmoland.com\/de\/wp-json\/wp\/v2\/product"}],"about":[{"href":"https:\/\/www.sdmoland.com\/de\/wp-json\/wp\/v2\/types\/product"}],"wp:featuredmedia":[{"embeddable":true,"href":"https:\/\/www.sdmoland.com\/de\/wp-json\/wp\/v2\/media\/257"}],"wp:attachment":[{"href":"https:\/\/www.sdmoland.com\/de\/wp-json\/wp\/v2\/media?parent=256"}],"wp:term":[{"taxonomy":"products","embeddable":true,"href":"https:\/\/www.sdmoland.com\/de\/wp-json\/wp\/v2\/products?post=256"}],"curies":[{"name":"wp","href":"https:\/\/api.w.org\/{rel}","templated":true}]}}