{"id":209,"date":"2021-01-07T01:01:38","date_gmt":"2021-01-07T01:01:38","guid":{"rendered":"https:\/\/www.sdmoland.com\/?post_type=product&#038;p=209"},"modified":"2025-10-31T12:53:28","modified_gmt":"2025-10-31T12:53:28","slug":"mobile-fume-extractor%ef%bc%9amlwf50","status":"publish","type":"product","link":"https:\/\/www.sdmoland.com\/de\/product\/mobile-fume-extractor%ef%bc%9amlwf50\/","title":{"rendered":"MLWF50"},"content":{"rendered":"","protected":false},"excerpt":{"rendered":"<p>Dieses Produkt wurde entwickelt, um Rauch und Staub von leichten Schwei\u00df-, L\u00f6t- und Schleifarbeiten aufzufangen und zu reinigen. Im Betrieb wird die Luft in die D\u00fcse angesaugt, durch den Schlauch mit 40 mm Durchmesser geleitet, dann durch das Filtersystem des Luftreinigers gef\u00fchrt und schlie\u00dflich durch den seitlichen Auslass abgeleitet.<\/p>","protected":false},"featured_media":1138,"template":"","meta":{"inline_featured_image":false},"products":[2],"class_list":["post-209","product","type-product","status-publish","has-post-thumbnail","hentry","products-mobile-fume-extractor"],"yoast_head":"<!-- This site is optimized with the Yoast SEO plugin v27.4 - https:\/\/yoast.com\/product\/yoast-seo-wordpress\/ -->\n<title>Mobile Fume Extractor\uff1aMLWF50<\/title>\n<meta name=\"description\" content=\"MLWF50 Mobile Fume Extractor: 300w, 300m\u00b3\/h. 0.3\u03bcm. \u042458mm*2m hose. Spark trap, magnetic base. For light welding etc.\" \/>\n<meta name=\"robots\" content=\"index, follow, max-snippet:-1, max-image-preview:large, max-video-preview:-1\" \/>\n<link rel=\"canonical\" href=\"https:\/\/www.sdmoland.com\/de\/product\/mobile-fume-extractor\uff1amlwf50\/\" \/>\n<meta property=\"og:locale\" content=\"de_DE\" \/>\n<meta property=\"og:type\" content=\"article\" \/>\n<meta property=\"og:title\" content=\"Mobile Fume Extractor\uff1aMLWF50\" \/>\n<meta property=\"og:description\" content=\"MLWF50 Mobile Fume Extractor: 300w, 300m\u00b3\/h. 0.3\u03bcm. \u042458mm*2m hose. Spark trap, magnetic base. For light welding etc.\" \/>\n<meta property=\"og:url\" content=\"https:\/\/www.sdmoland.com\/de\/product\/mobile-fume-extractor\uff1amlwf50\/\" \/>\n<meta property=\"og:site_name\" content=\"Moland\" \/>\n<meta property=\"article:modified_time\" content=\"2025-10-31T12:53:28+00:00\" \/>\n<meta property=\"og:image\" content=\"https:\/\/www.sdmoland.com\/wp-content\/uploads\/2025\/01\/111-6.png\" \/>\n\t<meta property=\"og:image:width\" content=\"800\" \/>\n\t<meta property=\"og:image:height\" content=\"800\" \/>\n\t<meta property=\"og:image:type\" content=\"image\/png\" \/>\n<meta name=\"twitter:card\" content=\"summary_large_image\" \/>\n<meta name=\"twitter:label1\" content=\"Gesch\u00e4tzte Lesezeit\" \/>\n\t<meta name=\"twitter:data1\" content=\"1\u00a0Minute\" \/>\n<script type=\"application\/ld+json\" class=\"yoast-schema-graph\">{\"@context\":\"https:\\\/\\\/schema.org\",\"@graph\":[{\"@type\":\"WebPage\",\"@id\":\"https:\\\/\\\/www.sdmoland.com\\\/product\\\/mobile-fume-extractor%ef%bc%9amlwf50\\\/\",\"url\":\"https:\\\/\\\/www.sdmoland.com\\\/product\\\/mobile-fume-extractor%ef%bc%9amlwf50\\\/\",\"name\":\"Mobile Fume Extractor\uff1aMLWF50\",\"isPartOf\":{\"@id\":\"https:\\\/\\\/www.sdmoland.com\\\/#website\"},\"primaryImageOfPage\":{\"@id\":\"https:\\\/\\\/www.sdmoland.com\\\/product\\\/mobile-fume-extractor%ef%bc%9amlwf50\\\/#primaryimage\"},\"image\":{\"@id\":\"https:\\\/\\\/www.sdmoland.com\\\/product\\\/mobile-fume-extractor%ef%bc%9amlwf50\\\/#primaryimage\"},\"thumbnailUrl\":\"https:\\\/\\\/www.sdmoland.com\\\/wp-content\\\/uploads\\\/2025\\\/01\\\/111-6.png\",\"datePublished\":\"2021-01-07T01:01:38+00:00\",\"dateModified\":\"2025-10-31T12:53:28+00:00\",\"description\":\"MLWF50 Mobile Fume Extractor: 300w, 300m\u00b3\\\/h. 0.3\u03bcm. \u042458mm*2m hose. Spark trap, magnetic base. For light welding etc.\",\"breadcrumb\":{\"@id\":\"https:\\\/\\\/www.sdmoland.com\\\/product\\\/mobile-fume-extractor%ef%bc%9amlwf50\\\/#breadcrumb\"},\"inLanguage\":\"de\",\"potentialAction\":[{\"@type\":\"ReadAction\",\"target\":[\"https:\\\/\\\/www.sdmoland.com\\\/product\\\/mobile-fume-extractor%ef%bc%9amlwf50\\\/\"]}]},{\"@type\":\"ImageObject\",\"inLanguage\":\"de\",\"@id\":\"https:\\\/\\\/www.sdmoland.com\\\/product\\\/mobile-fume-extractor%ef%bc%9amlwf50\\\/#primaryimage\",\"url\":\"https:\\\/\\\/www.sdmoland.com\\\/wp-content\\\/uploads\\\/2025\\\/01\\\/111-6.png\",\"contentUrl\":\"https:\\\/\\\/www.sdmoland.com\\\/wp-content\\\/uploads\\\/2025\\\/01\\\/111-6.png\",\"width\":800,\"height\":800},{\"@type\":\"BreadcrumbList\",\"@id\":\"https:\\\/\\\/www.sdmoland.com\\\/product\\\/mobile-fume-extractor%ef%bc%9amlwf50\\\/#breadcrumb\",\"itemListElement\":[{\"@type\":\"ListItem\",\"position\":1,\"name\":\"Home\",\"item\":\"https:\\\/\\\/www.sdmoland.com\\\/\"},{\"@type\":\"ListItem\",\"position\":2,\"name\":\"Products\",\"item\":\"https:\\\/\\\/www.sdmoland.com\\\/product\\\/\"},{\"@type\":\"ListItem\",\"position\":3,\"name\":\"Mobile Fume Extractor\",\"item\":\"https:\\\/\\\/www.sdmoland.com\\\/products\\\/mobile-fume-extractor\\\/\"},{\"@type\":\"ListItem\",\"position\":4,\"name\":\"MLWF50\"}]},{\"@type\":\"WebSite\",\"@id\":\"https:\\\/\\\/www.sdmoland.com\\\/#website\",\"url\":\"https:\\\/\\\/www.sdmoland.com\\\/\",\"name\":\"Moland\",\"description\":\"\",\"potentialAction\":[{\"@type\":\"SearchAction\",\"target\":{\"@type\":\"EntryPoint\",\"urlTemplate\":\"https:\\\/\\\/www.sdmoland.com\\\/?s={search_term_string}\"},\"query-input\":{\"@type\":\"PropertyValueSpecification\",\"valueRequired\":true,\"valueName\":\"search_term_string\"}}],\"inLanguage\":\"de\"}]}<\/script>\n<!-- \/ Yoast SEO plugin. -->","yoast_head_json":{"title":"Mobile Fume Extractor\uff1aMLWF50","description":"MLWF50 Mobiler Rauchgasabzug: 300w, 300m\u00b3\/h. 0,3\u03bcm. \u042458mm*2m Schlauch. Funkenfalle, Magnetfu\u00df. F\u00fcr leichte Schwei\u00dfarbeiten usw.","robots":{"index":"index","follow":"follow","max-snippet":"max-snippet:-1","max-image-preview":"max-image-preview:large","max-video-preview":"max-video-preview:-1"},"canonical":"https:\/\/www.sdmoland.com\/de\/product\/mobile-fume-extractor\uff1amlwf50\/","og_locale":"de_DE","og_type":"article","og_title":"Mobile Fume Extractor\uff1aMLWF50","og_description":"MLWF50 Mobile Fume Extractor: 300w, 300m\u00b3\/h. 0.3\u03bcm. \u042458mm*2m hose. Spark trap, magnetic base. For light welding etc.","og_url":"https:\/\/www.sdmoland.com\/de\/product\/mobile-fume-extractor\uff1amlwf50\/","og_site_name":"Moland","article_modified_time":"2025-10-31T12:53:28+00:00","og_image":[{"width":800,"height":800,"url":"https:\/\/www.sdmoland.com\/wp-content\/uploads\/2025\/01\/111-6.png","type":"image\/png"}],"twitter_card":"summary_large_image","twitter_misc":{"Gesch\u00e4tzte Lesezeit":"1\u00a0Minute"},"schema":{"@context":"https:\/\/schema.org","@graph":[{"@type":"WebPage","@id":"https:\/\/www.sdmoland.com\/product\/mobile-fume-extractor%ef%bc%9amlwf50\/","url":"https:\/\/www.sdmoland.com\/product\/mobile-fume-extractor%ef%bc%9amlwf50\/","name":"Mobile Fume Extractor\uff1aMLWF50","isPartOf":{"@id":"https:\/\/www.sdmoland.com\/#website"},"primaryImageOfPage":{"@id":"https:\/\/www.sdmoland.com\/product\/mobile-fume-extractor%ef%bc%9amlwf50\/#primaryimage"},"image":{"@id":"https:\/\/www.sdmoland.com\/product\/mobile-fume-extractor%ef%bc%9amlwf50\/#primaryimage"},"thumbnailUrl":"https:\/\/www.sdmoland.com\/wp-content\/uploads\/2025\/01\/111-6.png","datePublished":"2021-01-07T01:01:38+00:00","dateModified":"2025-10-31T12:53:28+00:00","description":"MLWF50 Mobiler Rauchgasabzug: 300w, 300m\u00b3\/h. 0,3\u03bcm. \u042458mm*2m Schlauch. Funkenfalle, Magnetfu\u00df. F\u00fcr leichte Schwei\u00dfarbeiten usw.","breadcrumb":{"@id":"https:\/\/www.sdmoland.com\/product\/mobile-fume-extractor%ef%bc%9amlwf50\/#breadcrumb"},"inLanguage":"de","potentialAction":[{"@type":"ReadAction","target":["https:\/\/www.sdmoland.com\/product\/mobile-fume-extractor%ef%bc%9amlwf50\/"]}]},{"@type":"ImageObject","inLanguage":"de","@id":"https:\/\/www.sdmoland.com\/product\/mobile-fume-extractor%ef%bc%9amlwf50\/#primaryimage","url":"https:\/\/www.sdmoland.com\/wp-content\/uploads\/2025\/01\/111-6.png","contentUrl":"https:\/\/www.sdmoland.com\/wp-content\/uploads\/2025\/01\/111-6.png","width":800,"height":800},{"@type":"BreadcrumbList","@id":"https:\/\/www.sdmoland.com\/product\/mobile-fume-extractor%ef%bc%9amlwf50\/#breadcrumb","itemListElement":[{"@type":"ListItem","position":1,"name":"Home","item":"https:\/\/www.sdmoland.com\/"},{"@type":"ListItem","position":2,"name":"Products","item":"https:\/\/www.sdmoland.com\/product\/"},{"@type":"ListItem","position":3,"name":"Mobile Fume Extractor","item":"https:\/\/www.sdmoland.com\/products\/mobile-fume-extractor\/"},{"@type":"ListItem","position":4,"name":"MLWF50"}]},{"@type":"WebSite","@id":"https:\/\/www.sdmoland.com\/#website","url":"https:\/\/www.sdmoland.com\/","name":"Moland","description":"","potentialAction":[{"@type":"SearchAction","target":{"@type":"EntryPoint","urlTemplate":"https:\/\/www.sdmoland.com\/?s={search_term_string}"},"query-input":{"@type":"PropertyValueSpecification","valueRequired":true,"valueName":"search_term_string"}}],"inLanguage":"de"}]}},"_links":{"self":[{"href":"https:\/\/www.sdmoland.com\/de\/wp-json\/wp\/v2\/product\/209","targetHints":{"allow":["GET"]}}],"collection":[{"href":"https:\/\/www.sdmoland.com\/de\/wp-json\/wp\/v2\/product"}],"about":[{"href":"https:\/\/www.sdmoland.com\/de\/wp-json\/wp\/v2\/types\/product"}],"wp:featuredmedia":[{"embeddable":true,"href":"https:\/\/www.sdmoland.com\/de\/wp-json\/wp\/v2\/media\/1138"}],"wp:attachment":[{"href":"https:\/\/www.sdmoland.com\/de\/wp-json\/wp\/v2\/media?parent=209"}],"wp:term":[{"taxonomy":"products","embeddable":true,"href":"https:\/\/www.sdmoland.com\/de\/wp-json\/wp\/v2\/products?post=209"}],"curies":[{"name":"wp","href":"https:\/\/api.w.org\/{rel}","templated":true}]}}